{"id":4021,"date":"2025-02-19T10:39:41","date_gmt":"2025-02-19T10:39:41","guid":{"rendered":"https:\/\/easydem.com\/kontakt\/"},"modified":"2025-02-19T10:39:41","modified_gmt":"2025-02-19T10:39:41","slug":"kontakt","status":"publish","type":"page","link":"https:\/\/easydem.com\/de\/kontakt\/","title":{"rendered":"Kontakt"},"content":{"rendered":"<div id='layer_slider_1'  class='avia-layerslider main_color avia-shadow  avia-builder-el-0  el_before_av_two_third  avia-builder-el-first  container_wrap fullsize'  style='height: 301px;'  ><\/div><div id='after_layer_slider_1'  class='main_color av_default_container_wrap container_wrap fullsize'  ><div class='container av-section-cont-open' ><div class='template-page content  av-content-full alpha units'><div class='post-entry post-entry-type-page post-entry-4021'><div class='entry-content-wrapper clearfix'>\n\n<style type=\"text\/css\" data-created_by=\"avia_inline_auto\" id=\"style-css-av-cy1vf-05fe456c061b5ce77d485afb6679da18\">\n.flex_column.av-cy1vf-05fe456c061b5ce77d485afb6679da18{\nborder-radius:0px 0px 0px 0px;\npadding:0px 0px 0px 0px;\n}\n<\/style>\n<div  class='flex_column av-cy1vf-05fe456c061b5ce77d485afb6679da18 av_two_third  avia-builder-el-1  el_after_av_layerslider  el_before_av_one_third  avia-builder-el-first  first flex_column_div av-animated-generic bottom-to-top av-zero-column-padding  '     ><p>\n<style type=\"text\/css\" data-created_by=\"avia_inline_auto\" id=\"style-css-av-qj3z-62ba2f653a9172765e8fd730a66e11bc\">\n#top .av-special-heading.av-qj3z-62ba2f653a9172765e8fd730a66e11bc{\npadding-bottom:0;\n}\nbody .av-special-heading.av-qj3z-62ba2f653a9172765e8fd730a66e11bc .av-special-heading-tag .heading-char{\nfont-size:25px;\n}\n.av-special-heading.av-qj3z-62ba2f653a9172765e8fd730a66e11bc .av-subheading{\nfont-size:15px;\n}\n<\/style>\n<div  class='av-special-heading av-qj3z-62ba2f653a9172765e8fd730a66e11bc av-special-heading-h1 blockquote modern-quote  avia-builder-el-2  el_before_av_hr  avia-builder-el-first '><h1 class='av-special-heading-tag '  itemprop=\"headline\"  >Kontakt<\/h1><div class=\"special-heading-border\"><div class=\"special-heading-inner-border\"><\/div><\/div><\/div><br \/>\n\n<style type=\"text\/css\" data-created_by=\"avia_inline_auto\" id=\"style-css-av-bloa7-af09bebed44ff103c78919ae3e9861f2\">\n#top .hr.av-bloa7-af09bebed44ff103c78919ae3e9861f2{\nmargin-top:20px;\nmargin-bottom:20px;\n}\n.hr.av-bloa7-af09bebed44ff103c78919ae3e9861f2 .hr-inner{\nwidth:50px;\nborder-color:#ea6239;\n}\n<\/style>\n<div  class='hr av-bloa7-af09bebed44ff103c78919ae3e9861f2 hr-custom  avia-builder-el-3  el_after_av_heading  el_before_av_contact  hr-left hr-icon-no'><span class='hr-inner inner-border-av-border-fat'><span class=\"hr-inner-style\"><\/span><\/span><\/div><br \/>\n<form action=\"https:\/\/easydem.com\/de\/kontakt\/\" method=\"post\" data-fields-with-error=\"Fehler wurden in folgenden Feld(ern) gefunden:\" class=\"avia_ajax_form av-form-labels-visible   avia-builder-el-4  el_after_av_hr  el_before_av_icon_box   \" data-avia-form-id=\"1\" data-avia-redirect='' ><fieldset><p class='  first_form  form_element form_element_half' id='element_avia_1_1'><label for=\"avia_1_1\">Name <abbr class=\"required\" title=\"ben\u00f6tigt\">*<\/abbr><\/label> <input name=\"avia_1_1\" class=\"text_input is_empty\" type=\"text\" id=\"avia_1_1\" value=\"\" \/><\/p><p class='  form_element form_element_half' id='element_avia_2_1'><label for=\"avia_2_1\">Vorname<\/label> <input name=\"avia_2_1\" class=\"text_input \" type=\"text\" id=\"avia_2_1\" value=\"\" \/><\/p><p class='  first_form  form_element form_element_half' id='element_avia_3_1'><label for=\"avia_3_1\">E-Mail <abbr class=\"required\" title=\"ben\u00f6tigt\">*<\/abbr><\/label> <input name=\"avia_3_1\" class=\"text_input is_email\" type=\"text\" id=\"avia_3_1\" value=\"\" \/><\/p><p class='  form_element form_element_half' id='element_avia_4_1'><label for=\"avia_4_1\">Thema<\/label> <input name=\"avia_4_1\" class=\"text_input \" type=\"text\" id=\"avia_4_1\" value=\"\" \/><\/p><p class='  first_form  form_element form_fullwidth' id='element_avia_5_1'><label for=\"avia_5_1\" class=\"textare_label hidden textare_label_avia_5_1\">Nachricht <abbr class=\"required\" title=\"ben\u00f6tigt\">*<\/abbr><\/label><textarea  name=\"avia_5_1\" class=\"text_area is_empty\" cols=\"40\" rows=\"7\" id=\"avia_5_1\" ><\/textarea><\/p><p class=\"hidden\"><input type=\"text\" name=\"avia_6_1\" class=\"hidden \" id=\"avia_6_1\" value=\"\" \/><\/p><div id='avia_7_1' class='av-recaptcha-area  first_form  form_element form_fullwidth '  data-container_class=\"\" data-custom_class=\"\" data-context=\"av_contact_form\" data-token_input=\"av_recaptcha_token\" data-version=\"avia_recaptcha_v3\" data-theme=\"light\" data-size=\"normal\" data-score=\"0.5\" data-text_to_preview=\"\" data-value=\"\"><div class=\"av-google-badge-message hidden\">Diese Seite wird durch reCAPTCHA gesch\u00fctzt und es gelten die Google <a href=\"https:\/\/policies.google.com\/privacy\">Datenschutzerkl\u00e4rungen<\/a> und <a href=\"https:\/\/policies.google.com\/terms\">Nutzungsbedingungen<\/a><\/div><\/div><p class=\"form_element \"><input type=\"hidden\" value=\"1\" name=\"avia_generated_form1\" \/><input type=\"submit\" value=\"Senden Sie\" class=\"button\"  data-sending-label=\"Sende\"\/><\/p><\/fieldset><div class=\"avia-disabled-form\">Dieses Kontaktformular ist momentan deaktiviert, da Sie den Google reCAPTCHA-Service noch nicht akzeptiert haben. Dieser ist f\u00fcr die Validierung des Sendevorgangs jedoch notwendig<\/div><\/form><div id=\"ajaxresponse_1\" class=\"ajaxresponse ajaxresponse_1 hidden\"><\/div><br \/>\n<article  class='iconbox iconbox_left av-7i4bn-43c5ba46d062dea99432f2d8f55d3b10  avia-builder-el-5  el_after_av_contact  avia-builder-el-last '  itemscope=\"itemscope\" itemtype=\"https:\/\/schema.org\/CreativeWork\" ><div class=\"iconbox_content\"><header class=\"entry-content-header\" aria-label=\"Icon: Anfrage f\u00fcr ein Angebot\"><div class='iconbox_icon heading-color avia-iconfont avia-font-entypo-fontello' data-av_icon='\ue81e' data-av_iconfont='entypo-fontello'  ><\/div><h3 class='iconbox_content_title '  itemprop=\"headline\" >Anfrage f\u00fcr ein Angebot<\/h3><\/header><div class='iconbox_content_container '  itemprop=\"text\" ><p>Wenn Sie ein Angebot f\u00fcr einen Umzug anfordern m\u00f6chten, <a href=\"https:\/\/easydem.com\/devis-demenagement\/\">klicken Sie bitte hier<\/a>.<\/p>\n<\/div><\/div><footer class=\"entry-footer\"><\/footer><\/article><\/p><\/div>\n\n<style type=\"text\/css\" data-created_by=\"avia_inline_auto\" id=\"style-css-av-6w77b-780193c3645ec11fae3a9dbd2eda74f6\">\n.flex_column.av-6w77b-780193c3645ec11fae3a9dbd2eda74f6{\nborder-radius:0px 0px 0px 0px;\npadding:0px 0px 0px 0px;\n}\n<\/style>\n<div  class='flex_column av-6w77b-780193c3645ec11fae3a9dbd2eda74f6 av_one_third  avia-builder-el-6  el_after_av_two_third  avia-builder-el-last  flex_column_div av-animated-generic bottom-to-top av-zero-column-padding  '     ><p>\n<style type=\"text\/css\" data-created_by=\"avia_inline_auto\" id=\"style-css-av-2b0fz-739a9c57b6421708d3cf5626e37f6a9e\">\n#top .av-special-heading.av-2b0fz-739a9c57b6421708d3cf5626e37f6a9e{\npadding-bottom:0;\ncolor:#ea6239;\n}\nbody .av-special-heading.av-2b0fz-739a9c57b6421708d3cf5626e37f6a9e .av-special-heading-tag .heading-char{\nfont-size:25px;\n}\n.av-special-heading.av-2b0fz-739a9c57b6421708d3cf5626e37f6a9e .special-heading-inner-border{\nborder-color:#ea6239;\n}\n.av-special-heading.av-2b0fz-739a9c57b6421708d3cf5626e37f6a9e .av-subheading{\nfont-size:15px;\n}\n<\/style>\n<div  class='av-special-heading av-2b0fz-739a9c57b6421708d3cf5626e37f6a9e av-special-heading-h2 custom-color-heading blockquote modern-quote  avia-builder-el-7  el_before_av_textblock  avia-builder-el-first '><h2 class='av-special-heading-tag '  itemprop=\"headline\"  >Adresse<\/h2><div class=\"special-heading-border\"><div class=\"special-heading-inner-border\"><\/div><\/div><\/div><br \/>\n<section  class='av_textblock_section av-5maqf-e901ec4dcadb3b9b930ea9ff0c7035a2 '   itemscope=\"itemscope\" itemtype=\"https:\/\/schema.org\/CreativeWork\" ><div class='avia_textblock'  itemprop=\"text\" ><p>404, route du Mandement<br \/>\nLa Plaine<br \/>\nPostfach 128<br \/>\nCH 1242 Satigny<\/p>\n<\/div><\/section><br \/>\n\n<style type=\"text\/css\" data-created_by=\"avia_inline_auto\" id=\"style-css-av-58srz-110d11c6df15b9b2f3433afe4db8ae69\">\n#top .hr.av-58srz-110d11c6df15b9b2f3433afe4db8ae69{\nmargin-top:20px;\nmargin-bottom:20px;\n}\n.hr.av-58srz-110d11c6df15b9b2f3433afe4db8ae69 .hr-inner{\nwidth:50px;\nborder-color:#ea6239;\n}\n<\/style>\n<div  class='hr av-58srz-110d11c6df15b9b2f3433afe4db8ae69 hr-custom  avia-builder-el-9  el_after_av_textblock  el_before_av_heading  hr-left hr-icon-no'><span class='hr-inner inner-border-av-border-fat'><span class=\"hr-inner-style\"><\/span><\/span><\/div><br \/>\n\n<style type=\"text\/css\" data-created_by=\"avia_inline_auto\" id=\"style-css-av-1qi0n-6e86fe355df56ae67d2dd879d8f42d5b\">\n#top .av-special-heading.av-1qi0n-6e86fe355df56ae67d2dd879d8f42d5b{\npadding-bottom:0;\ncolor:#ea6239;\n}\nbody .av-special-heading.av-1qi0n-6e86fe355df56ae67d2dd879d8f42d5b .av-special-heading-tag .heading-char{\nfont-size:25px;\n}\n.av-special-heading.av-1qi0n-6e86fe355df56ae67d2dd879d8f42d5b .special-heading-inner-border{\nborder-color:#ea6239;\n}\n.av-special-heading.av-1qi0n-6e86fe355df56ae67d2dd879d8f42d5b .av-subheading{\nfont-size:15px;\n}\n<\/style>\n<div  class='av-special-heading av-1qi0n-6e86fe355df56ae67d2dd879d8f42d5b av-special-heading-h2 custom-color-heading blockquote modern-quote  avia-builder-el-10  el_after_av_hr  el_before_av_textblock '><h2 class='av-special-heading-tag '  itemprop=\"headline\"  >Kontakt<\/h2><div class=\"special-heading-border\"><div class=\"special-heading-inner-border\"><\/div><\/div><\/div><br \/>\n<section  class='av_textblock_section av-43plz-f63700c8552661d20e7b775780f2e7e0 '   itemscope=\"itemscope\" itemtype=\"https:\/\/schema.org\/CreativeWork\" ><div class='avia_textblock'  itemprop=\"text\" ><p>Tel.: 0041 (0) 22 754 03 41<br \/>\nEmail: <a href=\"mailto:contact@easydem.com?subject=\">info@easydem.com<\/a><\/p>\n<p><a href=\"https:\/\/www.facebook.com\/share\/1L33FzfS2M\/\"><img loading=\"lazy\" decoding=\"async\" src=\"https:\/\/easydem.com\/wp-content\/uploads\/2025\/01\/Capture-decran-2025-01-25-161813.png\" alt=\"\" width=\"41\" height=\"37\" class=\"alignnone wp-image-3768\"><\/a>    <a href=\"https:\/\/www.instagram.com\/swiss.movers.hub\/\"><img loading=\"lazy\" decoding=\"async\" src=\"https:\/\/easydem.com\/wp-content\/uploads\/2025\/01\/Capture-decran-2025-01-25-161544.png\" alt=\"\" width=\"31\" height=\"29\" class=\"alignnone wp-image-3767\"><\/a>     <a href=\"https:\/\/www.linkedin.com\/company\/easydem.com\/?viewAsMember=true\"><img loading=\"lazy\" decoding=\"async\" src=\"https:\/\/easydem.com\/wp-content\/uploads\/2025\/01\/Capture-decran-2025-01-25-162023-300x218.png\" alt=\"\" width=\"56\" height=\"40\" class=\"alignnone wp-image-3771\" srcset=\"https:\/\/easydem.com\/wp-content\/uploads\/2025\/01\/Capture-decran-2025-01-25-162023-300x218.png 300w, https:\/\/easydem.com\/wp-content\/uploads\/2025\/01\/Capture-decran-2025-01-25-162023-260x185.png 260w, https:\/\/easydem.com\/wp-content\/uploads\/2025\/01\/Capture-decran-2025-01-25-162023.png 347w\" sizes=\"auto, (max-width: 56px) 100vw, 56px\" \/>   <\/a><\/p>\n<p><a href=\"https:\/\/mastodon.social\/@easydem\"><img loading=\"lazy\" decoding=\"async\" src=\"https:\/\/easydem.com\/wp-content\/uploads\/2025\/02\/Capture-decran-2025-02-05-150422-284x300.png\" alt=\"\" width=\"32\" height=\"34\" class=\"alignnone wp-image-3813\" srcset=\"https:\/\/easydem.com\/wp-content\/uploads\/2025\/02\/Capture-decran-2025-02-05-150422-284x300.png 284w, https:\/\/easydem.com\/wp-content\/uploads\/2025\/02\/Capture-decran-2025-02-05-150422.png 477w\" sizes=\"auto, (max-width: 32px) 100vw, 32px\" \/>  <\/a><a href=\"https:\/\/x.com\/easydemSuisse?t=ssE0PV8Mvg20fO5UYbmtgQ&amp;s=09\"> <img loading=\"lazy\" decoding=\"async\" src=\"https:\/\/easydem.com\/wp-content\/uploads\/2025\/02\/Capture-decran-2025-02-05-150536.png\" alt=\"\" width=\"30\" height=\"29\" class=\"alignnone wp-image-3814\" srcset=\"https:\/\/easydem.com\/wp-content\/uploads\/2025\/02\/Capture-decran-2025-02-05-150536.png 187w, https:\/\/easydem.com\/wp-content\/uploads\/2025\/02\/Capture-decran-2025-02-05-150536-80x80.png 80w, https:\/\/easydem.com\/wp-content\/uploads\/2025\/02\/Capture-decran-2025-02-05-150536-36x36.png 36w, https:\/\/easydem.com\/wp-content\/uploads\/2025\/02\/Capture-decran-2025-02-05-150536-180x180.png 180w\" sizes=\"auto, (max-width: 30px) 100vw, 30px\" \/>  <\/a><a href=\"https:\/\/bsky.app\/profile\/easydemsuisse.bsky.social\"> <img loading=\"lazy\" decoding=\"async\" src=\"https:\/\/easydem.com\/wp-content\/uploads\/2025\/02\/Capture-decran-2025-02-05-150500-300x85.png\" alt=\"\" width=\"116\" height=\"33\" class=\"alignnone wp-image-3815\" srcset=\"https:\/\/easydem.com\/wp-content\/uploads\/2025\/02\/Capture-decran-2025-02-05-150500-300x85.png 300w, https:\/\/easydem.com\/wp-content\/uploads\/2025\/02\/Capture-decran-2025-02-05-150500-495x142.png 495w, https:\/\/easydem.com\/wp-content\/uploads\/2025\/02\/Capture-decran-2025-02-05-150500.png 502w\" sizes=\"auto, (max-width: 116px) 100vw, 116px\" \/><\/a><\/p>\n<\/div><\/section><br \/>\n\n<style type=\"text\/css\" data-created_by=\"avia_inline_auto\" id=\"style-css-av-3j9yn-45076580aac9002d0fd2af28202fb834\">\n#top .hr.av-3j9yn-45076580aac9002d0fd2af28202fb834{\nmargin-top:20px;\nmargin-bottom:20px;\n}\n.hr.av-3j9yn-45076580aac9002d0fd2af28202fb834 .hr-inner{\nwidth:50px;\nborder-color:#ea6239;\n}\n<\/style>\n<div  class='hr av-3j9yn-45076580aac9002d0fd2af28202fb834 hr-custom  avia-builder-el-12  el_after_av_textblock  el_before_av_heading  hr-left hr-icon-no'><span class='hr-inner inner-border-av-border-fat'><span class=\"hr-inner-style\"><\/span><\/span><\/div><br \/>\n\n<style type=\"text\/css\" data-created_by=\"avia_inline_auto\" id=\"style-css-av-vgt7-165dfe9e598c4f978980de2731044033\">\n#top .av-special-heading.av-vgt7-165dfe9e598c4f978980de2731044033{\npadding-bottom:0;\ncolor:#ea6239;\n}\nbody .av-special-heading.av-vgt7-165dfe9e598c4f978980de2731044033 .av-special-heading-tag .heading-char{\nfont-size:25px;\n}\n.av-special-heading.av-vgt7-165dfe9e598c4f978980de2731044033 .special-heading-inner-border{\nborder-color:#ea6239;\n}\n.av-special-heading.av-vgt7-165dfe9e598c4f978980de2731044033 .av-subheading{\nfont-size:15px;\n}\n<\/style>\n<div  class='av-special-heading av-vgt7-165dfe9e598c4f978980de2731044033 av-special-heading-h2 custom-color-heading blockquote modern-quote  avia-builder-el-13  el_after_av_hr  el_before_av_textblock '><h2 class='av-special-heading-tag '  itemprop=\"headline\"  >\u00d6ffnungszeiten<\/h2><div class=\"special-heading-border\"><div class=\"special-heading-inner-border\"><\/div><\/div><\/div><br \/>\n<section  class='av_textblock_section av-21okb-ad855cfec9e8bb9c5c230eaf12a7a7dc '   itemscope=\"itemscope\" itemtype=\"https:\/\/schema.org\/CreativeWork\" ><div class='avia_textblock'  itemprop=\"text\" ><p>7\/7 Tage<br \/>\n8:00-22:00 Uhr<\/p>\n<\/div><\/section><br \/>\n\n<style type=\"text\/css\" data-created_by=\"avia_inline_auto\" id=\"style-css-av-193s7-4dbc5fc7f99fc4e1c86aac6573dac67a\">\n#top .hr.hr-invisible.av-193s7-4dbc5fc7f99fc4e1c86aac6573dac67a{\nheight:50px;\n}\n<\/style>\n<div  class='hr av-193s7-4dbc5fc7f99fc4e1c86aac6573dac67a hr-invisible  avia-builder-el-15  el_after_av_textblock  el_before_av_textblock '><span class='hr-inner '><span class=\"hr-inner-style\"><\/span><\/span><\/div><br \/>\n<section  class='av_textblock_section av-10tk3-194e92af7e617cf50cd2f3551b695a7a '   itemscope=\"itemscope\" itemtype=\"https:\/\/schema.org\/CreativeWork\" ><div class='avia_textblock'  itemprop=\"text\" ><p><strong><img loading=\"lazy\" decoding=\"async\" class=\"alignnone size-medium wp-image-11\" src=\"https:\/\/easydem.com\/wp-content\/uploads\/2017\/05\/easydem-300x77.png\" alt=\"\" width=\"300\" height=\"77\" srcset=\"https:\/\/easydem.com\/wp-content\/uploads\/2017\/05\/easydem-300x77.png 300w, https:\/\/easydem.com\/wp-content\/uploads\/2017\/05\/easydem.png 356w\" sizes=\"auto, (max-width: 300px) 100vw, 300px\" \/><\/strong><\/p>\n<\/div><\/section><\/p><\/div>\n","protected":false},"excerpt":{"rendered":"","protected":false},"author":1,"featured_media":0,"parent":0,"menu_order":0,"comment_status":"closed","ping_status":"closed","template":"","meta":{"footnotes":""},"class_list":["post-4021","page","type-page","status-publish","hentry"],"yoast_head":"<!-- This site is optimized with the Yoast SEO plugin v27.4 - https:\/\/yoast.com\/product\/yoast-seo-wordpress\/ -->\n<title>Kontakt - Easydem D\u00e9m\u00e9nagement<\/title>\n<meta name=\"description\" content=\"Kontakt - Easydem D\u00e9m\u00e9nagement\" \/>\n<meta name=\"robots\" content=\"index, follow, max-snippet:-1, max-image-preview:large, max-video-preview:-1\" \/>\n<link rel=\"canonical\" href=\"https:\/\/easydem.com\/de\/kontakt\/\" \/>\n<meta property=\"og:locale\" content=\"de_DE\" \/>\n<meta property=\"og:type\" content=\"article\" \/>\n<meta property=\"og:title\" content=\"Kontakt - Easydem D\u00e9m\u00e9nagement\" \/>\n<meta property=\"og:description\" content=\"Kontakt - Easydem D\u00e9m\u00e9nagement\" \/>\n<meta property=\"og:url\" content=\"https:\/\/easydem.com\/de\/kontakt\/\" \/>\n<meta property=\"og:site_name\" content=\"Easydem\" \/>\n<meta property=\"og:image\" content=\"https:\/\/easydem.com\/wp-content\/uploads\/2025\/01\/Capture-decran-2025-01-25-161813.png\" \/>\n<meta name=\"twitter:card\" content=\"summary_large_image\" \/>\n<meta name=\"twitter:label1\" content=\"Gesch\u00e4tzte Lesezeit\" \/>\n\t<meta name=\"twitter:data1\" content=\"6\u00a0Minuten\" \/>\n<script type=\"application\/ld+json\" class=\"yoast-schema-graph\">{\"@context\":\"https:\\\/\\\/schema.org\",\"@graph\":[{\"@type\":\"WebPage\",\"@id\":\"https:\\\/\\\/easydem.com\\\/de\\\/kontakt\\\/\",\"url\":\"https:\\\/\\\/easydem.com\\\/de\\\/kontakt\\\/\",\"name\":\"Kontakt - Easydem D\u00e9m\u00e9nagement\",\"isPartOf\":{\"@id\":\"https:\\\/\\\/easydem.com\\\/de\\\/#website\"},\"primaryImageOfPage\":{\"@id\":\"https:\\\/\\\/easydem.com\\\/de\\\/kontakt\\\/#primaryimage\"},\"image\":{\"@id\":\"https:\\\/\\\/easydem.com\\\/de\\\/kontakt\\\/#primaryimage\"},\"thumbnailUrl\":\"https:\\\/\\\/easydem.com\\\/wp-content\\\/uploads\\\/2025\\\/01\\\/Capture-decran-2025-01-25-161813.png\",\"datePublished\":\"2025-02-19T10:39:41+00:00\",\"description\":\"Kontakt - Easydem D\u00e9m\u00e9nagement\",\"breadcrumb\":{\"@id\":\"https:\\\/\\\/easydem.com\\\/de\\\/kontakt\\\/#breadcrumb\"},\"inLanguage\":\"de\",\"potentialAction\":[{\"@type\":\"ReadAction\",\"target\":[\"https:\\\/\\\/easydem.com\\\/de\\\/kontakt\\\/\"]}]},{\"@type\":\"ImageObject\",\"inLanguage\":\"de\",\"@id\":\"https:\\\/\\\/easydem.com\\\/de\\\/kontakt\\\/#primaryimage\",\"url\":\"https:\\\/\\\/easydem.com\\\/wp-content\\\/uploads\\\/2025\\\/01\\\/Capture-decran-2025-01-25-161813.png\",\"contentUrl\":\"https:\\\/\\\/easydem.com\\\/wp-content\\\/uploads\\\/2025\\\/01\\\/Capture-decran-2025-01-25-161813.png\"},{\"@type\":\"BreadcrumbList\",\"@id\":\"https:\\\/\\\/easydem.com\\\/de\\\/kontakt\\\/#breadcrumb\",\"itemListElement\":[{\"@type\":\"ListItem\",\"position\":1,\"name\":\"Accueil\",\"item\":\"https:\\\/\\\/easydem.com\\\/de\\\/\"},{\"@type\":\"ListItem\",\"position\":2,\"name\":\"Kontakt\"}]},{\"@type\":\"WebSite\",\"@id\":\"https:\\\/\\\/easydem.com\\\/de\\\/#website\",\"url\":\"https:\\\/\\\/easydem.com\\\/de\\\/\",\"name\":\"Easydem\",\"description\":\"D\u00e9m\u00e9nagement\",\"publisher\":{\"@id\":\"https:\\\/\\\/easydem.com\\\/de\\\/#organization\"},\"potentialAction\":[{\"@type\":\"SearchAction\",\"target\":{\"@type\":\"EntryPoint\",\"urlTemplate\":\"https:\\\/\\\/easydem.com\\\/de\\\/?s={search_term_string}\"},\"query-input\":{\"@type\":\"PropertyValueSpecification\",\"valueRequired\":true,\"valueName\":\"search_term_string\"}}],\"inLanguage\":\"de\"},{\"@type\":\"Organization\",\"@id\":\"https:\\\/\\\/easydem.com\\\/de\\\/#organization\",\"name\":\"Easydem\",\"url\":\"https:\\\/\\\/easydem.com\\\/de\\\/\",\"logo\":{\"@type\":\"ImageObject\",\"inLanguage\":\"de\",\"@id\":\"https:\\\/\\\/easydem.com\\\/de\\\/#\\\/schema\\\/logo\\\/image\\\/\",\"url\":\"https:\\\/\\\/easydem.com\\\/wp-content\\\/uploads\\\/2017\\\/05\\\/easydem.png\",\"contentUrl\":\"https:\\\/\\\/easydem.com\\\/wp-content\\\/uploads\\\/2017\\\/05\\\/easydem.png\",\"width\":356,\"height\":91,\"caption\":\"Easydem\"},\"image\":{\"@id\":\"https:\\\/\\\/easydem.com\\\/de\\\/#\\\/schema\\\/logo\\\/image\\\/\"}}]}<\/script>\n<!-- \/ Yoast SEO plugin. -->","yoast_head_json":{"title":"Kontakt - Easydem D\u00e9m\u00e9nagement","description":"Kontakt - Easydem D\u00e9m\u00e9nagement","robots":{"index":"index","follow":"follow","max-snippet":"max-snippet:-1","max-image-preview":"max-image-preview:large","max-video-preview":"max-video-preview:-1"},"canonical":"https:\/\/easydem.com\/de\/kontakt\/","og_locale":"de_DE","og_type":"article","og_title":"Kontakt - Easydem D\u00e9m\u00e9nagement","og_description":"Kontakt - Easydem D\u00e9m\u00e9nagement","og_url":"https:\/\/easydem.com\/de\/kontakt\/","og_site_name":"Easydem","og_image":[{"url":"https:\/\/easydem.com\/wp-content\/uploads\/2025\/01\/Capture-decran-2025-01-25-161813.png","type":"","width":"","height":""}],"twitter_card":"summary_large_image","twitter_misc":{"Gesch\u00e4tzte Lesezeit":"6\u00a0Minuten"},"schema":{"@context":"https:\/\/schema.org","@graph":[{"@type":"WebPage","@id":"https:\/\/easydem.com\/de\/kontakt\/","url":"https:\/\/easydem.com\/de\/kontakt\/","name":"Kontakt - Easydem D\u00e9m\u00e9nagement","isPartOf":{"@id":"https:\/\/easydem.com\/de\/#website"},"primaryImageOfPage":{"@id":"https:\/\/easydem.com\/de\/kontakt\/#primaryimage"},"image":{"@id":"https:\/\/easydem.com\/de\/kontakt\/#primaryimage"},"thumbnailUrl":"https:\/\/easydem.com\/wp-content\/uploads\/2025\/01\/Capture-decran-2025-01-25-161813.png","datePublished":"2025-02-19T10:39:41+00:00","description":"Kontakt - Easydem D\u00e9m\u00e9nagement","breadcrumb":{"@id":"https:\/\/easydem.com\/de\/kontakt\/#breadcrumb"},"inLanguage":"de","potentialAction":[{"@type":"ReadAction","target":["https:\/\/easydem.com\/de\/kontakt\/"]}]},{"@type":"ImageObject","inLanguage":"de","@id":"https:\/\/easydem.com\/de\/kontakt\/#primaryimage","url":"https:\/\/easydem.com\/wp-content\/uploads\/2025\/01\/Capture-decran-2025-01-25-161813.png","contentUrl":"https:\/\/easydem.com\/wp-content\/uploads\/2025\/01\/Capture-decran-2025-01-25-161813.png"},{"@type":"BreadcrumbList","@id":"https:\/\/easydem.com\/de\/kontakt\/#breadcrumb","itemListElement":[{"@type":"ListItem","position":1,"name":"Accueil","item":"https:\/\/easydem.com\/de\/"},{"@type":"ListItem","position":2,"name":"Kontakt"}]},{"@type":"WebSite","@id":"https:\/\/easydem.com\/de\/#website","url":"https:\/\/easydem.com\/de\/","name":"Easydem","description":"D\u00e9m\u00e9nagement","publisher":{"@id":"https:\/\/easydem.com\/de\/#organization"},"potentialAction":[{"@type":"SearchAction","target":{"@type":"EntryPoint","urlTemplate":"https:\/\/easydem.com\/de\/?s={search_term_string}"},"query-input":{"@type":"PropertyValueSpecification","valueRequired":true,"valueName":"search_term_string"}}],"inLanguage":"de"},{"@type":"Organization","@id":"https:\/\/easydem.com\/de\/#organization","name":"Easydem","url":"https:\/\/easydem.com\/de\/","logo":{"@type":"ImageObject","inLanguage":"de","@id":"https:\/\/easydem.com\/de\/#\/schema\/logo\/image\/","url":"https:\/\/easydem.com\/wp-content\/uploads\/2017\/05\/easydem.png","contentUrl":"https:\/\/easydem.com\/wp-content\/uploads\/2017\/05\/easydem.png","width":356,"height":91,"caption":"Easydem"},"image":{"@id":"https:\/\/easydem.com\/de\/#\/schema\/logo\/image\/"}}]}},"_links":{"self":[{"href":"https:\/\/easydem.com\/de\/wp-json\/wp\/v2\/pages\/4021","targetHints":{"allow":["GET"]}}],"collection":[{"href":"https:\/\/easydem.com\/de\/wp-json\/wp\/v2\/pages"}],"about":[{"href":"https:\/\/easydem.com\/de\/wp-json\/wp\/v2\/types\/page"}],"author":[{"embeddable":true,"href":"https:\/\/easydem.com\/de\/wp-json\/wp\/v2\/users\/1"}],"replies":[{"embeddable":true,"href":"https:\/\/easydem.com\/de\/wp-json\/wp\/v2\/comments?post=4021"}],"version-history":[{"count":3,"href":"https:\/\/easydem.com\/de\/wp-json\/wp\/v2\/pages\/4021\/revisions"}],"predecessor-version":[{"id":4024,"href":"https:\/\/easydem.com\/de\/wp-json\/wp\/v2\/pages\/4021\/revisions\/4024"}],"wp:attachment":[{"href":"https:\/\/easydem.com\/de\/wp-json\/wp\/v2\/media?parent=4021"}],"curies":[{"name":"wp","href":"https:\/\/api.w.org\/{rel}","templated":true}]}}