{"id":1017,"date":"2017-12-11T15:12:04","date_gmt":"2017-12-11T15:12:04","guid":{"rendered":"https:\/\/easydem.com\/easy-quality\/garanties-et-assurances\/"},"modified":"2018-12-04T08:52:18","modified_gmt":"2018-12-04T08:52:18","slug":"guarantee-and-insurance","status":"publish","type":"page","link":"https:\/\/easydem.com\/en\/easy-quality\/guarantee-and-insurance\/","title":{"rendered":"GUARANTEE AND INSURANCE"},"content":{"rendered":"<div id='layer_slider_1'  class='avia-layerslider main_color avia-shadow  avia-builder-el-0  el_before_av_one_full  avia-builder-el-first  container_wrap fullsize'  style='height: 301px;'  ><\/div><div id='after_layer_slider_1'  class='main_color av_default_container_wrap container_wrap fullsize'  ><div class='container av-section-cont-open' ><div class='template-page content  av-content-full alpha units'><div class='post-entry post-entry-type-page post-entry-1017'><div class='entry-content-wrapper clearfix'>\n\n<style type=\"text\/css\" data-created_by=\"avia_inline_auto\" id=\"style-css-av-3akecc-5ae80e19e9d8aa0aaa80634c08d20d5b\">\n#top .flex_column.av-3akecc-5ae80e19e9d8aa0aaa80634c08d20d5b{\nmargin-top:0px;\nmargin-bottom:0px;\n}\n.flex_column.av-3akecc-5ae80e19e9d8aa0aaa80634c08d20d5b{\nborder-radius:0px 0px 0px 0px;\npadding:0px 0px 0px 0px;\n}\n.responsive #top #wrap_all .flex_column.av-3akecc-5ae80e19e9d8aa0aaa80634c08d20d5b{\nmargin-top:0px;\nmargin-bottom:0px;\n}\n<\/style>\n<div  class='flex_column av-3akecc-5ae80e19e9d8aa0aaa80634c08d20d5b av_one_full  avia-builder-el-1  el_after_av_layerslider  el_before_av_one_full  avia-builder-el-first  first flex_column_div av-animated-generic bottom-to-top av-zero-column-padding  '     ><p>\n<style type=\"text\/css\" data-created_by=\"avia_inline_auto\" id=\"style-css-av-jp9i5v0c-16bce8d3c305aa339ae4ceaaeeb60fdf\">\n#top .av-special-heading.av-jp9i5v0c-16bce8d3c305aa339ae4ceaaeeb60fdf{\npadding-bottom:0;\n}\nbody .av-special-heading.av-jp9i5v0c-16bce8d3c305aa339ae4ceaaeeb60fdf .av-special-heading-tag .heading-char{\nfont-size:25px;\n}\n.av-special-heading.av-jp9i5v0c-16bce8d3c305aa339ae4ceaaeeb60fdf .av-subheading{\nfont-size:18px;\n}\n<\/style>\n<div  class='av-special-heading av-jp9i5v0c-16bce8d3c305aa339ae4ceaaeeb60fdf av-special-heading-h1 blockquote modern-quote  avia-builder-el-2  el_before_av_hr  avia-builder-el-first '><h1 class='av-special-heading-tag '  itemprop=\"headline\"  >GUARANTEE AND INSURANCE<\/h1><div class=\"special-heading-border\"><div class=\"special-heading-inner-border\"><\/div><\/div><\/div><br \/>\n\n<style type=\"text\/css\" data-created_by=\"avia_inline_auto\" id=\"style-css-av-2v62bo-d6bdfaef58253de1ca3e6b8f13292028\">\n#top .hr.av-2v62bo-d6bdfaef58253de1ca3e6b8f13292028{\nmargin-top:10px;\nmargin-bottom:10px;\n}\n.hr.av-2v62bo-d6bdfaef58253de1ca3e6b8f13292028 .hr-inner{\nwidth:50px;\nborder-color:#ea6239;\n}\n<\/style>\n<div  class='hr av-2v62bo-d6bdfaef58253de1ca3e6b8f13292028 hr-custom  avia-builder-el-3  el_after_av_heading  el_before_av_textblock  hr-left hr-icon-no'><span class='hr-inner inner-border-av-border-fat'><span class=\"hr-inner-style\"><\/span><\/span><\/div><br \/>\n<section  class='av_textblock_section av-2i5hhw-6c184da50040a7fe564280af9c9d27a9 '   itemscope=\"itemscope\" itemtype=\"https:\/\/schema.org\/CreativeWork\" ><div class='avia_textblock'  itemprop=\"text\" ><p><img loading=\"lazy\" decoding=\"async\" src=\"https:\/\/easydem.com\/wp-content\/uploads\/2018\/05\/assurance-easydem.jpg\" alt=\"\" class=\"size-full wp-image-710 alignright\" width=\"450\" height=\"250\" srcset=\"https:\/\/easydem.com\/wp-content\/uploads\/2018\/05\/assurance-easydem.jpg 450w, https:\/\/easydem.com\/wp-content\/uploads\/2018\/05\/assurance-easydem-300x167.jpg 300w\" sizes=\"auto, (max-width: 450px) 100vw, 450px\" \/><\/p>\n<p><span>Whether it\u2019s an in-country move or a move abroad, our Easydem.com agents make every effort to insure your items from door to door. Simply fill out the value declaration form for insurance purposes, along with the relevant customs forms for export if needed, providing a costed inventory of your items and packing list.<\/span><\/p>\n<p><span>\u00a0<\/span><\/p>\n<p><span>These forms are meant to give an estimate of the nature, value and condition of the objects at the time of packing and unpacking, serving as a reference in the event your items are compromised (loss, theft, damage).<\/span><\/p>\n<p><span>\u00a0<\/span><\/p>\n<p>Covering your items with high-quality insurance guarantees the protection of your belongings should there be a shortcoming on our end.<\/p>\n<\/div><\/section><\/p><\/div>\n<style type=\"text\/css\" data-created_by=\"avia_inline_auto\" id=\"style-css-av-2c8tms-fdb6c13d8b662531016d7f26e7207520\">\n#top .flex_column.av-2c8tms-fdb6c13d8b662531016d7f26e7207520{\nmargin-top:0px;\nmargin-bottom:0px;\n}\n.flex_column.av-2c8tms-fdb6c13d8b662531016d7f26e7207520{\nborder-radius:0px 0px 0px 0px;\npadding:0px 0px 0px 0px;\n}\n.responsive #top #wrap_all .flex_column.av-2c8tms-fdb6c13d8b662531016d7f26e7207520{\nmargin-top:0px;\nmargin-bottom:0px;\n}\n<\/style>\n<div  class='flex_column av-2c8tms-fdb6c13d8b662531016d7f26e7207520 av_one_full  avia-builder-el-5  el_after_av_one_full  el_before_av_one_full  first flex_column_div av-animated-generic bottom-to-top av-zero-column-padding  column-top-margin'     ><p>\n<style type=\"text\/css\" data-created_by=\"avia_inline_auto\" id=\"style-css-av-jp9i6ffl-071a5b2da88182af824883cbd177c4b5\">\n#top .av-special-heading.av-jp9i6ffl-071a5b2da88182af824883cbd177c4b5{\npadding-bottom:0;\n}\nbody .av-special-heading.av-jp9i6ffl-071a5b2da88182af824883cbd177c4b5 .av-special-heading-tag .heading-char{\nfont-size:25px;\n}\n.av-special-heading.av-jp9i6ffl-071a5b2da88182af824883cbd177c4b5 .av-subheading{\nfont-size:15px;\n}\n<\/style>\n<div  class='av-special-heading av-jp9i6ffl-071a5b2da88182af824883cbd177c4b5 av-special-heading-h4 blockquote modern-quote  avia-builder-el-6  el_before_av_hr  avia-builder-el-first '><h4 class='av-special-heading-tag '  itemprop=\"headline\"  >Because we believe all of our customers deserve the same high level of care in guaranteeing the protection of their items wherever they may go, we only work with companies with high standards and reputation.<\/h4><div class=\"special-heading-border\"><div class=\"special-heading-inner-border\"><\/div><\/div><\/div><br \/>\n\n<style type=\"text\/css\" data-created_by=\"avia_inline_auto\" id=\"style-css-av-219l8k-fb1cfb96058eb8e91fa7ae1fec5cd778\">\n#top .hr.av-219l8k-fb1cfb96058eb8e91fa7ae1fec5cd778{\nmargin-top:10px;\nmargin-bottom:10px;\n}\n.hr.av-219l8k-fb1cfb96058eb8e91fa7ae1fec5cd778 .hr-inner{\nwidth:50px;\nborder-color:#ea6239;\n}\n<\/style>\n<div  class='hr av-219l8k-fb1cfb96058eb8e91fa7ae1fec5cd778 hr-custom  avia-builder-el-7  el_after_av_heading  el_before_av_iconlist  hr-left hr-icon-no'><span class='hr-inner inner-border-av-border-fat'><span class=\"hr-inner-style\"><\/span><\/span><\/div><br \/>\n<div  class='avia-icon-list-container av-1v51f8-07ae195b0a3ebc127bb4db1fc1cb28f4  avia-builder-el-8  el_after_av_hr  avia-builder-el-last '><ul class='avia-icon-list avia_animate_when_almost_visible avia-icon-list-left av-iconlist-big av-1v51f8-07ae195b0a3ebc127bb4db1fc1cb28f4 avia-iconlist-animate'>\n<li><div class='iconlist_icon av-av_iconlist_item-dd1003af70ed3dd7bcc9d32849434d54 avia-font-entypo-fontello avia-iconfont avia-font-entypo-fontello'><span class='av-icon-char' data-av_icon='\ue82b' data-av_iconfont='entypo-fontello' aria-hidden=\"true\"><\/span><\/div><article class=\"article-icon-entry \"  itemscope=\"itemscope\" itemtype=\"https:\/\/schema.org\/CreativeWork\" ><div class=\"iconlist_content_wrap\"><header class=\"entry-content-header\" aria-label=\"Icon: FIDI\"><h4 class='av_iconlist_title iconlist_title  '  itemprop=\"headline\" >FIDI<\/h4><\/header><div class='iconlist_content '  itemprop=\"text\" ><p>FIDI (F\u00e9d\u00e9ration Internationale des D\u00e9m\u00e9nageurs)<br \/>\n<a href=\"https:\/\/www.fidi.com\" target=\"_blank\" rel=\"noopener\">www.fidi.com<\/a><br \/>\nA global network of international movers specializing in high quality services with 700 members<\/p>\n<\/div><\/div><footer class=\"entry-footer\"><\/footer><\/article><div class=\"iconlist-timeline\"><\/div><\/li>\n<li><div class='iconlist_icon av-av_iconlist_item-d0b7121719b4f9ac2cab30f3561931b9 avia-font-entypo-fontello avia-iconfont avia-font-entypo-fontello'><span class='av-icon-char' data-av_icon='\ue82b' data-av_iconfont='entypo-fontello' aria-hidden=\"true\"><\/span><\/div><article class=\"article-icon-entry \"  itemscope=\"itemscope\" itemtype=\"https:\/\/schema.org\/CreativeWork\" ><div class=\"iconlist_content_wrap\"><header class=\"entry-content-header\" aria-label=\"Icon: HHGFAA\"><h4 class='av_iconlist_title iconlist_title  '  itemprop=\"headline\" >HHGFAA<\/h4><\/header><div class='iconlist_content '  itemprop=\"text\" ><p>HHGFAA (Household Goods Forwarders Association of America)<br \/>\n<a href=\"https:\/\/www.hhfaa.org\" target=\"_blank\" rel=\"noopener\">www.hhfaa.org<\/a><br \/>\nBased in North America with 1,600 members and logistical resources beyond compare, the HHFAA is the world\u2019s leading network in its field.<\/p>\n<\/div><\/div><footer class=\"entry-footer\"><\/footer><\/article><div class=\"iconlist-timeline\"><\/div><\/li>\n<li><div class='iconlist_icon av-av_iconlist_item-e2353c83433bbb423401ca3c7c150db7 avia-font-entypo-fontello avia-iconfont avia-font-entypo-fontello'><span class='av-icon-char' data-av_icon='\ue82b' data-av_iconfont='entypo-fontello' aria-hidden=\"true\"><\/span><\/div><article class=\"article-icon-entry \"  itemscope=\"itemscope\" itemtype=\"https:\/\/schema.org\/CreativeWork\" ><div class=\"iconlist_content_wrap\"><header class=\"entry-content-header\" aria-label=\"Icon: LACMA\"><h4 class='av_iconlist_title iconlist_title  '  itemprop=\"headline\" >LACMA<\/h4><\/header><div class='iconlist_content '  itemprop=\"text\" ><p>LACMA (Latin American and Caribbean International Movers Association)<br \/>\n<a href=\"https:\/\/www.lacmassoc.org\" target=\"_blank\" rel=\"noopener\">www.lacmassoc.org<\/a><br \/>\nEstablished in 1969 and counting 250 members, LACMA benefits from presence in North America, Latin America, Australia and the Middle East.<\/p>\n<\/div><\/div><footer class=\"entry-footer\"><\/footer><\/article><div class=\"iconlist-timeline\"><\/div><\/li>\n<li><div class='iconlist_icon av-av_iconlist_item-ff2c66e5f7d5dcfb5d65c18096bbfe01 avia-font-entypo-fontello avia-iconfont avia-font-entypo-fontello'><span class='av-icon-char' data-av_icon='\ue82b' data-av_iconfont='entypo-fontello' aria-hidden=\"true\"><\/span><\/div><article class=\"article-icon-entry \"  itemscope=\"itemscope\" itemtype=\"https:\/\/schema.org\/CreativeWork\" ><div class=\"iconlist_content_wrap\"><header class=\"entry-content-header\" aria-label=\"Icon: IAM\"><h4 class='av_iconlist_title iconlist_title  '  itemprop=\"headline\" >IAM<\/h4><\/header><div class='iconlist_content '  itemprop=\"text\" ><p>IAM (International Association of Movers)<br \/>\n<a href=\"https:\/\/www.iamovers.org\" target=\"_blank\" rel=\"noopener\">www.iamovers.org<\/a><br \/>\nWith over 2,000 members, IAM\u2019s network spreads over 170 countries across the globe.<\/p>\n<\/div><\/div><footer class=\"entry-footer\"><\/footer><\/article><div class=\"iconlist-timeline\"><\/div><\/li>\n<\/ul><\/div><\/p><\/div>\n<style type=\"text\/css\" data-created_by=\"avia_inline_auto\" id=\"style-css-av-153vro-bad1738fcbb921f1085d3add50add6c6\">\n.flex_column.av-153vro-bad1738fcbb921f1085d3add50add6c6{\nborder-radius:0px 0px 0px 0px;\npadding:0px 0px 0px 0px;\nbackground-color:#f8f8f8;\n}\n<\/style>\n<div  class='flex_column av-153vro-bad1738fcbb921f1085d3add50add6c6 av_one_full  avia-builder-el-9  el_after_av_one_full  avia-builder-el-last  first flex_column_div av-zero-column-padding  column-top-margin'     ><div  class='avia-logo-element-container av-vx3l8-741617e48387bc4d157ace1c464f5e0f av-border-deactivate avia-logo-slider avia-content-slider avia-smallarrow-slider avia-content-slider-active noHover avia-content-slider-even  avia-builder-el-10  avia-builder-el-no-sibling  av-slideshow-ui av-control-default av-nav-arrows-visible av-nav-dots-visible av-no-slider-navigation av-slideshow-autoplay av-loop-endless av-loop-manual-endless avia-content-slider1' data-slideshow-options=\"{&quot;animation&quot;:&quot;slide&quot;,&quot;autoplay&quot;:true,&quot;loop_autoplay&quot;:&quot;endless&quot;,&quot;interval&quot;:4,&quot;loop_manual&quot;:&quot;manual-endless&quot;,&quot;autoplay_stopper&quot;:false,&quot;noNavigation&quot;:false,&quot;bg_slider&quot;:false,&quot;keep_padding&quot;:&quot;&quot;,&quot;hoverpause&quot;:false,&quot;show_slide_delay&quot;:0}\"><div class='avia-smallarrow-slider-heading  no-logo-slider-heading '><div class='new-special-heading'>&nbsp;<\/div><div class='avia-slideshow-arrows avia-slideshow-controls' ><a href='#prev' class='prev-slide  avia-svg-icon avia-font-svg_entypo-fontello' data-av_svg_icon='left-open-big' data-av_iconset='svg_entypo-fontello' tabindex='-1' title=\"Previous\"><svg version=\"1.1\" xmlns=\"http:\/\/www.w3.org\/2000\/svg\" width=\"15\" height=\"32\" viewBox=\"0 0 15 32\" preserveAspectRatio=\"xMidYMid meet\" aria-labelledby='av-svg-title-1' aria-describedby='av-svg-desc-1' role=\"graphics-symbol\" aria-hidden=\"true\">\n<title id='av-svg-title-1'>Previous<\/title>\n<desc id='av-svg-desc-1'>Previous<\/desc>\n<path d=\"M14.464 27.84q0.832 0.832 0 1.536-0.832 0.832-1.536 0l-12.544-12.608q-0.768-0.768 0-1.6l12.544-12.608q0.704-0.832 1.536 0 0.832 0.704 0 1.536l-11.456 11.904z\"><\/path>\n<\/svg><span class='avia_hidden_link_text'>Previous<\/span><\/a><a href='#next' class='next-slide  avia-svg-icon avia-font-svg_entypo-fontello' data-av_svg_icon='right-open-big' data-av_iconset='svg_entypo-fontello' tabindex='-1' title=\"Next\"><svg version=\"1.1\" xmlns=\"http:\/\/www.w3.org\/2000\/svg\" width=\"15\" height=\"32\" viewBox=\"0 0 15 32\" preserveAspectRatio=\"xMidYMid meet\" aria-labelledby='av-svg-title-2' aria-describedby='av-svg-desc-2' role=\"graphics-symbol\" aria-hidden=\"true\">\n<title id='av-svg-title-2'>Next<\/title>\n<desc id='av-svg-desc-2'>Next<\/desc>\n<path d=\"M0.416 27.84l11.456-11.84-11.456-11.904q-0.832-0.832 0-1.536 0.832-0.832 1.536 0l12.544 12.608q0.768 0.832 0 1.6l-12.544 12.608q-0.704 0.832-1.536 0-0.832-0.704 0-1.536z\"><\/path>\n<\/svg><span class='avia_hidden_link_text'>Next<\/span><\/a><\/div><\/div><div class=\"avia-content-slider-inner\"><div class=\"slide-entry-wrap\"><div data-avia-tooltip=\"IAM : International Association of movers \" class='slide-entry av-r9ur8-538c4c96ce60d6659593e593e3d4773d flex_column no_margin av_one_half real-thumbnail post-entry slide-entry-overview slide-loop-1 slide-parity-odd  first'><a href=\"http:\/\/www.iamovers.org\" data-rel='slide-1' class='slide-image' title=''  target=\"_blank\"  rel=\"noopener noreferrer\"><span class='av-partner-fake-img' style='padding-bottom:51.141552511416%; background-image:url(https:\/\/easydem.com\/wp-content\/uploads\/logo-iam.png);'><\/span><\/a><\/div><div data-avia-tooltip=\"FIDI : F\u00e9d\u00e9ration Internationale des D\u00e9m\u00e9nageurs \" class='slide-entry av-k0d6c-0157aba858391be34c6e06eb255780bf flex_column no_margin av_one_half real-thumbnail post-entry slide-entry-overview slide-loop-2 slide-parity-even  '><a href=\"http:\/\/www.fidi.com\" data-rel='slide-1' class='slide-image' title=''  target=\"_blank\"  rel=\"noopener noreferrer\"><span class='av-partner-fake-img' style='padding-bottom:51.141552511416%; background-image:url(https:\/\/easydem.com\/wp-content\/uploads\/logo-FIDI-300x200.png);'><\/span><\/a><\/div><\/div><div class=\"slide-entry-wrap\"><div data-avia-tooltip=\"HHGFAA : Household Goods Forwarders Association of Am\u00e9rica \" class='slide-entry av-h63uk-b249772724794902aa592b0c80455ff0 flex_column no_margin av_one_half real-thumbnail post-entry slide-entry-overview slide-loop-3 slide-parity-odd  first'><a href=\"http:\/\/www.hhfaa.org\" data-rel='slide-1' class='slide-image' title=''  target=\"_blank\"  rel=\"noopener noreferrer\"><span class='av-partner-fake-img' style='padding-bottom:51.141552511416%; background-image:url(https:\/\/easydem.com\/wp-content\/uploads\/logo-hhgfaa-300x129.png);'><\/span><\/a><\/div><div data-avia-tooltip=\"LACMA : Latin American and Carabbean International Movers Association\" class='slide-entry av-vuws-fc386018ebaf99d166066b663f964f3d flex_column no_margin av_one_half real-thumbnail post-entry slide-entry-overview slide-loop-4 slide-parity-even post-entry-last '><a href=\"http:\/\/www.lacmassoc.org\" data-rel='slide-1' class='slide-image' title=''  target=\"_blank\"  rel=\"noopener noreferrer\"><span class='av-partner-fake-img' style='padding-bottom:51.141552511416%; background-image:url(https:\/\/easydem.com\/wp-content\/uploads\/logo-lacma.png);'><\/span><\/a><\/div><\/div><\/div><\/div><\/div><\/p>\n","protected":false},"excerpt":{"rendered":"","protected":false},"author":1,"featured_media":0,"parent":949,"menu_order":0,"comment_status":"closed","ping_status":"closed","template":"","meta":{"footnotes":""},"class_list":["post-1017","page","type-page","status-publish","hentry"],"yoast_head":"<!-- This site is optimized with the Yoast SEO plugin v27.4 - https:\/\/yoast.com\/product\/yoast-seo-wordpress\/ -->\n<title>GUARANTEE AND INSURANCE EASY QUALITY - Easydem D\u00e9m\u00e9nagement<\/title>\n<meta name=\"description\" content=\"GUARANTEE AND INSURANCE - Easydem D\u00e9m\u00e9nagement\" \/>\n<meta name=\"robots\" content=\"index, follow, max-snippet:-1, max-image-preview:large, max-video-preview:-1\" \/>\n<link rel=\"canonical\" href=\"https:\/\/easydem.com\/en\/easy-quality\/guarantee-and-insurance\/\" \/>\n<meta property=\"og:locale\" content=\"en_US\" \/>\n<meta property=\"og:type\" content=\"article\" \/>\n<meta property=\"og:title\" content=\"GUARANTEE AND INSURANCE EASY QUALITY - Easydem D\u00e9m\u00e9nagement\" \/>\n<meta property=\"og:description\" content=\"GUARANTEE AND INSURANCE - Easydem D\u00e9m\u00e9nagement\" \/>\n<meta property=\"og:url\" content=\"https:\/\/easydem.com\/en\/easy-quality\/guarantee-and-insurance\/\" \/>\n<meta property=\"og:site_name\" content=\"Easydem\" \/>\n<meta property=\"article:modified_time\" content=\"2018-12-04T08:52:18+00:00\" \/>\n<meta property=\"og:image\" content=\"https:\/\/easydem.com\/wp-content\/uploads\/2018\/05\/assurance-easydem.jpg\" \/>\n<meta name=\"twitter:card\" content=\"summary_large_image\" \/>\n<meta name=\"twitter:label1\" content=\"Est. reading time\" \/>\n\t<meta name=\"twitter:data1\" content=\"5 minutes\" \/>\n<script type=\"application\/ld+json\" class=\"yoast-schema-graph\">{\"@context\":\"https:\\\/\\\/schema.org\",\"@graph\":[{\"@type\":\"WebPage\",\"@id\":\"https:\\\/\\\/easydem.com\\\/en\\\/easy-quality\\\/guarantee-and-insurance\\\/\",\"url\":\"https:\\\/\\\/easydem.com\\\/en\\\/easy-quality\\\/guarantee-and-insurance\\\/\",\"name\":\"GUARANTEE AND INSURANCE EASY QUALITY - Easydem D\u00e9m\u00e9nagement\",\"isPartOf\":{\"@id\":\"https:\\\/\\\/easydem.com\\\/en\\\/#website\"},\"primaryImageOfPage\":{\"@id\":\"https:\\\/\\\/easydem.com\\\/en\\\/easy-quality\\\/guarantee-and-insurance\\\/#primaryimage\"},\"image\":{\"@id\":\"https:\\\/\\\/easydem.com\\\/en\\\/easy-quality\\\/guarantee-and-insurance\\\/#primaryimage\"},\"thumbnailUrl\":\"https:\\\/\\\/easydem.com\\\/wp-content\\\/uploads\\\/2018\\\/05\\\/assurance-easydem.jpg\",\"datePublished\":\"2017-12-11T15:12:04+00:00\",\"dateModified\":\"2018-12-04T08:52:18+00:00\",\"description\":\"GUARANTEE AND INSURANCE - Easydem D\u00e9m\u00e9nagement\",\"breadcrumb\":{\"@id\":\"https:\\\/\\\/easydem.com\\\/en\\\/easy-quality\\\/guarantee-and-insurance\\\/#breadcrumb\"},\"inLanguage\":\"en-US\",\"potentialAction\":[{\"@type\":\"ReadAction\",\"target\":[\"https:\\\/\\\/easydem.com\\\/en\\\/easy-quality\\\/guarantee-and-insurance\\\/\"]}]},{\"@type\":\"ImageObject\",\"inLanguage\":\"en-US\",\"@id\":\"https:\\\/\\\/easydem.com\\\/en\\\/easy-quality\\\/guarantee-and-insurance\\\/#primaryimage\",\"url\":\"https:\\\/\\\/easydem.com\\\/wp-content\\\/uploads\\\/2018\\\/05\\\/assurance-easydem.jpg\",\"contentUrl\":\"https:\\\/\\\/easydem.com\\\/wp-content\\\/uploads\\\/2018\\\/05\\\/assurance-easydem.jpg\"},{\"@type\":\"BreadcrumbList\",\"@id\":\"https:\\\/\\\/easydem.com\\\/en\\\/easy-quality\\\/guarantee-and-insurance\\\/#breadcrumb\",\"itemListElement\":[{\"@type\":\"ListItem\",\"position\":1,\"name\":\"Accueil\",\"item\":\"https:\\\/\\\/easydem.com\\\/en\\\/\"},{\"@type\":\"ListItem\",\"position\":2,\"name\":\"EASY QUALITY\",\"item\":\"https:\\\/\\\/easydem.com\\\/en\\\/easy-quality\\\/\"},{\"@type\":\"ListItem\",\"position\":3,\"name\":\"GUARANTEE AND INSURANCE\"}]},{\"@type\":\"WebSite\",\"@id\":\"https:\\\/\\\/easydem.com\\\/en\\\/#website\",\"url\":\"https:\\\/\\\/easydem.com\\\/en\\\/\",\"name\":\"Easydem\",\"description\":\"D\u00e9m\u00e9nagement\",\"publisher\":{\"@id\":\"https:\\\/\\\/easydem.com\\\/en\\\/#organization\"},\"potentialAction\":[{\"@type\":\"SearchAction\",\"target\":{\"@type\":\"EntryPoint\",\"urlTemplate\":\"https:\\\/\\\/easydem.com\\\/en\\\/?s={search_term_string}\"},\"query-input\":{\"@type\":\"PropertyValueSpecification\",\"valueRequired\":true,\"valueName\":\"search_term_string\"}}],\"inLanguage\":\"en-US\"},{\"@type\":\"Organization\",\"@id\":\"https:\\\/\\\/easydem.com\\\/en\\\/#organization\",\"name\":\"Easydem\",\"url\":\"https:\\\/\\\/easydem.com\\\/en\\\/\",\"logo\":{\"@type\":\"ImageObject\",\"inLanguage\":\"en-US\",\"@id\":\"https:\\\/\\\/easydem.com\\\/en\\\/#\\\/schema\\\/logo\\\/image\\\/\",\"url\":\"https:\\\/\\\/easydem.com\\\/wp-content\\\/uploads\\\/2017\\\/05\\\/easydem.png\",\"contentUrl\":\"https:\\\/\\\/easydem.com\\\/wp-content\\\/uploads\\\/2017\\\/05\\\/easydem.png\",\"width\":356,\"height\":91,\"caption\":\"Easydem\"},\"image\":{\"@id\":\"https:\\\/\\\/easydem.com\\\/en\\\/#\\\/schema\\\/logo\\\/image\\\/\"}}]}<\/script>\n<!-- \/ Yoast SEO plugin. -->","yoast_head_json":{"title":"GUARANTEE AND INSURANCE EASY QUALITY - Easydem D\u00e9m\u00e9nagement","description":"GUARANTEE AND INSURANCE - Easydem D\u00e9m\u00e9nagement","robots":{"index":"index","follow":"follow","max-snippet":"max-snippet:-1","max-image-preview":"max-image-preview:large","max-video-preview":"max-video-preview:-1"},"canonical":"https:\/\/easydem.com\/en\/easy-quality\/guarantee-and-insurance\/","og_locale":"en_US","og_type":"article","og_title":"GUARANTEE AND INSURANCE EASY QUALITY - Easydem D\u00e9m\u00e9nagement","og_description":"GUARANTEE AND INSURANCE - Easydem D\u00e9m\u00e9nagement","og_url":"https:\/\/easydem.com\/en\/easy-quality\/guarantee-and-insurance\/","og_site_name":"Easydem","article_modified_time":"2018-12-04T08:52:18+00:00","og_image":[{"url":"https:\/\/easydem.com\/wp-content\/uploads\/2018\/05\/assurance-easydem.jpg","type":"","width":"","height":""}],"twitter_card":"summary_large_image","twitter_misc":{"Est. reading time":"5 minutes"},"schema":{"@context":"https:\/\/schema.org","@graph":[{"@type":"WebPage","@id":"https:\/\/easydem.com\/en\/easy-quality\/guarantee-and-insurance\/","url":"https:\/\/easydem.com\/en\/easy-quality\/guarantee-and-insurance\/","name":"GUARANTEE AND INSURANCE EASY QUALITY - Easydem D\u00e9m\u00e9nagement","isPartOf":{"@id":"https:\/\/easydem.com\/en\/#website"},"primaryImageOfPage":{"@id":"https:\/\/easydem.com\/en\/easy-quality\/guarantee-and-insurance\/#primaryimage"},"image":{"@id":"https:\/\/easydem.com\/en\/easy-quality\/guarantee-and-insurance\/#primaryimage"},"thumbnailUrl":"https:\/\/easydem.com\/wp-content\/uploads\/2018\/05\/assurance-easydem.jpg","datePublished":"2017-12-11T15:12:04+00:00","dateModified":"2018-12-04T08:52:18+00:00","description":"GUARANTEE AND INSURANCE - Easydem D\u00e9m\u00e9nagement","breadcrumb":{"@id":"https:\/\/easydem.com\/en\/easy-quality\/guarantee-and-insurance\/#breadcrumb"},"inLanguage":"en-US","potentialAction":[{"@type":"ReadAction","target":["https:\/\/easydem.com\/en\/easy-quality\/guarantee-and-insurance\/"]}]},{"@type":"ImageObject","inLanguage":"en-US","@id":"https:\/\/easydem.com\/en\/easy-quality\/guarantee-and-insurance\/#primaryimage","url":"https:\/\/easydem.com\/wp-content\/uploads\/2018\/05\/assurance-easydem.jpg","contentUrl":"https:\/\/easydem.com\/wp-content\/uploads\/2018\/05\/assurance-easydem.jpg"},{"@type":"BreadcrumbList","@id":"https:\/\/easydem.com\/en\/easy-quality\/guarantee-and-insurance\/#breadcrumb","itemListElement":[{"@type":"ListItem","position":1,"name":"Accueil","item":"https:\/\/easydem.com\/en\/"},{"@type":"ListItem","position":2,"name":"EASY QUALITY","item":"https:\/\/easydem.com\/en\/easy-quality\/"},{"@type":"ListItem","position":3,"name":"GUARANTEE AND INSURANCE"}]},{"@type":"WebSite","@id":"https:\/\/easydem.com\/en\/#website","url":"https:\/\/easydem.com\/en\/","name":"Easydem","description":"D\u00e9m\u00e9nagement","publisher":{"@id":"https:\/\/easydem.com\/en\/#organization"},"potentialAction":[{"@type":"SearchAction","target":{"@type":"EntryPoint","urlTemplate":"https:\/\/easydem.com\/en\/?s={search_term_string}"},"query-input":{"@type":"PropertyValueSpecification","valueRequired":true,"valueName":"search_term_string"}}],"inLanguage":"en-US"},{"@type":"Organization","@id":"https:\/\/easydem.com\/en\/#organization","name":"Easydem","url":"https:\/\/easydem.com\/en\/","logo":{"@type":"ImageObject","inLanguage":"en-US","@id":"https:\/\/easydem.com\/en\/#\/schema\/logo\/image\/","url":"https:\/\/easydem.com\/wp-content\/uploads\/2017\/05\/easydem.png","contentUrl":"https:\/\/easydem.com\/wp-content\/uploads\/2017\/05\/easydem.png","width":356,"height":91,"caption":"Easydem"},"image":{"@id":"https:\/\/easydem.com\/en\/#\/schema\/logo\/image\/"}}]}},"_links":{"self":[{"href":"https:\/\/easydem.com\/en\/wp-json\/wp\/v2\/pages\/1017","targetHints":{"allow":["GET"]}}],"collection":[{"href":"https:\/\/easydem.com\/en\/wp-json\/wp\/v2\/pages"}],"about":[{"href":"https:\/\/easydem.com\/en\/wp-json\/wp\/v2\/types\/page"}],"author":[{"embeddable":true,"href":"https:\/\/easydem.com\/en\/wp-json\/wp\/v2\/users\/1"}],"replies":[{"embeddable":true,"href":"https:\/\/easydem.com\/en\/wp-json\/wp\/v2\/comments?post=1017"}],"version-history":[{"count":2,"href":"https:\/\/easydem.com\/en\/wp-json\/wp\/v2\/pages\/1017\/revisions"}],"predecessor-version":[{"id":1020,"href":"https:\/\/easydem.com\/en\/wp-json\/wp\/v2\/pages\/1017\/revisions\/1020"}],"up":[{"embeddable":true,"href":"https:\/\/easydem.com\/en\/wp-json\/wp\/v2\/pages\/949"}],"wp:attachment":[{"href":"https:\/\/easydem.com\/en\/wp-json\/wp\/v2\/media?parent=1017"}],"curies":[{"name":"wp","href":"https:\/\/api.w.org\/{rel}","templated":true}]}}