{"id":1021,"date":"2018-01-12T14:23:21","date_gmt":"2018-01-12T14:23:21","guid":{"rendered":"https:\/\/easydem.com\/easy-storage\/self-storage\/"},"modified":"2018-12-04T08:56:23","modified_gmt":"2018-12-04T08:56:23","slug":"self-storage","status":"publish","type":"page","link":"https:\/\/easydem.com\/en\/easy-storage\/self-storage\/","title":{"rendered":"Self Storage"},"content":{"rendered":"<div id='layer_slider_1'  class='avia-layerslider main_color avia-shadow  avia-builder-el-0  el_before_av_one_full  avia-builder-el-first  container_wrap fullsize'  style='height: 301px;'  ><\/div><div id='after_layer_slider_1'  class='main_color av_default_container_wrap container_wrap fullsize'  ><div class='container av-section-cont-open' ><div class='template-page content  av-content-full alpha units'><div class='post-entry post-entry-type-page post-entry-1021'><div class='entry-content-wrapper clearfix'>\n\n<style type=\"text\/css\" data-created_by=\"avia_inline_auto\" id=\"style-css-av-27ah6z-e1fc9d26b2d77a5e2f392ada1d2abb76\">\n#top .flex_column.av-27ah6z-e1fc9d26b2d77a5e2f392ada1d2abb76{\nmargin-top:0px;\nmargin-bottom:0px;\n}\n.flex_column.av-27ah6z-e1fc9d26b2d77a5e2f392ada1d2abb76{\nborder-radius:0px 0px 0px 0px;\npadding:0px 0px 0px 0px;\n}\n.responsive #top #wrap_all .flex_column.av-27ah6z-e1fc9d26b2d77a5e2f392ada1d2abb76{\nmargin-top:0px;\nmargin-bottom:0px;\n}\n<\/style>\n<div  class='flex_column av-27ah6z-e1fc9d26b2d77a5e2f392ada1d2abb76 av_one_full  avia-builder-el-1  el_after_av_layerslider  el_before_av_one_full  avia-builder-el-first  first flex_column_div av-animated-generic bottom-to-top av-zero-column-padding  '     ><p>\n<style type=\"text\/css\" data-created_by=\"avia_inline_auto\" id=\"style-css-av-22dtmj-4419ac13021181dc598f4d3bcfcccae1\">\n#top .av-special-heading.av-22dtmj-4419ac13021181dc598f4d3bcfcccae1{\npadding-bottom:0;\n}\nbody .av-special-heading.av-22dtmj-4419ac13021181dc598f4d3bcfcccae1 .av-special-heading-tag .heading-char{\nfont-size:25px;\n}\n.av-special-heading.av-22dtmj-4419ac13021181dc598f4d3bcfcccae1 .av-subheading{\nfont-size:18px;\n}\n<\/style>\n<div  class='av-special-heading av-22dtmj-4419ac13021181dc598f4d3bcfcccae1 av-special-heading-h1 blockquote modern-quote  avia-builder-el-2  el_before_av_hr  avia-builder-el-first '><h1 class='av-special-heading-tag '  itemprop=\"headline\"  >Self Storage <\/h1><div class=\"special-heading-border\"><div class=\"special-heading-inner-border\"><\/div><\/div><\/div><br \/>\n\n<style type=\"text\/css\" data-created_by=\"avia_inline_auto\" id=\"style-css-av-1xul2z-4d25e3f67dc5255284ecfcb5049dced8\">\n#top .hr.av-1xul2z-4d25e3f67dc5255284ecfcb5049dced8{\nmargin-top:10px;\nmargin-bottom:10px;\n}\n.hr.av-1xul2z-4d25e3f67dc5255284ecfcb5049dced8 .hr-inner{\nwidth:50px;\nborder-color:#ea6239;\n}\n<\/style>\n<div  class='hr av-1xul2z-4d25e3f67dc5255284ecfcb5049dced8 hr-custom  avia-builder-el-3  el_after_av_heading  avia-builder-el-last  hr-left hr-icon-no'><span class='hr-inner inner-border-av-border-fat'><span class=\"hr-inner-style\"><\/span><\/span><\/div><\/p><\/div>\n\n<style type=\"text\/css\" data-created_by=\"avia_inline_auto\" id=\"style-css-av-1pg3f7-cee55daba8b8c546bb2f232ab1676797\">\n#top .flex_column.av-1pg3f7-cee55daba8b8c546bb2f232ab1676797{\nmargin-top:0px;\nmargin-bottom:0px;\n}\n.flex_column.av-1pg3f7-cee55daba8b8c546bb2f232ab1676797{\nborder-radius:0px 0px 0px 0px;\npadding:0px 0px 0px 0px;\n}\n.responsive #top #wrap_all .flex_column.av-1pg3f7-cee55daba8b8c546bb2f232ab1676797{\nmargin-top:0px;\nmargin-bottom:0px;\n}\n<\/style>\n<div  class='flex_column av-1pg3f7-cee55daba8b8c546bb2f232ab1676797 av_one_full  avia-builder-el-4  el_after_av_one_full  el_before_av_one_full  first flex_column_div av-animated-generic bottom-to-top av-zero-column-padding  column-top-margin'     ><p><section  class='av_textblock_section av-1invr7-682fe8158bfc4d2fb0a0ecde7b37821f '   itemscope=\"itemscope\" itemtype=\"https:\/\/schema.org\/CreativeWork\" ><div class='avia_textblock'  itemprop=\"text\" ><p><span>Subject to country availability, our Easydem.com agents offer self storage solutions with two different packages to choose from:<\/span><\/p>\n<ul>\n<li><span>24-hour outdoor storage<\/span><\/li>\n<li>indoor warehouse storage<br \/>\n(access subject to the agent\u2019s opening hours)<\/li>\n<\/ul>\n<\/div><\/section><br \/>\n\n<style type=\"text\/css\" data-created_by=\"avia_inline_auto\" id=\"style-css-av-1f1hb7-c3efb4742a732bc339e3f474a36ee948\">\n#top .hr.av-1f1hb7-c3efb4742a732bc339e3f474a36ee948{\nmargin-top:10px;\nmargin-bottom:10px;\n}\n.hr.av-1f1hb7-c3efb4742a732bc339e3f474a36ee948 .hr-inner{\nwidth:50px;\nborder-color:#ea6239;\n}\n<\/style>\n<div  class='hr av-1f1hb7-c3efb4742a732bc339e3f474a36ee948 hr-custom  avia-builder-el-6  el_after_av_textblock  el_before_av_heading  hr-left hr-icon-no'><span class='hr-inner inner-border-av-border-fat'><span class=\"hr-inner-style\"><\/span><\/span><\/div><br \/>\n\n<style type=\"text\/css\" data-created_by=\"avia_inline_auto\" id=\"style-css-av-jp9icqb1-4e3c32aa8225eb9ec1640ce40e1da361\">\n#top .av-special-heading.av-jp9icqb1-4e3c32aa8225eb9ec1640ce40e1da361{\npadding-bottom:0;\n}\nbody .av-special-heading.av-jp9icqb1-4e3c32aa8225eb9ec1640ce40e1da361 .av-special-heading-tag .heading-char{\nfont-size:25px;\n}\n.av-special-heading.av-jp9icqb1-4e3c32aa8225eb9ec1640ce40e1da361 .av-subheading{\nfont-size:15px;\n}\n<\/style>\n<div  class='av-special-heading av-jp9icqb1-4e3c32aa8225eb9ec1640ce40e1da361 av-special-heading-h3 blockquote modern-quote  avia-builder-el-7  el_after_av_hr  el_before_av_textblock '><h3 class='av-special-heading-tag '  itemprop=\"headline\"  >24-HOUR SELF STORAGE<\/h3><div class=\"special-heading-border\"><div class=\"special-heading-inner-border\"><\/div><\/div><\/div><br \/>\n<section  class='av_textblock_section av-10d0mb-fdf0577a1b75a00d4d1c1b3f5484376c '   itemscope=\"itemscope\" itemtype=\"https:\/\/schema.org\/CreativeWork\" ><div class='avia_textblock'  itemprop=\"text\" ><p><span>Our unique \u201cSelf Storage\u201d package gives our customers easy access to storage. This is the ideal package for smaller volumes and temporary storage needs, and for those who need to take items in and out frequently.<\/span><\/p>\n<p><span>\u00a0<\/span><\/p>\n<p>Access your storage space freely and manage your own transfers as per the conditions of the package you choose.<\/p>\n<h3><strong>24-hour Isothermal Outdoor Storage Containers<\/strong><\/h3>\n<p><span>Our secure isothermal outdoor containers give you round the clock access to your items. With 24-hour access, 7 days a week, all year round, take your items in and out as you please and leave your time constraints behind.<\/span><\/p>\n<p><span>\u00a0<\/span><\/p>\n<p>Our containers are located on the ground floor, with direct car access to ease your handling needs. Various container sizes are available: 12 m<sup>3<\/sup>, 20 m<sup>3<\/sup>, 30 m<sup>3<\/sup> or 40 m<sup>3<\/sup>.<\/p>\n<\/div><\/section><br \/>\n\n<style type=\"text\/css\" data-created_by=\"avia_inline_auto\" id=\"style-css-av-xf117-d4768a4df54c0e10762027b22550482d\">\n#top .hr.av-xf117-d4768a4df54c0e10762027b22550482d{\nmargin-top:10px;\nmargin-bottom:10px;\n}\n.hr.av-xf117-d4768a4df54c0e10762027b22550482d .hr-inner{\nwidth:50px;\nborder-color:#ea6239;\n}\n<\/style>\n<div  class='hr av-xf117-d4768a4df54c0e10762027b22550482d hr-custom  avia-builder-el-9  el_after_av_textblock  el_before_av_heading  hr-left hr-icon-no'><span class='hr-inner inner-border-av-border-fat'><span class=\"hr-inner-style\"><\/span><\/span><\/div><br \/>\n\n<style type=\"text\/css\" data-created_by=\"avia_inline_auto\" id=\"style-css-av-av_heading-2a398a77a03c31c86c0565f060f998d6\">\n#top .av-special-heading.av-av_heading-2a398a77a03c31c86c0565f060f998d6{\npadding-bottom:0;\n}\nbody .av-special-heading.av-av_heading-2a398a77a03c31c86c0565f060f998d6 .av-special-heading-tag .heading-char{\nfont-size:25px;\n}\n.av-special-heading.av-av_heading-2a398a77a03c31c86c0565f060f998d6 .av-subheading{\nfont-size:15px;\n}\n<\/style>\n<div  class='av-special-heading av-av_heading-2a398a77a03c31c86c0565f060f998d6 av-special-heading-h3 blockquote modern-quote  avia-builder-el-10  el_after_av_hr  el_before_av_textblock '><h3 class='av-special-heading-tag '  itemprop=\"headline\"  >Self Storage :<\/h3><div class=\"special-heading-border\"><div class=\"special-heading-inner-border\"><\/div><\/div><\/div><br \/>\n<section  class='av_textblock_section av-linqj-309bfbdb180b9f8dff49fd5a7687b746 '   itemscope=\"itemscope\" itemtype=\"https:\/\/schema.org\/CreativeWork\" ><div class='avia_textblock'  itemprop=\"text\" ><p><img loading=\"lazy\" decoding=\"async\" src=\"https:\/\/easydem.com\/wp-content\/uploads\/2018\/05\/self-storage-300x200.jpg\" alt=\"\" class=\"size-medium wp-image-678 alignright\" width=\"300\" height=\"200\" srcset=\"https:\/\/easydem.com\/wp-content\/uploads\/2018\/05\/self-storage-300x200.jpg 300w, https:\/\/easydem.com\/wp-content\/uploads\/2018\/05\/self-storage-768x513.jpg 768w, https:\/\/easydem.com\/wp-content\/uploads\/2018\/05\/self-storage-845x566.jpg 845w, https:\/\/easydem.com\/wp-content\/uploads\/2018\/05\/self-storage-705x471.jpg 705w, https:\/\/easydem.com\/wp-content\/uploads\/2018\/05\/self-storage-450x300.jpg 450w, https:\/\/easydem.com\/wp-content\/uploads\/2018\/05\/self-storage.jpg 848w\" sizes=\"auto, (max-width: 300px) 100vw, 300px\" \/><\/p>\n<p><span>This is the ideal package for smaller volumes and temporary storage needs, and for those who need to take items in and out frequently.<\/span><\/p>\n<p><span>\u00a0<\/span><\/p>\n<p><span>Access your storage space freely and manage your own transfers as per the conditions of the package you choose.<\/span><\/p>\n<p><span>\u00a0<\/span><\/p>\n<p>Our \u201cSelf Storage\u201d options give you the flexibility to make your own schedule according to your personal needs, with the possibility to rent a utility vehicle to manage your own transfers (subject to availability).<\/p>\n<\/div><\/section><\/p><\/div>\n<style type=\"text\/css\" data-created_by=\"avia_inline_auto\" id=\"style-css-av-e88z7-1b4d5848b526ba6de2821850f2b605f8\">\n.flex_column.av-e88z7-1b4d5848b526ba6de2821850f2b605f8{\nborder-width:1px;\nborder-color:#e1e1e1;\nborder-style:solid;\nborder-radius:0px 0px 0px 0px;\npadding:20px 20px 20px 20px;\nbackground-color:#fcfcfc;\n}\n<\/style>\n<div  class='flex_column av-e88z7-1b4d5848b526ba6de2821850f2b605f8 av_one_full  avia-builder-el-12  el_after_av_one_full  avia-builder-el-last  first flex_column_div av-animated-generic bottom-to-top  column-top-margin'     ><section  class='av_textblock_section av-abxa3-5f1856ad7b8dab5470764be7c1a1bd3d '   itemscope=\"itemscope\" itemtype=\"https:\/\/schema.org\/CreativeWork\" ><div class='avia_textblock'  itemprop=\"text\" ><p><strong>Easydem.com: International Moving Experts<\/strong><\/p>\n<\/div><\/section><\/div><\/p>\n","protected":false},"excerpt":{"rendered":"","protected":false},"author":1,"featured_media":0,"parent":941,"menu_order":0,"comment_status":"closed","ping_status":"closed","template":"","meta":{"footnotes":""},"class_list":["post-1021","page","type-page","status-publish","hentry"],"yoast_head":"<!-- This site is optimized with the Yoast SEO plugin v27.4 - https:\/\/yoast.com\/product\/yoast-seo-wordpress\/ -->\n<title>Self Storage EASY STORAGE - Easydem D\u00e9m\u00e9nagement<\/title>\n<meta name=\"description\" content=\"Self Storage - Easydem D\u00e9m\u00e9nagement\" \/>\n<meta name=\"robots\" content=\"index, follow, max-snippet:-1, max-image-preview:large, max-video-preview:-1\" \/>\n<link rel=\"canonical\" href=\"https:\/\/easydem.com\/en\/easy-storage\/self-storage\/\" \/>\n<meta property=\"og:locale\" content=\"en_US\" \/>\n<meta property=\"og:type\" content=\"article\" \/>\n<meta property=\"og:title\" content=\"Self Storage EASY STORAGE - Easydem D\u00e9m\u00e9nagement\" \/>\n<meta property=\"og:description\" content=\"Self Storage - Easydem D\u00e9m\u00e9nagement\" \/>\n<meta property=\"og:url\" content=\"https:\/\/easydem.com\/en\/easy-storage\/self-storage\/\" \/>\n<meta property=\"og:site_name\" content=\"Easydem\" \/>\n<meta property=\"article:modified_time\" content=\"2018-12-04T08:56:23+00:00\" \/>\n<meta property=\"og:image\" content=\"https:\/\/easydem.com\/wp-content\/uploads\/2018\/05\/self-storage-300x200.jpg\" \/>\n<meta name=\"twitter:card\" content=\"summary_large_image\" \/>\n<meta name=\"twitter:label1\" content=\"Est. reading time\" \/>\n\t<meta name=\"twitter:data1\" content=\"5 minutes\" \/>\n<script type=\"application\/ld+json\" class=\"yoast-schema-graph\">{\"@context\":\"https:\\\/\\\/schema.org\",\"@graph\":[{\"@type\":\"WebPage\",\"@id\":\"https:\\\/\\\/easydem.com\\\/en\\\/easy-storage\\\/self-storage\\\/\",\"url\":\"https:\\\/\\\/easydem.com\\\/en\\\/easy-storage\\\/self-storage\\\/\",\"name\":\"Self Storage EASY STORAGE - Easydem D\u00e9m\u00e9nagement\",\"isPartOf\":{\"@id\":\"https:\\\/\\\/easydem.com\\\/en\\\/#website\"},\"primaryImageOfPage\":{\"@id\":\"https:\\\/\\\/easydem.com\\\/en\\\/easy-storage\\\/self-storage\\\/#primaryimage\"},\"image\":{\"@id\":\"https:\\\/\\\/easydem.com\\\/en\\\/easy-storage\\\/self-storage\\\/#primaryimage\"},\"thumbnailUrl\":\"https:\\\/\\\/easydem.com\\\/wp-content\\\/uploads\\\/2018\\\/05\\\/self-storage-300x200.jpg\",\"datePublished\":\"2018-01-12T14:23:21+00:00\",\"dateModified\":\"2018-12-04T08:56:23+00:00\",\"description\":\"Self Storage - Easydem D\u00e9m\u00e9nagement\",\"breadcrumb\":{\"@id\":\"https:\\\/\\\/easydem.com\\\/en\\\/easy-storage\\\/self-storage\\\/#breadcrumb\"},\"inLanguage\":\"en-US\",\"potentialAction\":[{\"@type\":\"ReadAction\",\"target\":[\"https:\\\/\\\/easydem.com\\\/en\\\/easy-storage\\\/self-storage\\\/\"]}]},{\"@type\":\"ImageObject\",\"inLanguage\":\"en-US\",\"@id\":\"https:\\\/\\\/easydem.com\\\/en\\\/easy-storage\\\/self-storage\\\/#primaryimage\",\"url\":\"https:\\\/\\\/easydem.com\\\/wp-content\\\/uploads\\\/2018\\\/05\\\/self-storage-300x200.jpg\",\"contentUrl\":\"https:\\\/\\\/easydem.com\\\/wp-content\\\/uploads\\\/2018\\\/05\\\/self-storage-300x200.jpg\"},{\"@type\":\"BreadcrumbList\",\"@id\":\"https:\\\/\\\/easydem.com\\\/en\\\/easy-storage\\\/self-storage\\\/#breadcrumb\",\"itemListElement\":[{\"@type\":\"ListItem\",\"position\":1,\"name\":\"Accueil\",\"item\":\"https:\\\/\\\/easydem.com\\\/en\\\/\"},{\"@type\":\"ListItem\",\"position\":2,\"name\":\"EASY STORAGE\",\"item\":\"https:\\\/\\\/easydem.com\\\/en\\\/easy-storage\\\/\"},{\"@type\":\"ListItem\",\"position\":3,\"name\":\"Self Storage\"}]},{\"@type\":\"WebSite\",\"@id\":\"https:\\\/\\\/easydem.com\\\/en\\\/#website\",\"url\":\"https:\\\/\\\/easydem.com\\\/en\\\/\",\"name\":\"Easydem\",\"description\":\"D\u00e9m\u00e9nagement\",\"publisher\":{\"@id\":\"https:\\\/\\\/easydem.com\\\/en\\\/#organization\"},\"potentialAction\":[{\"@type\":\"SearchAction\",\"target\":{\"@type\":\"EntryPoint\",\"urlTemplate\":\"https:\\\/\\\/easydem.com\\\/en\\\/?s={search_term_string}\"},\"query-input\":{\"@type\":\"PropertyValueSpecification\",\"valueRequired\":true,\"valueName\":\"search_term_string\"}}],\"inLanguage\":\"en-US\"},{\"@type\":\"Organization\",\"@id\":\"https:\\\/\\\/easydem.com\\\/en\\\/#organization\",\"name\":\"Easydem\",\"url\":\"https:\\\/\\\/easydem.com\\\/en\\\/\",\"logo\":{\"@type\":\"ImageObject\",\"inLanguage\":\"en-US\",\"@id\":\"https:\\\/\\\/easydem.com\\\/en\\\/#\\\/schema\\\/logo\\\/image\\\/\",\"url\":\"https:\\\/\\\/easydem.com\\\/wp-content\\\/uploads\\\/2017\\\/05\\\/easydem.png\",\"contentUrl\":\"https:\\\/\\\/easydem.com\\\/wp-content\\\/uploads\\\/2017\\\/05\\\/easydem.png\",\"width\":356,\"height\":91,\"caption\":\"Easydem\"},\"image\":{\"@id\":\"https:\\\/\\\/easydem.com\\\/en\\\/#\\\/schema\\\/logo\\\/image\\\/\"}}]}<\/script>\n<!-- \/ Yoast SEO plugin. -->","yoast_head_json":{"title":"Self Storage EASY STORAGE - Easydem D\u00e9m\u00e9nagement","description":"Self Storage - Easydem D\u00e9m\u00e9nagement","robots":{"index":"index","follow":"follow","max-snippet":"max-snippet:-1","max-image-preview":"max-image-preview:large","max-video-preview":"max-video-preview:-1"},"canonical":"https:\/\/easydem.com\/en\/easy-storage\/self-storage\/","og_locale":"en_US","og_type":"article","og_title":"Self Storage EASY STORAGE - Easydem D\u00e9m\u00e9nagement","og_description":"Self Storage - Easydem D\u00e9m\u00e9nagement","og_url":"https:\/\/easydem.com\/en\/easy-storage\/self-storage\/","og_site_name":"Easydem","article_modified_time":"2018-12-04T08:56:23+00:00","og_image":[{"url":"https:\/\/easydem.com\/wp-content\/uploads\/2018\/05\/self-storage-300x200.jpg","type":"","width":"","height":""}],"twitter_card":"summary_large_image","twitter_misc":{"Est. reading time":"5 minutes"},"schema":{"@context":"https:\/\/schema.org","@graph":[{"@type":"WebPage","@id":"https:\/\/easydem.com\/en\/easy-storage\/self-storage\/","url":"https:\/\/easydem.com\/en\/easy-storage\/self-storage\/","name":"Self Storage EASY STORAGE - Easydem D\u00e9m\u00e9nagement","isPartOf":{"@id":"https:\/\/easydem.com\/en\/#website"},"primaryImageOfPage":{"@id":"https:\/\/easydem.com\/en\/easy-storage\/self-storage\/#primaryimage"},"image":{"@id":"https:\/\/easydem.com\/en\/easy-storage\/self-storage\/#primaryimage"},"thumbnailUrl":"https:\/\/easydem.com\/wp-content\/uploads\/2018\/05\/self-storage-300x200.jpg","datePublished":"2018-01-12T14:23:21+00:00","dateModified":"2018-12-04T08:56:23+00:00","description":"Self Storage - Easydem D\u00e9m\u00e9nagement","breadcrumb":{"@id":"https:\/\/easydem.com\/en\/easy-storage\/self-storage\/#breadcrumb"},"inLanguage":"en-US","potentialAction":[{"@type":"ReadAction","target":["https:\/\/easydem.com\/en\/easy-storage\/self-storage\/"]}]},{"@type":"ImageObject","inLanguage":"en-US","@id":"https:\/\/easydem.com\/en\/easy-storage\/self-storage\/#primaryimage","url":"https:\/\/easydem.com\/wp-content\/uploads\/2018\/05\/self-storage-300x200.jpg","contentUrl":"https:\/\/easydem.com\/wp-content\/uploads\/2018\/05\/self-storage-300x200.jpg"},{"@type":"BreadcrumbList","@id":"https:\/\/easydem.com\/en\/easy-storage\/self-storage\/#breadcrumb","itemListElement":[{"@type":"ListItem","position":1,"name":"Accueil","item":"https:\/\/easydem.com\/en\/"},{"@type":"ListItem","position":2,"name":"EASY STORAGE","item":"https:\/\/easydem.com\/en\/easy-storage\/"},{"@type":"ListItem","position":3,"name":"Self Storage"}]},{"@type":"WebSite","@id":"https:\/\/easydem.com\/en\/#website","url":"https:\/\/easydem.com\/en\/","name":"Easydem","description":"D\u00e9m\u00e9nagement","publisher":{"@id":"https:\/\/easydem.com\/en\/#organization"},"potentialAction":[{"@type":"SearchAction","target":{"@type":"EntryPoint","urlTemplate":"https:\/\/easydem.com\/en\/?s={search_term_string}"},"query-input":{"@type":"PropertyValueSpecification","valueRequired":true,"valueName":"search_term_string"}}],"inLanguage":"en-US"},{"@type":"Organization","@id":"https:\/\/easydem.com\/en\/#organization","name":"Easydem","url":"https:\/\/easydem.com\/en\/","logo":{"@type":"ImageObject","inLanguage":"en-US","@id":"https:\/\/easydem.com\/en\/#\/schema\/logo\/image\/","url":"https:\/\/easydem.com\/wp-content\/uploads\/2017\/05\/easydem.png","contentUrl":"https:\/\/easydem.com\/wp-content\/uploads\/2017\/05\/easydem.png","width":356,"height":91,"caption":"Easydem"},"image":{"@id":"https:\/\/easydem.com\/en\/#\/schema\/logo\/image\/"}}]}},"_links":{"self":[{"href":"https:\/\/easydem.com\/en\/wp-json\/wp\/v2\/pages\/1021","targetHints":{"allow":["GET"]}}],"collection":[{"href":"https:\/\/easydem.com\/en\/wp-json\/wp\/v2\/pages"}],"about":[{"href":"https:\/\/easydem.com\/en\/wp-json\/wp\/v2\/types\/page"}],"author":[{"embeddable":true,"href":"https:\/\/easydem.com\/en\/wp-json\/wp\/v2\/users\/1"}],"replies":[{"embeddable":true,"href":"https:\/\/easydem.com\/en\/wp-json\/wp\/v2\/comments?post=1021"}],"version-history":[{"count":2,"href":"https:\/\/easydem.com\/en\/wp-json\/wp\/v2\/pages\/1021\/revisions"}],"predecessor-version":[{"id":1024,"href":"https:\/\/easydem.com\/en\/wp-json\/wp\/v2\/pages\/1021\/revisions\/1024"}],"up":[{"embeddable":true,"href":"https:\/\/easydem.com\/en\/wp-json\/wp\/v2\/pages\/941"}],"wp:attachment":[{"href":"https:\/\/easydem.com\/en\/wp-json\/wp\/v2\/media?parent=1021"}],"curies":[{"name":"wp","href":"https:\/\/api.w.org\/{rel}","templated":true}]}}