{"id":1025,"date":"2018-03-12T08:55:20","date_gmt":"2018-03-12T08:55:20","guid":{"rendered":"https:\/\/easydem.com\/informations-legales\/"},"modified":"2025-01-25T14:34:22","modified_gmt":"2025-01-25T14:34:22","slug":"legal-information","status":"publish","type":"page","link":"https:\/\/easydem.com\/en\/legal-information\/","title":{"rendered":"LEGAL INFORMATION"},"content":{"rendered":"<div id='layer_slider_1'  class='avia-layerslider main_color avia-shadow  avia-builder-el-0  el_before_av_heading  avia-builder-el-first  container_wrap fullsize'  style='height: 301px;'  ><\/div><div id='after_layer_slider_1'  class='main_color av_default_container_wrap container_wrap fullsize'  ><div class='container av-section-cont-open' ><div class='template-page content  av-content-full alpha units'><div class='post-entry post-entry-type-page post-entry-1025'><div class='entry-content-wrapper clearfix'>\n\n<style type=\"text\/css\" data-created_by=\"avia_inline_auto\" id=\"style-css-av-jp9igop1-2553f846a3b3819f907f40ef4312352e\">\n#top .av-special-heading.av-jp9igop1-2553f846a3b3819f907f40ef4312352e{\npadding-bottom:0;\n}\nbody .av-special-heading.av-jp9igop1-2553f846a3b3819f907f40ef4312352e .av-special-heading-tag .heading-char{\nfont-size:25px;\n}\n.av-special-heading.av-jp9igop1-2553f846a3b3819f907f40ef4312352e .av-subheading{\nfont-size:18px;\n}\n<\/style>\n<div  class='av-special-heading av-jp9igop1-2553f846a3b3819f907f40ef4312352e av-special-heading-h1 blockquote modern-quote modern-centered  avia-builder-el-1  el_after_av_layerslider  el_before_av_hr  avia-builder-el-first '><h1 class='av-special-heading-tag '  itemprop=\"headline\"  > LEGAL MENTIONS AND OBLIGATIONS OF THE EASYDEM.COM WEBSITE:<\/h1><div class=\"special-heading-border\"><div class=\"special-heading-inner-border\"><\/div><\/div><\/div>\n\n<style type=\"text\/css\" data-created_by=\"avia_inline_auto\" id=\"style-css-av-3ks6hm-8484c68cc28d4cbe56c699be199247a9\">\n#top .hr.hr-invisible.av-3ks6hm-8484c68cc28d4cbe56c699be199247a9{\nheight:80px;\n}\n<\/style>\n<div  class='hr av-3ks6hm-8484c68cc28d4cbe56c699be199247a9 hr-invisible  avia-builder-el-2  el_after_av_heading  el_before_av_one_third '><span class='hr-inner '><span class=\"hr-inner-style\"><\/span><\/span><\/div>\n\n<style type=\"text\/css\" data-created_by=\"avia_inline_auto\" id=\"style-css-av-3cmml6-f8ce358ecc762b6db8afae3b69753371\">\n.flex_column.av-3cmml6-f8ce358ecc762b6db8afae3b69753371{\nborder-radius:0px 0px 0px 0px;\npadding:0px 0px 0px 0px;\n}\n<\/style>\n<div  class='flex_column av-3cmml6-f8ce358ecc762b6db8afae3b69753371 av_one_third  avia-builder-el-3  el_after_av_hr  el_before_av_one_third  first flex_column_div av-zero-column-padding  '     ><p>\n<style type=\"text\/css\" data-created_by=\"avia_inline_auto\" id=\"style-css-av-jp9iguih-c42ed19ecc58a650c462c1346d583029\">\n#top .av-special-heading.av-jp9iguih-c42ed19ecc58a650c462c1346d583029{\npadding-bottom:0;\n}\nbody .av-special-heading.av-jp9iguih-c42ed19ecc58a650c462c1346d583029 .av-special-heading-tag .heading-char{\nfont-size:25px;\n}\n.av-special-heading.av-jp9iguih-c42ed19ecc58a650c462c1346d583029 .av-subheading{\nfont-size:18px;\n}\n<\/style>\n<div  class='av-special-heading av-jp9iguih-c42ed19ecc58a650c462c1346d583029 av-special-heading-h2 blockquote modern-quote  avia-builder-el-4  el_before_av_textblock  avia-builder-el-first '><h2 class='av-special-heading-tag '  itemprop=\"headline\"  >This website is brought to you by:<\/h2><div class=\"special-heading-border\"><div class=\"special-heading-inner-border\"><\/div><\/div><\/div><br \/>\n<section  class='av_textblock_section av-312tga-76bea35c6e7694bb1e93168f9cd26f53 '   itemscope=\"itemscope\" itemtype=\"https:\/\/schema.org\/CreativeWork\" ><div class='avia_textblock'  itemprop=\"text\" ><p class=\"Body\" style=\"margin-left: 36.0pt;\"><span lang=\"EN-US\">Easydem.com,<o:p><\/o:p><\/span><\/p>\n<p class=\"Body\" style=\"margin-left: 36.0pt;\"><span lang=\"EN-US\">Headquartered at<o:p><\/o:p><\/span><\/p>\n<p class=\"Body\" style=\"margin-left: 36.0pt;\"><span lang=\"EN-US\">404, route du Mandement<o:p><\/o:p><\/span><\/p>\n<p class=\"Body\" style=\"margin-left: 36.0pt;\"><span lang=\"EN-US\">La Plaine<o:p><\/o:p><\/span><\/p>\n<p class=\"Body\" style=\"margin-left: 36.0pt;\"><span lang=\"EN-US\">P.O. Box 128<o:p><\/o:p><\/span><\/p>\n<p class=\"Body\" style=\"margin-left: 36.0pt;\"><span lang=\"EN-US\">Satigny, Switzerland 1242,<o:p><\/o:p><\/span><\/p>\n<p class=\"Body\" style=\"margin-left: 36.0pt;\"><span lang=\"EN-US\">E-mail: <b>contact@easydem.com.<o:p><\/o:p><\/b><\/span><\/p>\n<\/div><\/section><\/p><\/div>\n\n<style type=\"text\/css\" data-created_by=\"avia_inline_auto\" id=\"style-css-av-2tyfii-7ebf8ab084cbc10e2d539f781e1ebf17\">\n.flex_column.av-2tyfii-7ebf8ab084cbc10e2d539f781e1ebf17{\nborder-radius:0px 0px 0px 0px;\npadding:0px 0px 0px 0px;\n}\n<\/style>\n<div  class='flex_column av-2tyfii-7ebf8ab084cbc10e2d539f781e1ebf17 av_one_third  avia-builder-el-6  el_after_av_one_third  el_before_av_one_third  flex_column_div av-zero-column-padding  '     ><p>\n<style type=\"text\/css\" data-created_by=\"avia_inline_auto\" id=\"style-css-av-jp9ih9nq-1f4e095e33e885583650ec4b2565b8bc\">\n#top .av-special-heading.av-jp9ih9nq-1f4e095e33e885583650ec4b2565b8bc{\npadding-bottom:0;\n}\nbody .av-special-heading.av-jp9ih9nq-1f4e095e33e885583650ec4b2565b8bc .av-special-heading-tag .heading-char{\nfont-size:25px;\n}\n.av-special-heading.av-jp9ih9nq-1f4e095e33e885583650ec4b2565b8bc .av-subheading{\nfont-size:18px;\n}\n<\/style>\n<div  class='av-special-heading av-jp9ih9nq-1f4e095e33e885583650ec4b2565b8bc av-special-heading-h2 blockquote modern-quote  avia-builder-el-7  el_before_av_textblock  avia-builder-el-first '><h2 class='av-special-heading-tag '  itemprop=\"headline\"  >PUBLICATION DIRECTOR:<\/h2><div class=\"special-heading-border\"><div class=\"special-heading-inner-border\"><\/div><\/div><\/div><br \/>\n<section  class='av_textblock_section av-2mvzsi-6ae356b3f5d08a3b803311204767fc28 '   itemscope=\"itemscope\" itemtype=\"https:\/\/schema.org\/CreativeWork\" ><div class='avia_textblock'  itemprop=\"text\" ><p>Julie Prendleloup<\/p>\n<\/div><\/section><\/p><\/div>\n<style type=\"text\/css\" data-created_by=\"avia_inline_auto\" id=\"style-css-av-2ei94y-c162ba137bd6c0d06fb8d682b3bc3d01\">\n.flex_column.av-2ei94y-c162ba137bd6c0d06fb8d682b3bc3d01{\nborder-radius:0px 0px 0px 0px;\npadding:0px 0px 0px 0px;\n}\n<\/style>\n<div  class='flex_column av-2ei94y-c162ba137bd6c0d06fb8d682b3bc3d01 av_one_third  avia-builder-el-9  el_after_av_one_third  el_before_av_section  avia-builder-el-last  flex_column_div av-zero-column-padding  '     ><p>\n<style type=\"text\/css\" data-created_by=\"avia_inline_auto\" id=\"style-css-av-jp9ihg02-82fbc33ceb0934767a0f3517593e6e21\">\n#top .av-special-heading.av-jp9ihg02-82fbc33ceb0934767a0f3517593e6e21{\npadding-bottom:0;\n}\nbody .av-special-heading.av-jp9ihg02-82fbc33ceb0934767a0f3517593e6e21 .av-special-heading-tag .heading-char{\nfont-size:25px;\n}\n.av-special-heading.av-jp9ihg02-82fbc33ceb0934767a0f3517593e6e21 .av-subheading{\nfont-size:18px;\n}\n<\/style>\n<div  class='av-special-heading av-jp9ihg02-82fbc33ceb0934767a0f3517593e6e21 av-special-heading-h2 blockquote modern-quote  avia-builder-el-10  el_before_av_textblock  avia-builder-el-first '><h2 class='av-special-heading-tag '  itemprop=\"headline\"  >SERVER AGENCY AND CENTRE:<\/h2><div class=\"special-heading-border\"><div class=\"special-heading-inner-border\"><\/div><\/div><\/div><br \/>\n<section  class='av_textblock_section av-23ubdm-f906d97c488346945b63b7ba68ddfc94 '   itemscope=\"itemscope\" itemtype=\"https:\/\/schema.org\/CreativeWork\" ><div class='avia_textblock'  itemprop=\"text\" ><p class=\"Body\"><span lang=\"EN-US\">Dixi (Registered Company)<o:p><\/o:p><\/span><\/p>\n<p class=\"Body\"><span lang=\"EN-US\">La Valentine Business Centre<o:p><\/o:p><\/span><\/p>\n<p class=\"Body\"><span lang=\"EN-US\">20 traverse de la montre<o:p><\/o:p><\/span><\/p>\n<p class=\"Body\"><span lang=\"EN-US\">13011 Marseille<o:p><\/o:p><\/span><\/p>\n<p class=\"Body\"><span lang=\"EN-US\">France<o:p><\/o:p><\/span><\/p>\n<\/div><\/section><\/p><\/div><\/p>\n<\/div><\/div><\/div><!-- close content main div --><\/div><\/div>\n<style type=\"text\/css\" data-created_by=\"avia_inline_auto\" id=\"style-css-av-1vko3m-11a9701940c0ff1dc68a37a19e5bbe5b\">\n.avia-section.av-1vko3m-11a9701940c0ff1dc68a37a19e5bbe5b{\nbackground-color:#fcfcfc;\nbackground-image:unset;\n}\n<\/style>\n<div id='av_section_1'  class='avia-section av-1vko3m-11a9701940c0ff1dc68a37a19e5bbe5b main_color avia-section-large avia-no-shadow  avia-builder-el-12  el_after_av_one_third  el_before_av_section  avia-bg-style-scroll container_wrap fullsize'  ><div class='container av-section-cont-open' ><div class='template-page content  av-content-full alpha units'><div class='post-entry post-entry-type-page post-entry-1025'><div class='entry-content-wrapper clearfix'>\n\n<style type=\"text\/css\" data-created_by=\"avia_inline_auto\" id=\"style-css-av-jp9ihyf2-7b791cd18bc2104faf79a5e9a5545738\">\n#top .av-special-heading.av-jp9ihyf2-7b791cd18bc2104faf79a5e9a5545738{\npadding-bottom:0;\n}\nbody .av-special-heading.av-jp9ihyf2-7b791cd18bc2104faf79a5e9a5545738 .av-special-heading-tag .heading-char{\nfont-size:25px;\n}\n.av-special-heading.av-jp9ihyf2-7b791cd18bc2104faf79a5e9a5545738 .av-subheading{\nfont-size:18px;\n}\n<\/style>\n<div  class='av-special-heading av-jp9ihyf2-7b791cd18bc2104faf79a5e9a5545738 av-special-heading-h2 blockquote modern-quote  avia-builder-el-13  el_before_av_hr  avia-builder-el-first '><h2 class='av-special-heading-tag '  itemprop=\"headline\"  >INTRODUCTION<\/h2><div class='av-subheading av-subheading_below'><p>By accessing and browsing this site brought to you by Easydem.com, you hereby acknowledge your rights and obligations, and fully agree to comply with the site\u2019s terms of use. These conditions may have been updated since you last connected to the site. You are therefore invited to review this page whenever you connect to the site.<\/p>\n<\/div><div class=\"special-heading-border\"><div class=\"special-heading-inner-border\"><\/div><\/div><\/div>\n\n<style type=\"text\/css\" data-created_by=\"avia_inline_auto\" id=\"style-css-av-1k7oc2-a3d2bae71533a65bfe65cd8027544794\">\n#top .hr.av-1k7oc2-a3d2bae71533a65bfe65cd8027544794{\nmargin-top:5px;\nmargin-bottom:35px;\n}\n.hr.av-1k7oc2-a3d2bae71533a65bfe65cd8027544794 .hr-inner{\nwidth:50px;\nborder-color:#ea6239;\n}\n<\/style>\n<div  class='hr av-1k7oc2-a3d2bae71533a65bfe65cd8027544794 hr-custom  avia-builder-el-14  el_after_av_heading  avia-builder-el-last  hr-left hr-icon-no'><span class='hr-inner inner-border-av-border-fat'><span class=\"hr-inner-style\"><\/span><\/span><\/div>\n\n<\/div><\/div><\/div><!-- close content main div --><\/div><\/div>\n<style type=\"text\/css\" data-created_by=\"avia_inline_auto\" id=\"style-css-av-1cmctu-4a2268795004511bb58298053c7ab94a\">\n.avia-section.av-1cmctu-4a2268795004511bb58298053c7ab94a{\nbackground-color:#fcfcfc;\nbackground-image:unset;\n}\n<\/style>\n<div id='av_section_2'  class='avia-section av-1cmctu-4a2268795004511bb58298053c7ab94a main_color avia-section-large avia-no-shadow  avia-builder-el-15  el_after_av_section  el_before_av_section  avia-bg-style-scroll container_wrap fullsize'  ><div class='container av-section-cont-open' ><div class='template-page content  av-content-full alpha units'><div class='post-entry post-entry-type-page post-entry-1025'><div class='entry-content-wrapper clearfix'>\n\n<style type=\"text\/css\" data-created_by=\"avia_inline_auto\" id=\"style-css-av-jp9ii5sx-73f16d9367b717cbb30bfdedc206f982\">\n#top .av-special-heading.av-jp9ii5sx-73f16d9367b717cbb30bfdedc206f982{\npadding-bottom:0;\n}\nbody .av-special-heading.av-jp9ii5sx-73f16d9367b717cbb30bfdedc206f982 .av-special-heading-tag .heading-char{\nfont-size:25px;\n}\n.av-special-heading.av-jp9ii5sx-73f16d9367b717cbb30bfdedc206f982 .av-subheading{\nfont-size:18px;\n}\n<\/style>\n<div  class='av-special-heading av-jp9ii5sx-73f16d9367b717cbb30bfdedc206f982 av-special-heading-h2 blockquote modern-quote  avia-builder-el-16  el_before_av_hr  avia-builder-el-first '><h2 class='av-special-heading-tag '  itemprop=\"headline\"  >REPRODUCTION RIGHTS<\/h2><div class=\"special-heading-border\"><div class=\"special-heading-inner-border\"><\/div><\/div><\/div>\n\n<style type=\"text\/css\" data-created_by=\"avia_inline_auto\" id=\"style-css-av-11k3my-12572f19bbf9fe1837a0003b1b17355c\">\n#top .hr.av-11k3my-12572f19bbf9fe1837a0003b1b17355c{\nmargin-top:5px;\nmargin-bottom:35px;\n}\n.hr.av-11k3my-12572f19bbf9fe1837a0003b1b17355c .hr-inner{\nwidth:50px;\nborder-color:#ea6239;\n}\n<\/style>\n<div  class='hr av-11k3my-12572f19bbf9fe1837a0003b1b17355c hr-custom  avia-builder-el-17  el_after_av_heading  el_before_av_textblock  hr-left hr-icon-no'><span class='hr-inner inner-border-av-border-fat'><span class=\"hr-inner-style\"><\/span><\/span><\/div>\n<section  class='av_textblock_section av-bjlu-8d6db4b90053172364dc19e78c517e28 '   itemscope=\"itemscope\" itemtype=\"https:\/\/schema.org\/CreativeWork\" ><div class='avia_textblock'  itemprop=\"text\" ><p>By accessing the Easydem.eu site, published by the Easydem.com company, you hereby agree to comply with the French Code of Intellectual Property and more generally treaties and international agreements containing provisions relating to the protection of copyrights, creative commons and trademarks.<\/p>\n<p>In this way, you are prohibited from downloading, reproducing \u2013even partially\u2013, selling, distributing, transmitting, publishing or communicating in any form whatsoever the data, articles, photographs, illustrations, animated sequences that appear on the site without specific and prior written authorization from Easydem.com.<\/p>\n<p>You are also prohibited from entering data, photographs and\/or illustrations on Easydem.com\u2019s site that could potentially modify or change the content or appearance of our site\u2019s data, articles, photographs, illustrations, animated sequences, whatsoever the means used.<\/p>\n<p>The violation of any one of these rights represents a counterfeiting offense, an infringement punishable by law in France under article L 335-2 of the Intellectual Property Code, carrying a sentence of two years\u2019 imprisonment and a 152,000 \u20ac fine.<\/p>\n<\/div><\/section>\n\n<\/div><\/div><\/div><!-- close content main div --><\/div><\/div><div id='av_section_3'  class='avia-section av-shrya-1e5694fbdd8e51babb7140c5ff3f5a06 main_color avia-section-large avia-no-shadow  avia-builder-el-19  el_after_av_section  avia-builder-el-last  avia-bg-style-scroll container_wrap fullsize'  ><div class='container av-section-cont-open' ><div class='template-page content  av-content-full alpha units'><div class='post-entry post-entry-type-page post-entry-1025'><div class='entry-content-wrapper clearfix'>\n\n<style type=\"text\/css\" data-created_by=\"avia_inline_auto\" id=\"style-css-av-jp9iirss-d9ff1df1000a458e61a37a0857be6446\">\n#top .av-special-heading.av-jp9iirss-d9ff1df1000a458e61a37a0857be6446{\npadding-bottom:0;\n}\nbody .av-special-heading.av-jp9iirss-d9ff1df1000a458e61a37a0857be6446 .av-special-heading-tag .heading-char{\nfont-size:25px;\n}\n.av-special-heading.av-jp9iirss-d9ff1df1000a458e61a37a0857be6446 .av-subheading{\nfont-size:18px;\n}\n<\/style>\n<div  class='av-special-heading av-jp9iirss-d9ff1df1000a458e61a37a0857be6446 av-special-heading-h2 blockquote modern-quote  avia-builder-el-20  el_before_av_hr  avia-builder-el-first '><h2 class='av-special-heading-tag '  itemprop=\"headline\"  >RESPONSIBILITIES<\/h2><div class=\"special-heading-border\"><div class=\"special-heading-inner-border\"><\/div><\/div><\/div>\n\n<style type=\"text\/css\" data-created_by=\"avia_inline_auto\" id=\"style-css-av-heemy-3b4276b4df05d1acf95b1ebbf307b490\">\n#top .hr.av-heemy-3b4276b4df05d1acf95b1ebbf307b490{\nmargin-top:5px;\nmargin-bottom:35px;\n}\n.hr.av-heemy-3b4276b4df05d1acf95b1ebbf307b490 .hr-inner{\nwidth:50px;\nborder-color:#ea6239;\n}\n<\/style>\n<div  class='hr av-heemy-3b4276b4df05d1acf95b1ebbf307b490 hr-custom  avia-builder-el-21  el_after_av_heading  el_before_av_textblock  hr-left hr-icon-no'><span class='hr-inner inner-border-av-border-fat'><span class=\"hr-inner-style\"><\/span><\/span><\/div>\n<section  class='av_textblock_section av-7pxvu-a71850ba8baa1259b74b2e3bfcdb2434 '   itemscope=\"itemscope\" itemtype=\"https:\/\/schema.org\/CreativeWork\" ><div class='avia_textblock'  itemprop=\"text\" ><p>Easydem.com cannot be held responsible for any hyperlinks available on Easydem.com\u2019s site redirecting users to other websites, nor for the content of these other sites.<\/p>\n<p>Easydem.com will not be held responsible for any direct or indirect damage resulting from the sharing of a virus by a third party through our site and likely to infect your operating system or device\u2019s settings following a visit to, the use of and navigation on this site, or following the download of all or part of the site\u2019s content.<\/p>\n<p>Easydem.com takes great care to ensure the quality of the information provided on our site, but cannot be held responsible for erroneous information or omissions that may appear, such as typographical or lay-out errors. As soon as any error is discovered and notified by you or our webmaster, we endeavour to take corrective measures as soon as possible.<\/p>\n<p>To inform us of any errors or for any requests for information, please e-mail us at: contact@easydem.com<\/p>\n<p>Upon registering data on to the Easydem.com company\u2019s site, users must proceed in accordance with current regulations of and recommendations from the Commission Nationale Informatique et Libert\u00e9s (CNIL).<\/p>\n<p>The present article is unable to prevent the cession or transfer of activities to a third party.<\/p>\n<p>Consequently, according to French Law (Article 27 under Law n. 78.17 enacted on 6 January 1978) relating to \u201cInformation Technology, Data Files and Civil Liberties\u201d, you have the right to oppose (Article 26), access (Articles 34 to 38), modify (Article 36) and delete data pertaining to you. You can exercise this right by contacting:<\/p>\n<p><span>Easydem.com,<\/span><\/p>\n<p><span>404, route du Mandement<\/span><\/p>\n<p><span>La Plaine<\/span><\/p>\n<p><span>P.O. Box 128<\/span><\/p>\n<p><span>Satigny, Switzerland 1242,<\/span><\/p>\n<p><span>E-mail: <strong>contact@easydem.com<\/strong><\/span><\/p>\n<\/div><\/section>\n\n","protected":false},"excerpt":{"rendered":"","protected":false},"author":1,"featured_media":0,"parent":0,"menu_order":0,"comment_status":"closed","ping_status":"closed","template":"","meta":{"footnotes":""},"class_list":["post-1025","page","type-page","status-publish","hentry"],"yoast_head":"<!-- This site is optimized with the Yoast SEO plugin v27.3 - https:\/\/yoast.com\/product\/yoast-seo-wordpress\/ -->\n<title>LEGAL INFORMATION - Easydem D\u00e9m\u00e9nagement<\/title>\n<meta name=\"description\" content=\"LEGAL INFORMATION - Easydem D\u00e9m\u00e9nagement\" \/>\n<meta name=\"robots\" content=\"index, follow, max-snippet:-1, max-image-preview:large, max-video-preview:-1\" \/>\n<link rel=\"canonical\" href=\"https:\/\/easydem.com\/en\/legal-information\/\" \/>\n<meta property=\"og:locale\" content=\"en_US\" \/>\n<meta property=\"og:type\" content=\"article\" \/>\n<meta property=\"og:title\" content=\"LEGAL INFORMATION - Easydem D\u00e9m\u00e9nagement\" \/>\n<meta property=\"og:description\" content=\"LEGAL INFORMATION - Easydem D\u00e9m\u00e9nagement\" \/>\n<meta property=\"og:url\" content=\"https:\/\/easydem.com\/en\/legal-information\/\" \/>\n<meta property=\"og:site_name\" content=\"Easydem\" \/>\n<meta property=\"article:modified_time\" content=\"2025-01-25T14:34:22+00:00\" \/>\n<meta name=\"twitter:card\" content=\"summary_large_image\" \/>\n<meta name=\"twitter:label1\" content=\"Est. reading time\" \/>\n\t<meta name=\"twitter:data1\" content=\"3 minutes\" \/>\n<script type=\"application\/ld+json\" class=\"yoast-schema-graph\">{\"@context\":\"https:\\\/\\\/schema.org\",\"@graph\":[{\"@type\":\"WebPage\",\"@id\":\"https:\\\/\\\/easydem.com\\\/en\\\/legal-information\\\/\",\"url\":\"https:\\\/\\\/easydem.com\\\/en\\\/legal-information\\\/\",\"name\":\"LEGAL INFORMATION - Easydem D\u00e9m\u00e9nagement\",\"isPartOf\":{\"@id\":\"https:\\\/\\\/easydem.com\\\/en\\\/#website\"},\"datePublished\":\"2018-03-12T08:55:20+00:00\",\"dateModified\":\"2025-01-25T14:34:22+00:00\",\"description\":\"LEGAL INFORMATION - Easydem D\u00e9m\u00e9nagement\",\"breadcrumb\":{\"@id\":\"https:\\\/\\\/easydem.com\\\/en\\\/legal-information\\\/#breadcrumb\"},\"inLanguage\":\"en-US\",\"potentialAction\":[{\"@type\":\"ReadAction\",\"target\":[\"https:\\\/\\\/easydem.com\\\/en\\\/legal-information\\\/\"]}]},{\"@type\":\"BreadcrumbList\",\"@id\":\"https:\\\/\\\/easydem.com\\\/en\\\/legal-information\\\/#breadcrumb\",\"itemListElement\":[{\"@type\":\"ListItem\",\"position\":1,\"name\":\"Accueil\",\"item\":\"https:\\\/\\\/easydem.com\\\/en\\\/\"},{\"@type\":\"ListItem\",\"position\":2,\"name\":\"LEGAL INFORMATION\"}]},{\"@type\":\"WebSite\",\"@id\":\"https:\\\/\\\/easydem.com\\\/en\\\/#website\",\"url\":\"https:\\\/\\\/easydem.com\\\/en\\\/\",\"name\":\"Easydem\",\"description\":\"D\u00e9m\u00e9nagement\",\"publisher\":{\"@id\":\"https:\\\/\\\/easydem.com\\\/en\\\/#organization\"},\"potentialAction\":[{\"@type\":\"SearchAction\",\"target\":{\"@type\":\"EntryPoint\",\"urlTemplate\":\"https:\\\/\\\/easydem.com\\\/en\\\/?s={search_term_string}\"},\"query-input\":{\"@type\":\"PropertyValueSpecification\",\"valueRequired\":true,\"valueName\":\"search_term_string\"}}],\"inLanguage\":\"en-US\"},{\"@type\":\"Organization\",\"@id\":\"https:\\\/\\\/easydem.com\\\/en\\\/#organization\",\"name\":\"Easydem\",\"url\":\"https:\\\/\\\/easydem.com\\\/en\\\/\",\"logo\":{\"@type\":\"ImageObject\",\"inLanguage\":\"en-US\",\"@id\":\"https:\\\/\\\/easydem.com\\\/en\\\/#\\\/schema\\\/logo\\\/image\\\/\",\"url\":\"https:\\\/\\\/easydem.com\\\/wp-content\\\/uploads\\\/2017\\\/05\\\/easydem.png\",\"contentUrl\":\"https:\\\/\\\/easydem.com\\\/wp-content\\\/uploads\\\/2017\\\/05\\\/easydem.png\",\"width\":356,\"height\":91,\"caption\":\"Easydem\"},\"image\":{\"@id\":\"https:\\\/\\\/easydem.com\\\/en\\\/#\\\/schema\\\/logo\\\/image\\\/\"}}]}<\/script>\n<!-- \/ Yoast SEO plugin. -->","yoast_head_json":{"title":"LEGAL INFORMATION - Easydem D\u00e9m\u00e9nagement","description":"LEGAL INFORMATION - Easydem D\u00e9m\u00e9nagement","robots":{"index":"index","follow":"follow","max-snippet":"max-snippet:-1","max-image-preview":"max-image-preview:large","max-video-preview":"max-video-preview:-1"},"canonical":"https:\/\/easydem.com\/en\/legal-information\/","og_locale":"en_US","og_type":"article","og_title":"LEGAL INFORMATION - Easydem D\u00e9m\u00e9nagement","og_description":"LEGAL INFORMATION - Easydem D\u00e9m\u00e9nagement","og_url":"https:\/\/easydem.com\/en\/legal-information\/","og_site_name":"Easydem","article_modified_time":"2025-01-25T14:34:22+00:00","twitter_card":"summary_large_image","twitter_misc":{"Est. reading time":"3 minutes"},"schema":{"@context":"https:\/\/schema.org","@graph":[{"@type":"WebPage","@id":"https:\/\/easydem.com\/en\/legal-information\/","url":"https:\/\/easydem.com\/en\/legal-information\/","name":"LEGAL INFORMATION - Easydem D\u00e9m\u00e9nagement","isPartOf":{"@id":"https:\/\/easydem.com\/en\/#website"},"datePublished":"2018-03-12T08:55:20+00:00","dateModified":"2025-01-25T14:34:22+00:00","description":"LEGAL INFORMATION - Easydem D\u00e9m\u00e9nagement","breadcrumb":{"@id":"https:\/\/easydem.com\/en\/legal-information\/#breadcrumb"},"inLanguage":"en-US","potentialAction":[{"@type":"ReadAction","target":["https:\/\/easydem.com\/en\/legal-information\/"]}]},{"@type":"BreadcrumbList","@id":"https:\/\/easydem.com\/en\/legal-information\/#breadcrumb","itemListElement":[{"@type":"ListItem","position":1,"name":"Accueil","item":"https:\/\/easydem.com\/en\/"},{"@type":"ListItem","position":2,"name":"LEGAL INFORMATION"}]},{"@type":"WebSite","@id":"https:\/\/easydem.com\/en\/#website","url":"https:\/\/easydem.com\/en\/","name":"Easydem","description":"D\u00e9m\u00e9nagement","publisher":{"@id":"https:\/\/easydem.com\/en\/#organization"},"potentialAction":[{"@type":"SearchAction","target":{"@type":"EntryPoint","urlTemplate":"https:\/\/easydem.com\/en\/?s={search_term_string}"},"query-input":{"@type":"PropertyValueSpecification","valueRequired":true,"valueName":"search_term_string"}}],"inLanguage":"en-US"},{"@type":"Organization","@id":"https:\/\/easydem.com\/en\/#organization","name":"Easydem","url":"https:\/\/easydem.com\/en\/","logo":{"@type":"ImageObject","inLanguage":"en-US","@id":"https:\/\/easydem.com\/en\/#\/schema\/logo\/image\/","url":"https:\/\/easydem.com\/wp-content\/uploads\/2017\/05\/easydem.png","contentUrl":"https:\/\/easydem.com\/wp-content\/uploads\/2017\/05\/easydem.png","width":356,"height":91,"caption":"Easydem"},"image":{"@id":"https:\/\/easydem.com\/en\/#\/schema\/logo\/image\/"}}]}},"_links":{"self":[{"href":"https:\/\/easydem.com\/en\/wp-json\/wp\/v2\/pages\/1025","targetHints":{"allow":["GET"]}}],"collection":[{"href":"https:\/\/easydem.com\/en\/wp-json\/wp\/v2\/pages"}],"about":[{"href":"https:\/\/easydem.com\/en\/wp-json\/wp\/v2\/types\/page"}],"author":[{"embeddable":true,"href":"https:\/\/easydem.com\/en\/wp-json\/wp\/v2\/users\/1"}],"replies":[{"embeddable":true,"href":"https:\/\/easydem.com\/en\/wp-json\/wp\/v2\/comments?post=1025"}],"version-history":[{"count":3,"href":"https:\/\/easydem.com\/en\/wp-json\/wp\/v2\/pages\/1025\/revisions"}],"predecessor-version":[{"id":3756,"href":"https:\/\/easydem.com\/en\/wp-json\/wp\/v2\/pages\/1025\/revisions\/3756"}],"wp:attachment":[{"href":"https:\/\/easydem.com\/en\/wp-json\/wp\/v2\/media?parent=1025"}],"curies":[{"name":"wp","href":"https:\/\/api.w.org\/{rel}","templated":true}]}}