{"id":1028,"date":"2018-01-20T16:50:46","date_gmt":"2018-01-20T16:50:46","guid":{"rendered":"https:\/\/easydem.com\/easy-move\/locations-vehicules\/"},"modified":"2018-12-04T09:04:25","modified_gmt":"2018-12-04T09:04:25","slug":"rental-services-vehicles-forklifts-and-more","status":"publish","type":"page","link":"https:\/\/easydem.com\/en\/easy-move\/rental-services-vehicles-forklifts-and-more\/","title":{"rendered":"RENTAL SERVICES: VEHICLES, FORKLIFTS AND MORE"},"content":{"rendered":"<div id='layer_slider_1'  class='avia-layerslider main_color avia-shadow  avia-builder-el-0  el_before_av_one_full  avia-builder-el-first  container_wrap fullsize'  style='height: 301px;'  ><\/div><div id='after_layer_slider_1'  class='main_color av_default_container_wrap container_wrap fullsize'  ><div class='container av-section-cont-open' ><div class='template-page content  av-content-full alpha units'><div class='post-entry post-entry-type-page post-entry-1028'><div class='entry-content-wrapper clearfix'>\n\n<style type=\"text\/css\" data-created_by=\"avia_inline_auto\" id=\"style-css-av-vzw1j-24c03575c2cd76cb09d8d1a4ad22e7dd\">\n#top .flex_column.av-vzw1j-24c03575c2cd76cb09d8d1a4ad22e7dd{\nmargin-top:0px;\nmargin-bottom:0px;\n}\n.flex_column.av-vzw1j-24c03575c2cd76cb09d8d1a4ad22e7dd{\nborder-radius:0px 0px 0px 0px;\npadding:0px 0px 0px 0px;\n}\n.responsive #top #wrap_all .flex_column.av-vzw1j-24c03575c2cd76cb09d8d1a4ad22e7dd{\nmargin-top:0px;\nmargin-bottom:0px;\n}\n<\/style>\n<div  class='flex_column av-vzw1j-24c03575c2cd76cb09d8d1a4ad22e7dd av_one_full  avia-builder-el-1  el_after_av_layerslider  el_before_av_one_full  avia-builder-el-first  first flex_column_div av-animated-generic bottom-to-top av-zero-column-padding  '     ><p>\n<style type=\"text\/css\" data-created_by=\"avia_inline_auto\" id=\"style-css-av-jp9iodji-379b478240d654e0d8855d8cf12f1967\">\n#top .av-special-heading.av-jp9iodji-379b478240d654e0d8855d8cf12f1967{\npadding-bottom:0;\n}\nbody .av-special-heading.av-jp9iodji-379b478240d654e0d8855d8cf12f1967 .av-special-heading-tag .heading-char{\nfont-size:25px;\n}\n.av-special-heading.av-jp9iodji-379b478240d654e0d8855d8cf12f1967 .av-subheading{\nfont-size:18px;\n}\n<\/style>\n<div  class='av-special-heading av-jp9iodji-379b478240d654e0d8855d8cf12f1967 av-special-heading-h1 blockquote modern-quote  avia-builder-el-2  el_before_av_hr  avia-builder-el-first '><h1 class='av-special-heading-tag '  itemprop=\"headline\"  >RENTAL SERVICES: VEHICLES, FORKLIFTS AND MORE<\/h1><div class=\"special-heading-border\"><div class=\"special-heading-inner-border\"><\/div><\/div><\/div><br \/>\n\n<style type=\"text\/css\" data-created_by=\"avia_inline_auto\" id=\"style-css-av-mui0n-e1670bdbc9ad776a113cb8eb7fe5b369\">\n#top .hr.av-mui0n-e1670bdbc9ad776a113cb8eb7fe5b369{\nmargin-top:10px;\nmargin-bottom:10px;\n}\n.hr.av-mui0n-e1670bdbc9ad776a113cb8eb7fe5b369 .hr-inner{\nwidth:50px;\nborder-color:#ea6239;\n}\n<\/style>\n<div  class='hr av-mui0n-e1670bdbc9ad776a113cb8eb7fe5b369 hr-custom  avia-builder-el-3  el_after_av_heading  avia-builder-el-last  hr-left hr-icon-no'><span class='hr-inner inner-border-av-border-fat'><span class=\"hr-inner-style\"><\/span><\/span><\/div><\/p><\/div>\n<style type=\"text\/css\" data-created_by=\"avia_inline_auto\" id=\"style-css-av-1mb7r-2e6ca192d128bf651361a3c2c3c32525\">\n.flex_column.av-1mb7r-2e6ca192d128bf651361a3c2c3c32525{\nborder-width:1px;\nborder-color:#eaeaea;\nborder-style:solid;\nborder-radius:0px 0px 0px 0px;\npadding:10px 10px 10px 10px;\n}\n<\/style>\n<div  class='flex_column av-1mb7r-2e6ca192d128bf651361a3c2c3c32525 av_one_full  avia-builder-el-4  el_after_av_one_full  avia-builder-el-last  first flex_column_div av-animated-generic bottom-to-top  column-top-margin'     ><style type=\"text\/css\" data-created_by=\"avia_inline_auto\" id=\"style-css-av-x1hr-54060cbb33d1233f1698172cc4a43e1c\">\n.iconbox.av-x1hr-54060cbb33d1233f1698172cc4a43e1c .iconbox_icon{\nbackground-color:#ffffff;\nborder:1px solid #ea6239;\ncolor:#ea6239;\n}\n.iconbox.av-x1hr-54060cbb33d1233f1698172cc4a43e1c .iconbox_icon.avia-svg-icon svg:first-child{\nfill:#ea6239;\nstroke:#ea6239;\n}\n#top #wrap_all .iconbox.av-x1hr-54060cbb33d1233f1698172cc4a43e1c .iconbox_content_title{\ncolor:#ea6239;\n}\n<\/style>\n<article  class='iconbox iconbox_left_content av-x1hr-54060cbb33d1233f1698172cc4a43e1c  avia-builder-el-5  avia-builder-el-no-sibling '  itemscope=\"itemscope\" itemtype=\"https:\/\/schema.org\/CreativeWork\" ><div class='iconbox_icon heading-color avia-iconfont avia-font-entypo-fontello' data-av_icon='\ue8b1' data-av_iconfont='entypo-fontello'  ><\/div><div class=\"iconbox_content\"><header class=\"entry-content-header\" aria-label=\"Icon: DEPENDING ON THE COUNTRY, EASYDEM.COM OFFERS A COMPLETE SET OF SERVICES TO MANAGE YOUR OWN MOVE AND TRANSPORTATION:\"><h3 class='iconbox_content_title '  itemprop=\"headline\" >DEPENDING ON THE COUNTRY, EASYDEM.COM OFFERS A COMPLETE SET OF SERVICES TO MANAGE YOUR OWN MOVE AND TRANSPORTATION:<\/h3><\/header><div class='iconbox_content_container '  itemprop=\"text\" ><ul>\n<li>Vehicle and materials rental: lorries, trailers, forklifts, professional packing equipment (i.e. plastic crates, portable wardrobes, protective covers, wool covers)<\/li>\n<li>Purchase of adapted packing materials to ensure to safekeeping of your items lighting, crockery and personal effects: boxes (for books, glassware, dishes, lampshades, paintings), portable wardrobes, paper (bubble wrap, plastic film, silk), protective covers (for chairs, armchairs, mattresses, sofas, etc.)<\/li>\n<\/ul>\n<\/div><\/div><footer class=\"entry-footer\"><\/footer><\/article><\/div><\/p>\n","protected":false},"excerpt":{"rendered":"","protected":false},"author":1,"featured_media":0,"parent":954,"menu_order":0,"comment_status":"closed","ping_status":"closed","template":"","meta":{"footnotes":""},"class_list":["post-1028","page","type-page","status-publish","hentry"],"yoast_head":"<!-- This site is optimized with the Yoast SEO plugin v27.3 - https:\/\/yoast.com\/product\/yoast-seo-wordpress\/ -->\n<title>RENTAL SERVICES: VEHICLES, FORKLIFTS AND MORE EASY MOVE - Easydem D\u00e9m\u00e9nagement<\/title>\n<meta name=\"description\" content=\"RENTAL SERVICES: VEHICLES, FORKLIFTS AND MORE - Easydem D\u00e9m\u00e9nagement\" \/>\n<meta name=\"robots\" content=\"index, follow, max-snippet:-1, max-image-preview:large, max-video-preview:-1\" \/>\n<link rel=\"canonical\" href=\"https:\/\/easydem.com\/en\/easy-move\/rental-services-vehicles-forklifts-and-more\/\" \/>\n<meta property=\"og:locale\" content=\"en_US\" \/>\n<meta property=\"og:type\" content=\"article\" \/>\n<meta property=\"og:title\" content=\"RENTAL SERVICES: VEHICLES, FORKLIFTS AND MORE EASY MOVE - Easydem D\u00e9m\u00e9nagement\" \/>\n<meta property=\"og:description\" content=\"RENTAL SERVICES: VEHICLES, FORKLIFTS AND MORE - Easydem D\u00e9m\u00e9nagement\" \/>\n<meta property=\"og:url\" content=\"https:\/\/easydem.com\/en\/easy-move\/rental-services-vehicles-forklifts-and-more\/\" \/>\n<meta property=\"og:site_name\" content=\"Easydem\" \/>\n<meta property=\"article:modified_time\" content=\"2018-12-04T09:04:25+00:00\" \/>\n<meta name=\"twitter:card\" content=\"summary_large_image\" \/>\n<meta name=\"twitter:label1\" content=\"Est. reading time\" \/>\n\t<meta name=\"twitter:data1\" content=\"2 minutes\" \/>\n<script type=\"application\/ld+json\" class=\"yoast-schema-graph\">{\"@context\":\"https:\\\/\\\/schema.org\",\"@graph\":[{\"@type\":\"WebPage\",\"@id\":\"https:\\\/\\\/easydem.com\\\/en\\\/easy-move\\\/rental-services-vehicles-forklifts-and-more\\\/\",\"url\":\"https:\\\/\\\/easydem.com\\\/en\\\/easy-move\\\/rental-services-vehicles-forklifts-and-more\\\/\",\"name\":\"RENTAL SERVICES: VEHICLES, FORKLIFTS AND MORE EASY MOVE - Easydem D\u00e9m\u00e9nagement\",\"isPartOf\":{\"@id\":\"https:\\\/\\\/easydem.com\\\/en\\\/#website\"},\"datePublished\":\"2018-01-20T16:50:46+00:00\",\"dateModified\":\"2018-12-04T09:04:25+00:00\",\"description\":\"RENTAL SERVICES: VEHICLES, FORKLIFTS AND MORE - Easydem D\u00e9m\u00e9nagement\",\"breadcrumb\":{\"@id\":\"https:\\\/\\\/easydem.com\\\/en\\\/easy-move\\\/rental-services-vehicles-forklifts-and-more\\\/#breadcrumb\"},\"inLanguage\":\"en-US\",\"potentialAction\":[{\"@type\":\"ReadAction\",\"target\":[\"https:\\\/\\\/easydem.com\\\/en\\\/easy-move\\\/rental-services-vehicles-forklifts-and-more\\\/\"]}]},{\"@type\":\"BreadcrumbList\",\"@id\":\"https:\\\/\\\/easydem.com\\\/en\\\/easy-move\\\/rental-services-vehicles-forklifts-and-more\\\/#breadcrumb\",\"itemListElement\":[{\"@type\":\"ListItem\",\"position\":1,\"name\":\"Accueil\",\"item\":\"https:\\\/\\\/easydem.com\\\/en\\\/\"},{\"@type\":\"ListItem\",\"position\":2,\"name\":\"EASY MOVE\",\"item\":\"https:\\\/\\\/easydem.com\\\/en\\\/easy-move\\\/\"},{\"@type\":\"ListItem\",\"position\":3,\"name\":\"RENTAL SERVICES: VEHICLES, FORKLIFTS AND MORE\"}]},{\"@type\":\"WebSite\",\"@id\":\"https:\\\/\\\/easydem.com\\\/en\\\/#website\",\"url\":\"https:\\\/\\\/easydem.com\\\/en\\\/\",\"name\":\"Easydem\",\"description\":\"D\u00e9m\u00e9nagement\",\"publisher\":{\"@id\":\"https:\\\/\\\/easydem.com\\\/en\\\/#organization\"},\"potentialAction\":[{\"@type\":\"SearchAction\",\"target\":{\"@type\":\"EntryPoint\",\"urlTemplate\":\"https:\\\/\\\/easydem.com\\\/en\\\/?s={search_term_string}\"},\"query-input\":{\"@type\":\"PropertyValueSpecification\",\"valueRequired\":true,\"valueName\":\"search_term_string\"}}],\"inLanguage\":\"en-US\"},{\"@type\":\"Organization\",\"@id\":\"https:\\\/\\\/easydem.com\\\/en\\\/#organization\",\"name\":\"Easydem\",\"url\":\"https:\\\/\\\/easydem.com\\\/en\\\/\",\"logo\":{\"@type\":\"ImageObject\",\"inLanguage\":\"en-US\",\"@id\":\"https:\\\/\\\/easydem.com\\\/en\\\/#\\\/schema\\\/logo\\\/image\\\/\",\"url\":\"https:\\\/\\\/easydem.com\\\/wp-content\\\/uploads\\\/2017\\\/05\\\/easydem.png\",\"contentUrl\":\"https:\\\/\\\/easydem.com\\\/wp-content\\\/uploads\\\/2017\\\/05\\\/easydem.png\",\"width\":356,\"height\":91,\"caption\":\"Easydem\"},\"image\":{\"@id\":\"https:\\\/\\\/easydem.com\\\/en\\\/#\\\/schema\\\/logo\\\/image\\\/\"}}]}<\/script>\n<!-- \/ Yoast SEO plugin. -->","yoast_head_json":{"title":"RENTAL SERVICES: VEHICLES, FORKLIFTS AND MORE EASY MOVE - Easydem D\u00e9m\u00e9nagement","description":"RENTAL SERVICES: VEHICLES, FORKLIFTS AND MORE - Easydem D\u00e9m\u00e9nagement","robots":{"index":"index","follow":"follow","max-snippet":"max-snippet:-1","max-image-preview":"max-image-preview:large","max-video-preview":"max-video-preview:-1"},"canonical":"https:\/\/easydem.com\/en\/easy-move\/rental-services-vehicles-forklifts-and-more\/","og_locale":"en_US","og_type":"article","og_title":"RENTAL SERVICES: VEHICLES, FORKLIFTS AND MORE EASY MOVE - Easydem D\u00e9m\u00e9nagement","og_description":"RENTAL SERVICES: VEHICLES, FORKLIFTS AND MORE - Easydem D\u00e9m\u00e9nagement","og_url":"https:\/\/easydem.com\/en\/easy-move\/rental-services-vehicles-forklifts-and-more\/","og_site_name":"Easydem","article_modified_time":"2018-12-04T09:04:25+00:00","twitter_card":"summary_large_image","twitter_misc":{"Est. reading time":"2 minutes"},"schema":{"@context":"https:\/\/schema.org","@graph":[{"@type":"WebPage","@id":"https:\/\/easydem.com\/en\/easy-move\/rental-services-vehicles-forklifts-and-more\/","url":"https:\/\/easydem.com\/en\/easy-move\/rental-services-vehicles-forklifts-and-more\/","name":"RENTAL SERVICES: VEHICLES, FORKLIFTS AND MORE EASY MOVE - Easydem D\u00e9m\u00e9nagement","isPartOf":{"@id":"https:\/\/easydem.com\/en\/#website"},"datePublished":"2018-01-20T16:50:46+00:00","dateModified":"2018-12-04T09:04:25+00:00","description":"RENTAL SERVICES: VEHICLES, FORKLIFTS AND MORE - Easydem D\u00e9m\u00e9nagement","breadcrumb":{"@id":"https:\/\/easydem.com\/en\/easy-move\/rental-services-vehicles-forklifts-and-more\/#breadcrumb"},"inLanguage":"en-US","potentialAction":[{"@type":"ReadAction","target":["https:\/\/easydem.com\/en\/easy-move\/rental-services-vehicles-forklifts-and-more\/"]}]},{"@type":"BreadcrumbList","@id":"https:\/\/easydem.com\/en\/easy-move\/rental-services-vehicles-forklifts-and-more\/#breadcrumb","itemListElement":[{"@type":"ListItem","position":1,"name":"Accueil","item":"https:\/\/easydem.com\/en\/"},{"@type":"ListItem","position":2,"name":"EASY MOVE","item":"https:\/\/easydem.com\/en\/easy-move\/"},{"@type":"ListItem","position":3,"name":"RENTAL SERVICES: VEHICLES, FORKLIFTS AND MORE"}]},{"@type":"WebSite","@id":"https:\/\/easydem.com\/en\/#website","url":"https:\/\/easydem.com\/en\/","name":"Easydem","description":"D\u00e9m\u00e9nagement","publisher":{"@id":"https:\/\/easydem.com\/en\/#organization"},"potentialAction":[{"@type":"SearchAction","target":{"@type":"EntryPoint","urlTemplate":"https:\/\/easydem.com\/en\/?s={search_term_string}"},"query-input":{"@type":"PropertyValueSpecification","valueRequired":true,"valueName":"search_term_string"}}],"inLanguage":"en-US"},{"@type":"Organization","@id":"https:\/\/easydem.com\/en\/#organization","name":"Easydem","url":"https:\/\/easydem.com\/en\/","logo":{"@type":"ImageObject","inLanguage":"en-US","@id":"https:\/\/easydem.com\/en\/#\/schema\/logo\/image\/","url":"https:\/\/easydem.com\/wp-content\/uploads\/2017\/05\/easydem.png","contentUrl":"https:\/\/easydem.com\/wp-content\/uploads\/2017\/05\/easydem.png","width":356,"height":91,"caption":"Easydem"},"image":{"@id":"https:\/\/easydem.com\/en\/#\/schema\/logo\/image\/"}}]}},"_links":{"self":[{"href":"https:\/\/easydem.com\/en\/wp-json\/wp\/v2\/pages\/1028","targetHints":{"allow":["GET"]}}],"collection":[{"href":"https:\/\/easydem.com\/en\/wp-json\/wp\/v2\/pages"}],"about":[{"href":"https:\/\/easydem.com\/en\/wp-json\/wp\/v2\/types\/page"}],"author":[{"embeddable":true,"href":"https:\/\/easydem.com\/en\/wp-json\/wp\/v2\/users\/1"}],"replies":[{"embeddable":true,"href":"https:\/\/easydem.com\/en\/wp-json\/wp\/v2\/comments?post=1028"}],"version-history":[{"count":2,"href":"https:\/\/easydem.com\/en\/wp-json\/wp\/v2\/pages\/1028\/revisions"}],"predecessor-version":[{"id":1030,"href":"https:\/\/easydem.com\/en\/wp-json\/wp\/v2\/pages\/1028\/revisions\/1030"}],"up":[{"embeddable":true,"href":"https:\/\/easydem.com\/en\/wp-json\/wp\/v2\/pages\/954"}],"wp:attachment":[{"href":"https:\/\/easydem.com\/en\/wp-json\/wp\/v2\/media?parent=1028"}],"curies":[{"name":"wp","href":"https:\/\/api.w.org\/{rel}","templated":true}]}}