{"id":1031,"date":"2018-05-14T14:36:16","date_gmt":"2018-05-14T14:36:16","guid":{"rendered":"https:\/\/easydem.com\/photos-transmission-devis\/"},"modified":"2018-12-04T09:08:34","modified_gmt":"2018-12-04T09:08:34","slug":"upload-your-photos","status":"publish","type":"page","link":"https:\/\/easydem.com\/en\/upload-your-photos\/","title":{"rendered":"Upload your photos"},"content":{"rendered":"<div id='layer_slider_1'  class='avia-layerslider main_color avia-shadow  avia-builder-el-0  el_before_av_heading  avia-builder-el-first  container_wrap fullsize'  style='height: 301px;'  ><\/div><div id='after_layer_slider_1'  class='main_color av_default_container_wrap container_wrap fullsize'  ><div class='container av-section-cont-open' ><div class='template-page content  av-content-full alpha units'><div class='post-entry post-entry-type-page post-entry-1031'><div class='entry-content-wrapper clearfix'>\n\n<style type=\"text\/css\" data-created_by=\"avia_inline_auto\" id=\"style-css-av-jp9iqqjq-9ac65bd8966eb826d2fe6b41dcbebb3f\">\n#top .av-special-heading.av-jp9iqqjq-9ac65bd8966eb826d2fe6b41dcbebb3f{\npadding-bottom:10px;\n}\nbody .av-special-heading.av-jp9iqqjq-9ac65bd8966eb826d2fe6b41dcbebb3f .av-special-heading-tag .heading-char{\nfont-size:25px;\n}\n.av-special-heading.av-jp9iqqjq-9ac65bd8966eb826d2fe6b41dcbebb3f .av-subheading{\nfont-size:15px;\n}\n<\/style>\n<div  class='av-special-heading av-jp9iqqjq-9ac65bd8966eb826d2fe6b41dcbebb3f av-special-heading-h3  avia-builder-el-1  el_after_av_layerslider  el_before_av_textblock  avia-builder-el-first '><h3 class='av-special-heading-tag '  itemprop=\"headline\"  >Get your quote by uploading photos of your move<\/h3><div class=\"special-heading-border\"><div class=\"special-heading-inner-border\"><\/div><\/div><\/div>\n<section  class='av_textblock_section av-jh6cooh9-2c09061bbcdf9085ea9d82e03402760a '   itemscope=\"itemscope\" itemtype=\"https:\/\/schema.org\/CreativeWork\" ><div class='avia_textblock'  itemprop=\"text\" ><p>Useful tips to send us your photos<\/p>\n<p>Thanks to Easy Move by Easydem.com, you can upload 30-40 photos at a time so that we can assess the total volume of your move.<\/p>\n<p>Simply use one of these two file-sharing platforms free of charge:<\/p>\n<ol>\n<li>WeTransfer (<span><a href=\"https:\/\/wetransfer.com\">https:\/\/wetransfer.com<\/a><\/span>)<\/li>\n<li>Free (<span><a href=\"http:\/\/dl.free.fr\">free.fr<\/a><\/span>)<\/li>\n<\/ol>\n<p>You can select photos from your computer or smartphone, connect to one of the file-sharing platforms suggested above, and send them to <span><a href=\"mailto:contact@easydem.com\">contact@easydem.com<\/a><\/span><\/p>\n<\/div><\/section>\n<section  class='av_textblock_section av-jh6clxib-b5906b6db78531cb11c56aeb2aea0ecc '   itemscope=\"itemscope\" itemtype=\"https:\/\/schema.org\/CreativeWork\" ><div class='avia_textblock'  itemprop=\"text\" ><ul>\n<li><a href=\"https:\/\/wetransfer.com\/\" target=\"_blank\" rel=\"noopener\">wetransfer<\/a><\/li>\n<\/ul>\n<\/div><\/section>\n<section  class='av_textblock_section av-jh6clxib-b5906b6db78531cb11c56aeb2aea0ecc '   itemscope=\"itemscope\" itemtype=\"https:\/\/schema.org\/CreativeWork\" ><div class='avia_textblock'  itemprop=\"text\" ><ul>\n<li><a href=\"http:\/\/dl.free.fr\/\" target=\"_blank\" rel=\"noopener\">Free<\/a><\/li>\n<\/ul>\n<\/div><\/section>\n","protected":false},"excerpt":{"rendered":"","protected":false},"author":1,"featured_media":0,"parent":0,"menu_order":0,"comment_status":"closed","ping_status":"closed","template":"","meta":{"footnotes":""},"class_list":["post-1031","page","type-page","status-publish","hentry"],"yoast_head":"<!-- This site is optimized with the Yoast SEO plugin v27.3 - https:\/\/yoast.com\/product\/yoast-seo-wordpress\/ -->\n<title>Upload your photos - Easydem D\u00e9m\u00e9nagement<\/title>\n<meta name=\"description\" content=\"Upload your photos - Easydem D\u00e9m\u00e9nagement\" \/>\n<meta name=\"robots\" content=\"index, follow, max-snippet:-1, max-image-preview:large, max-video-preview:-1\" \/>\n<link rel=\"canonical\" href=\"https:\/\/easydem.com\/en\/upload-your-photos\/\" \/>\n<meta property=\"og:locale\" content=\"en_US\" \/>\n<meta property=\"og:type\" content=\"article\" \/>\n<meta property=\"og:title\" content=\"Upload your photos - Easydem D\u00e9m\u00e9nagement\" \/>\n<meta property=\"og:description\" content=\"Upload your photos - Easydem D\u00e9m\u00e9nagement\" \/>\n<meta property=\"og:url\" content=\"https:\/\/easydem.com\/en\/upload-your-photos\/\" \/>\n<meta property=\"og:site_name\" content=\"Easydem\" \/>\n<meta property=\"article:modified_time\" content=\"2018-12-04T09:08:34+00:00\" \/>\n<meta name=\"twitter:card\" content=\"summary_large_image\" \/>\n<meta name=\"twitter:label1\" content=\"Est. reading time\" \/>\n\t<meta name=\"twitter:data1\" content=\"1 minute\" \/>\n<script type=\"application\/ld+json\" class=\"yoast-schema-graph\">{\"@context\":\"https:\\\/\\\/schema.org\",\"@graph\":[{\"@type\":\"WebPage\",\"@id\":\"https:\\\/\\\/easydem.com\\\/en\\\/upload-your-photos\\\/\",\"url\":\"https:\\\/\\\/easydem.com\\\/en\\\/upload-your-photos\\\/\",\"name\":\"Upload your photos - Easydem D\u00e9m\u00e9nagement\",\"isPartOf\":{\"@id\":\"https:\\\/\\\/easydem.com\\\/en\\\/#website\"},\"datePublished\":\"2018-05-14T14:36:16+00:00\",\"dateModified\":\"2018-12-04T09:08:34+00:00\",\"description\":\"Upload your photos - Easydem D\u00e9m\u00e9nagement\",\"breadcrumb\":{\"@id\":\"https:\\\/\\\/easydem.com\\\/en\\\/upload-your-photos\\\/#breadcrumb\"},\"inLanguage\":\"en-US\",\"potentialAction\":[{\"@type\":\"ReadAction\",\"target\":[\"https:\\\/\\\/easydem.com\\\/en\\\/upload-your-photos\\\/\"]}]},{\"@type\":\"BreadcrumbList\",\"@id\":\"https:\\\/\\\/easydem.com\\\/en\\\/upload-your-photos\\\/#breadcrumb\",\"itemListElement\":[{\"@type\":\"ListItem\",\"position\":1,\"name\":\"Accueil\",\"item\":\"https:\\\/\\\/easydem.com\\\/en\\\/\"},{\"@type\":\"ListItem\",\"position\":2,\"name\":\"Upload your photos\"}]},{\"@type\":\"WebSite\",\"@id\":\"https:\\\/\\\/easydem.com\\\/en\\\/#website\",\"url\":\"https:\\\/\\\/easydem.com\\\/en\\\/\",\"name\":\"Easydem\",\"description\":\"D\u00e9m\u00e9nagement\",\"publisher\":{\"@id\":\"https:\\\/\\\/easydem.com\\\/en\\\/#organization\"},\"potentialAction\":[{\"@type\":\"SearchAction\",\"target\":{\"@type\":\"EntryPoint\",\"urlTemplate\":\"https:\\\/\\\/easydem.com\\\/en\\\/?s={search_term_string}\"},\"query-input\":{\"@type\":\"PropertyValueSpecification\",\"valueRequired\":true,\"valueName\":\"search_term_string\"}}],\"inLanguage\":\"en-US\"},{\"@type\":\"Organization\",\"@id\":\"https:\\\/\\\/easydem.com\\\/en\\\/#organization\",\"name\":\"Easydem\",\"url\":\"https:\\\/\\\/easydem.com\\\/en\\\/\",\"logo\":{\"@type\":\"ImageObject\",\"inLanguage\":\"en-US\",\"@id\":\"https:\\\/\\\/easydem.com\\\/en\\\/#\\\/schema\\\/logo\\\/image\\\/\",\"url\":\"https:\\\/\\\/easydem.com\\\/wp-content\\\/uploads\\\/2017\\\/05\\\/easydem.png\",\"contentUrl\":\"https:\\\/\\\/easydem.com\\\/wp-content\\\/uploads\\\/2017\\\/05\\\/easydem.png\",\"width\":356,\"height\":91,\"caption\":\"Easydem\"},\"image\":{\"@id\":\"https:\\\/\\\/easydem.com\\\/en\\\/#\\\/schema\\\/logo\\\/image\\\/\"}}]}<\/script>\n<!-- \/ Yoast SEO plugin. -->","yoast_head_json":{"title":"Upload your photos - Easydem D\u00e9m\u00e9nagement","description":"Upload your photos - Easydem D\u00e9m\u00e9nagement","robots":{"index":"index","follow":"follow","max-snippet":"max-snippet:-1","max-image-preview":"max-image-preview:large","max-video-preview":"max-video-preview:-1"},"canonical":"https:\/\/easydem.com\/en\/upload-your-photos\/","og_locale":"en_US","og_type":"article","og_title":"Upload your photos - Easydem D\u00e9m\u00e9nagement","og_description":"Upload your photos - Easydem D\u00e9m\u00e9nagement","og_url":"https:\/\/easydem.com\/en\/upload-your-photos\/","og_site_name":"Easydem","article_modified_time":"2018-12-04T09:08:34+00:00","twitter_card":"summary_large_image","twitter_misc":{"Est. reading time":"1 minute"},"schema":{"@context":"https:\/\/schema.org","@graph":[{"@type":"WebPage","@id":"https:\/\/easydem.com\/en\/upload-your-photos\/","url":"https:\/\/easydem.com\/en\/upload-your-photos\/","name":"Upload your photos - Easydem D\u00e9m\u00e9nagement","isPartOf":{"@id":"https:\/\/easydem.com\/en\/#website"},"datePublished":"2018-05-14T14:36:16+00:00","dateModified":"2018-12-04T09:08:34+00:00","description":"Upload your photos - Easydem D\u00e9m\u00e9nagement","breadcrumb":{"@id":"https:\/\/easydem.com\/en\/upload-your-photos\/#breadcrumb"},"inLanguage":"en-US","potentialAction":[{"@type":"ReadAction","target":["https:\/\/easydem.com\/en\/upload-your-photos\/"]}]},{"@type":"BreadcrumbList","@id":"https:\/\/easydem.com\/en\/upload-your-photos\/#breadcrumb","itemListElement":[{"@type":"ListItem","position":1,"name":"Accueil","item":"https:\/\/easydem.com\/en\/"},{"@type":"ListItem","position":2,"name":"Upload your photos"}]},{"@type":"WebSite","@id":"https:\/\/easydem.com\/en\/#website","url":"https:\/\/easydem.com\/en\/","name":"Easydem","description":"D\u00e9m\u00e9nagement","publisher":{"@id":"https:\/\/easydem.com\/en\/#organization"},"potentialAction":[{"@type":"SearchAction","target":{"@type":"EntryPoint","urlTemplate":"https:\/\/easydem.com\/en\/?s={search_term_string}"},"query-input":{"@type":"PropertyValueSpecification","valueRequired":true,"valueName":"search_term_string"}}],"inLanguage":"en-US"},{"@type":"Organization","@id":"https:\/\/easydem.com\/en\/#organization","name":"Easydem","url":"https:\/\/easydem.com\/en\/","logo":{"@type":"ImageObject","inLanguage":"en-US","@id":"https:\/\/easydem.com\/en\/#\/schema\/logo\/image\/","url":"https:\/\/easydem.com\/wp-content\/uploads\/2017\/05\/easydem.png","contentUrl":"https:\/\/easydem.com\/wp-content\/uploads\/2017\/05\/easydem.png","width":356,"height":91,"caption":"Easydem"},"image":{"@id":"https:\/\/easydem.com\/en\/#\/schema\/logo\/image\/"}}]}},"_links":{"self":[{"href":"https:\/\/easydem.com\/en\/wp-json\/wp\/v2\/pages\/1031","targetHints":{"allow":["GET"]}}],"collection":[{"href":"https:\/\/easydem.com\/en\/wp-json\/wp\/v2\/pages"}],"about":[{"href":"https:\/\/easydem.com\/en\/wp-json\/wp\/v2\/types\/page"}],"author":[{"embeddable":true,"href":"https:\/\/easydem.com\/en\/wp-json\/wp\/v2\/users\/1"}],"replies":[{"embeddable":true,"href":"https:\/\/easydem.com\/en\/wp-json\/wp\/v2\/comments?post=1031"}],"version-history":[{"count":2,"href":"https:\/\/easydem.com\/en\/wp-json\/wp\/v2\/pages\/1031\/revisions"}],"predecessor-version":[{"id":1047,"href":"https:\/\/easydem.com\/en\/wp-json\/wp\/v2\/pages\/1031\/revisions\/1047"}],"wp:attachment":[{"href":"https:\/\/easydem.com\/en\/wp-json\/wp\/v2\/media?parent=1031"}],"curies":[{"name":"wp","href":"https:\/\/api.w.org\/{rel}","templated":true}]}}