{"id":1048,"date":"2018-01-22T07:34:07","date_gmt":"2018-01-22T07:34:07","guid":{"rendered":"https:\/\/easydem.com\/devis-demenagement\/"},"modified":"2018-12-04T10:19:26","modified_gmt":"2018-12-04T10:19:26","slug":"quote-form","status":"publish","type":"page","link":"https:\/\/easydem.com\/en\/quote-form\/","title":{"rendered":"Quote form"},"content":{"rendered":"<section  class='av_textblock_section av-3rim35-c384d65cc0ca8e03f6a0faaec54e452d '   itemscope=\"itemscope\" itemtype=\"https:\/\/schema.org\/CreativeWork\" ><div class='avia_textblock'  itemprop=\"text\" ><\/div><\/section>\n<form action=\"https:\/\/easydem.com\/en\/quote-form\/\" method=\"post\" data-fields-with-error=\"Found errors in the following field(s):\" class=\"avia_ajax_form av-form-labels-visible   avia-builder-el-1  el_after_av_textblock  el_before_av_textblock   \" data-avia-form-id=\"1\" data-avia-redirect='' ><h3 class=''>Get your free quote now by completing the form details below:<\/h3><fieldset><p class='  first_form  form_element form_element_half' id='element_avia_1_1'><label for=\"avia_1_1\">Name <abbr class=\"required\" title=\"required\">*<\/abbr><\/label> <input name=\"avia_1_1\" class=\"text_input is_empty\" type=\"text\" id=\"avia_1_1\" value=\"\" \/><\/p><p class='  form_element form_element_half' id='element_avia_2_1'><label for=\"avia_2_1\">First Name<\/label> <input name=\"avia_2_1\" class=\"text_input \" type=\"text\" id=\"avia_2_1\" value=\"\" \/><\/p><p class='  first_form  form_element form_element_half' id='element_avia_3_1'><label for=\"avia_3_1\">Company<\/label> <input name=\"avia_3_1\" class=\"text_input \" type=\"text\" id=\"avia_3_1\" value=\"\" \/><\/p><p class='  form_element form_element_half' id='element_avia_4_1'><label for=\"avia_4_1\">Tel. <\/label> <input name=\"avia_4_1\" class=\"text_input \" type=\"text\" id=\"avia_4_1\" value=\"\" \/><\/p><p class='  first_form  form_element form_element_half' id='element_avia_5_1'><label for=\"avia_5_1\">Mobile<\/label> <input name=\"avia_5_1\" class=\"text_input \" type=\"text\" id=\"avia_5_1\" value=\"\" \/><\/p><p class='  form_element form_element_half' id='element_avia_6_1'><label for=\"avia_6_1\">E-mail <abbr class=\"required\" title=\"required\">*<\/abbr><\/label> <input name=\"avia_6_1\" class=\"text_input is_email\" type=\"text\" id=\"avia_6_1\" value=\"\" \/><\/p><p class='  first_form  form_element form_element_two_third' id='element_avia_7_1'><label for=\"avia_7_1\" class=\"textare_label hidden textare_label_avia_7_1\">Origin Address<\/label><textarea  name=\"avia_7_1\" class=\"text_area \" cols=\"40\" rows=\"7\" id=\"avia_7_1\" ><\/textarea><\/p><p class='  form_element form_element_fourth' id='element_avia_8_1'><label for=\"avia_8_1\">Floors<\/label> <input name=\"avia_8_1\" class=\"text_input \" type=\"text\" id=\"avia_8_1\" value=\"\" \/><\/p><p class='  first_form  form_element form_element_half' id='element_avia_9_1'><label for=\"avia_9_1\">Postcode<\/label> <input name=\"avia_9_1\" class=\"text_input \" type=\"text\" id=\"avia_9_1\" value=\"\" \/><\/p><p class='  form_element form_element_half' id='element_avia_10_1'><label for=\"avia_10_1\">City<\/label> <input name=\"avia_10_1\" class=\"text_input \" type=\"text\" id=\"avia_10_1\" value=\"\" \/><\/p><p class='  first_form  form_element form_element_half' id='element_avia_11_1'><label for=\"avia_11_1\">Country<\/label> <input name=\"avia_11_1\" class=\"text_input \" type=\"text\" id=\"avia_11_1\" value=\"\" \/><\/p><p class='  first_form  form_element form_fullwidth' id='element_avia_12_1'><label for=\"avia_12_1\" class=\"textare_label hidden textare_label_avia_12_1\">Destination Address<\/label><textarea  name=\"avia_12_1\" class=\"text_area \" cols=\"40\" rows=\"7\" id=\"avia_12_1\" ><\/textarea><\/p><p class='  first_form  form_element form_element_fourth' id='element_avia_13_1'><label for=\"avia_13_1\">Floors<\/label> <input name=\"avia_13_1\" class=\"text_input \" type=\"text\" id=\"avia_13_1\" value=\"\" \/><\/p><p class='  form_element form_element_half' id='element_avia_14_1'><label for=\"avia_14_1\">Postcode<\/label> <input name=\"avia_14_1\" class=\"text_input \" type=\"text\" id=\"avia_14_1\" value=\"\" \/><\/p><p class='  first_form  form_element form_element_half' id='element_avia_15_1'><label for=\"avia_15_1\">City<\/label> <input name=\"avia_15_1\" class=\"text_input \" type=\"text\" id=\"avia_15_1\" value=\"\" \/><\/p><p class='  form_element form_element_half' id='element_avia_16_1'><label for=\"avia_16_1\">Country<\/label> <input name=\"avia_16_1\" class=\"text_input \" type=\"text\" id=\"avia_16_1\" value=\"\" \/><\/p><p class='  first_form  form_element form_element_third' id='element_avia_17_1'><label for=\"avia_17_1\">Volume estimate (in cubic metres)<\/label> <input name=\"avia_17_1\" class=\"text_input \" type=\"text\" id=\"avia_17_1\" value=\"\" \/><\/p><p class='  form_element form_element_half' id='element_avia_18_1'><label for=\"avia_18_1\">When are you moving?<\/label> <input name=\"avia_18_1\" class=\"avia_datepicker text_input \" type=\"text\" id=\"avia_18_1\" value=\"\" placeholder=\"DD \/ MM \/ YY\" inputmode=\"none\" \/><\/p><p class='  first_form  form_element form_fullwidth av-last-visible-form-element' id='element_avia_19_1'><label for=\"avia_19_1\" class=\"textare_label hidden textare_label_avia_19_1\">Message<\/label><textarea  name=\"avia_19_1\" class=\"text_area \" cols=\"40\" rows=\"7\" id=\"avia_19_1\" ><\/textarea><\/p><p class=\"hidden\"><input type=\"text\" name=\"avia_20_1\" class=\"hidden \" id=\"avia_20_1\" value=\"\" \/><\/p><p class=\"form_element \"><input type=\"hidden\" value=\"1\" name=\"avia_generated_form1\" \/><input type=\"submit\" value=\"Send\" class=\"button\"  data-sending-label=\"Sending\"\/><\/p><\/fieldset><\/form><div id=\"ajaxresponse_1\" class=\"ajaxresponse ajaxresponse_1 hidden\"><\/div>\n<section  class='av_textblock_section av-bggg9-e0c23cb620862dbe133aeb4fee76e483 '   itemscope=\"itemscope\" itemtype=\"https:\/\/schema.org\/CreativeWork\" ><div class='avia_textblock'  itemprop=\"text\" ><\/div><\/section>\n","protected":false},"excerpt":{"rendered":"","protected":false},"author":1,"featured_media":0,"parent":0,"menu_order":0,"comment_status":"closed","ping_status":"closed","template":"","meta":{"footnotes":""},"class_list":["post-1048","page","type-page","status-publish","hentry"],"yoast_head":"<!-- This site is optimized with the Yoast SEO plugin v27.3 - https:\/\/yoast.com\/product\/yoast-seo-wordpress\/ -->\n<title>Quote form - Easydem D\u00e9m\u00e9nagement<\/title>\n<meta name=\"description\" content=\"Quote form - Easydem D\u00e9m\u00e9nagement\" \/>\n<meta name=\"robots\" content=\"index, follow, max-snippet:-1, max-image-preview:large, max-video-preview:-1\" \/>\n<link rel=\"canonical\" href=\"https:\/\/easydem.com\/en\/quote-form\/\" \/>\n<meta property=\"og:locale\" content=\"en_US\" \/>\n<meta property=\"og:type\" content=\"article\" \/>\n<meta property=\"og:title\" content=\"Quote form - Easydem D\u00e9m\u00e9nagement\" \/>\n<meta property=\"og:description\" content=\"Quote form - Easydem D\u00e9m\u00e9nagement\" \/>\n<meta property=\"og:url\" content=\"https:\/\/easydem.com\/en\/quote-form\/\" \/>\n<meta property=\"og:site_name\" content=\"Easydem\" \/>\n<meta property=\"article:modified_time\" content=\"2018-12-04T10:19:26+00:00\" \/>\n<meta name=\"twitter:card\" content=\"summary_large_image\" \/>\n<meta name=\"twitter:label1\" content=\"Est. reading time\" \/>\n\t<meta name=\"twitter:data1\" content=\"3 minutes\" \/>\n<script type=\"application\/ld+json\" class=\"yoast-schema-graph\">{\"@context\":\"https:\\\/\\\/schema.org\",\"@graph\":[{\"@type\":\"WebPage\",\"@id\":\"https:\\\/\\\/easydem.com\\\/en\\\/quote-form\\\/\",\"url\":\"https:\\\/\\\/easydem.com\\\/en\\\/quote-form\\\/\",\"name\":\"Quote form - Easydem D\u00e9m\u00e9nagement\",\"isPartOf\":{\"@id\":\"https:\\\/\\\/easydem.com\\\/en\\\/#website\"},\"datePublished\":\"2018-01-22T07:34:07+00:00\",\"dateModified\":\"2018-12-04T10:19:26+00:00\",\"description\":\"Quote form - Easydem D\u00e9m\u00e9nagement\",\"breadcrumb\":{\"@id\":\"https:\\\/\\\/easydem.com\\\/en\\\/quote-form\\\/#breadcrumb\"},\"inLanguage\":\"en-US\",\"potentialAction\":[{\"@type\":\"ReadAction\",\"target\":[\"https:\\\/\\\/easydem.com\\\/en\\\/quote-form\\\/\"]}]},{\"@type\":\"BreadcrumbList\",\"@id\":\"https:\\\/\\\/easydem.com\\\/en\\\/quote-form\\\/#breadcrumb\",\"itemListElement\":[{\"@type\":\"ListItem\",\"position\":1,\"name\":\"Accueil\",\"item\":\"https:\\\/\\\/easydem.com\\\/en\\\/\"},{\"@type\":\"ListItem\",\"position\":2,\"name\":\"Quote form\"}]},{\"@type\":\"WebSite\",\"@id\":\"https:\\\/\\\/easydem.com\\\/en\\\/#website\",\"url\":\"https:\\\/\\\/easydem.com\\\/en\\\/\",\"name\":\"Easydem\",\"description\":\"D\u00e9m\u00e9nagement\",\"publisher\":{\"@id\":\"https:\\\/\\\/easydem.com\\\/en\\\/#organization\"},\"potentialAction\":[{\"@type\":\"SearchAction\",\"target\":{\"@type\":\"EntryPoint\",\"urlTemplate\":\"https:\\\/\\\/easydem.com\\\/en\\\/?s={search_term_string}\"},\"query-input\":{\"@type\":\"PropertyValueSpecification\",\"valueRequired\":true,\"valueName\":\"search_term_string\"}}],\"inLanguage\":\"en-US\"},{\"@type\":\"Organization\",\"@id\":\"https:\\\/\\\/easydem.com\\\/en\\\/#organization\",\"name\":\"Easydem\",\"url\":\"https:\\\/\\\/easydem.com\\\/en\\\/\",\"logo\":{\"@type\":\"ImageObject\",\"inLanguage\":\"en-US\",\"@id\":\"https:\\\/\\\/easydem.com\\\/en\\\/#\\\/schema\\\/logo\\\/image\\\/\",\"url\":\"https:\\\/\\\/easydem.com\\\/wp-content\\\/uploads\\\/2017\\\/05\\\/easydem.png\",\"contentUrl\":\"https:\\\/\\\/easydem.com\\\/wp-content\\\/uploads\\\/2017\\\/05\\\/easydem.png\",\"width\":356,\"height\":91,\"caption\":\"Easydem\"},\"image\":{\"@id\":\"https:\\\/\\\/easydem.com\\\/en\\\/#\\\/schema\\\/logo\\\/image\\\/\"}}]}<\/script>\n<!-- \/ Yoast SEO plugin. -->","yoast_head_json":{"title":"Quote form - Easydem D\u00e9m\u00e9nagement","description":"Quote form - Easydem D\u00e9m\u00e9nagement","robots":{"index":"index","follow":"follow","max-snippet":"max-snippet:-1","max-image-preview":"max-image-preview:large","max-video-preview":"max-video-preview:-1"},"canonical":"https:\/\/easydem.com\/en\/quote-form\/","og_locale":"en_US","og_type":"article","og_title":"Quote form - Easydem D\u00e9m\u00e9nagement","og_description":"Quote form - Easydem D\u00e9m\u00e9nagement","og_url":"https:\/\/easydem.com\/en\/quote-form\/","og_site_name":"Easydem","article_modified_time":"2018-12-04T10:19:26+00:00","twitter_card":"summary_large_image","twitter_misc":{"Est. reading time":"3 minutes"},"schema":{"@context":"https:\/\/schema.org","@graph":[{"@type":"WebPage","@id":"https:\/\/easydem.com\/en\/quote-form\/","url":"https:\/\/easydem.com\/en\/quote-form\/","name":"Quote form - Easydem D\u00e9m\u00e9nagement","isPartOf":{"@id":"https:\/\/easydem.com\/en\/#website"},"datePublished":"2018-01-22T07:34:07+00:00","dateModified":"2018-12-04T10:19:26+00:00","description":"Quote form - Easydem D\u00e9m\u00e9nagement","breadcrumb":{"@id":"https:\/\/easydem.com\/en\/quote-form\/#breadcrumb"},"inLanguage":"en-US","potentialAction":[{"@type":"ReadAction","target":["https:\/\/easydem.com\/en\/quote-form\/"]}]},{"@type":"BreadcrumbList","@id":"https:\/\/easydem.com\/en\/quote-form\/#breadcrumb","itemListElement":[{"@type":"ListItem","position":1,"name":"Accueil","item":"https:\/\/easydem.com\/en\/"},{"@type":"ListItem","position":2,"name":"Quote form"}]},{"@type":"WebSite","@id":"https:\/\/easydem.com\/en\/#website","url":"https:\/\/easydem.com\/en\/","name":"Easydem","description":"D\u00e9m\u00e9nagement","publisher":{"@id":"https:\/\/easydem.com\/en\/#organization"},"potentialAction":[{"@type":"SearchAction","target":{"@type":"EntryPoint","urlTemplate":"https:\/\/easydem.com\/en\/?s={search_term_string}"},"query-input":{"@type":"PropertyValueSpecification","valueRequired":true,"valueName":"search_term_string"}}],"inLanguage":"en-US"},{"@type":"Organization","@id":"https:\/\/easydem.com\/en\/#organization","name":"Easydem","url":"https:\/\/easydem.com\/en\/","logo":{"@type":"ImageObject","inLanguage":"en-US","@id":"https:\/\/easydem.com\/en\/#\/schema\/logo\/image\/","url":"https:\/\/easydem.com\/wp-content\/uploads\/2017\/05\/easydem.png","contentUrl":"https:\/\/easydem.com\/wp-content\/uploads\/2017\/05\/easydem.png","width":356,"height":91,"caption":"Easydem"},"image":{"@id":"https:\/\/easydem.com\/en\/#\/schema\/logo\/image\/"}}]}},"_links":{"self":[{"href":"https:\/\/easydem.com\/en\/wp-json\/wp\/v2\/pages\/1048","targetHints":{"allow":["GET"]}}],"collection":[{"href":"https:\/\/easydem.com\/en\/wp-json\/wp\/v2\/pages"}],"about":[{"href":"https:\/\/easydem.com\/en\/wp-json\/wp\/v2\/types\/page"}],"author":[{"embeddable":true,"href":"https:\/\/easydem.com\/en\/wp-json\/wp\/v2\/users\/1"}],"replies":[{"embeddable":true,"href":"https:\/\/easydem.com\/en\/wp-json\/wp\/v2\/comments?post=1048"}],"version-history":[{"count":3,"href":"https:\/\/easydem.com\/en\/wp-json\/wp\/v2\/pages\/1048\/revisions"}],"predecessor-version":[{"id":1072,"href":"https:\/\/easydem.com\/en\/wp-json\/wp\/v2\/pages\/1048\/revisions\/1072"}],"wp:attachment":[{"href":"https:\/\/easydem.com\/en\/wp-json\/wp\/v2\/media?parent=1048"}],"curies":[{"name":"wp","href":"https:\/\/api.w.org\/{rel}","templated":true}]}}