{"id":1063,"date":"2015-10-22T14:34:37","date_gmt":"2015-10-22T14:34:37","guid":{"rendered":"https:\/\/easydem.com\/easydem-com-group\/implantations-europe-afrique\/"},"modified":"2018-12-04T10:08:46","modified_gmt":"2018-12-04T10:08:46","slug":"our-agents-worldwide","status":"publish","type":"page","link":"https:\/\/easydem.com\/en\/easydem-com-group\/our-agents-worldwide\/","title":{"rendered":"OUR AGENTS WORLDWIDE"},"content":{"rendered":"<div id='layer_slider_1'  class='avia-layerslider main_color avia-shadow  avia-builder-el-0  el_before_av_one_full  avia-builder-el-first  container_wrap fullsize'  style='height: 301px;'  ><\/div><div id='after_layer_slider_1'  class='main_color av_default_container_wrap container_wrap fullsize'  ><div class='container av-section-cont-open' ><div class='template-page content  av-content-full alpha units'><div class='post-entry post-entry-type-page post-entry-1063'><div class='entry-content-wrapper clearfix'>\n\n<style type=\"text\/css\" data-created_by=\"avia_inline_auto\" id=\"style-css-av-59jv5h-21c70198fd3724182c29ceee8aefdff7\">\n#top .flex_column.av-59jv5h-21c70198fd3724182c29ceee8aefdff7{\nmargin-top:0px;\nmargin-bottom:0px;\n}\n.flex_column.av-59jv5h-21c70198fd3724182c29ceee8aefdff7{\nborder-radius:0px 0px 0px 0px;\npadding:0px 0px 0px 0px;\n}\n.responsive #top #wrap_all .flex_column.av-59jv5h-21c70198fd3724182c29ceee8aefdff7{\nmargin-top:0px;\nmargin-bottom:0px;\n}\n<\/style>\n<div  class='flex_column av-59jv5h-21c70198fd3724182c29ceee8aefdff7 av_one_full  avia-builder-el-1  el_after_av_layerslider  el_before_av_one_full  avia-builder-el-first  first flex_column_div av-animated-generic bottom-to-top av-zero-column-padding  '     ><p>\n<style type=\"text\/css\" data-created_by=\"avia_inline_auto\" id=\"style-css-av-jp9kla99-b736c14d85ac116bc0b627d03f179160\">\n#top .av-special-heading.av-jp9kla99-b736c14d85ac116bc0b627d03f179160{\npadding-bottom:0;\n}\nbody .av-special-heading.av-jp9kla99-b736c14d85ac116bc0b627d03f179160 .av-special-heading-tag .heading-char{\nfont-size:25px;\n}\n.av-special-heading.av-jp9kla99-b736c14d85ac116bc0b627d03f179160 .av-subheading{\nfont-size:18px;\n}\n<\/style>\n<div  class='av-special-heading av-jp9kla99-b736c14d85ac116bc0b627d03f179160 av-special-heading-h1 blockquote modern-quote  avia-builder-el-2  el_before_av_hr  avia-builder-el-first '><h1 class='av-special-heading-tag '  itemprop=\"headline\"  >OUR AGENTS WORLDWIDE<\/h1><div class=\"special-heading-border\"><div class=\"special-heading-inner-border\"><\/div><\/div><\/div><br \/>\n\n<style type=\"text\/css\" data-created_by=\"avia_inline_auto\" id=\"style-css-av-4tlped-491c7b913436453960c62269fe8ef49d\">\n#top .hr.av-4tlped-491c7b913436453960c62269fe8ef49d{\nmargin-top:10px;\nmargin-bottom:10px;\n}\n.hr.av-4tlped-491c7b913436453960c62269fe8ef49d .hr-inner{\nwidth:50px;\nborder-color:#ea6239;\n}\n<\/style>\n<div  class='hr av-4tlped-491c7b913436453960c62269fe8ef49d hr-custom  avia-builder-el-3  el_after_av_heading  avia-builder-el-last  hr-left hr-icon-no'><span class='hr-inner inner-border-av-border-fat'><span class=\"hr-inner-style\"><\/span><\/span><\/div><\/p><\/div>\n\n<style type=\"text\/css\" data-created_by=\"avia_inline_auto\" id=\"style-css-av-4nejg5-418469ca3fb4247bfc935d249cac3ee6\">\n#top .flex_column.av-4nejg5-418469ca3fb4247bfc935d249cac3ee6{\nmargin-top:0px;\nmargin-bottom:0px;\n}\n.flex_column.av-4nejg5-418469ca3fb4247bfc935d249cac3ee6{\nborder-radius:0px 0px 0px 0px;\npadding:0px 0px 0px 0px;\n}\n.responsive #top #wrap_all .flex_column.av-4nejg5-418469ca3fb4247bfc935d249cac3ee6{\nmargin-top:0px;\nmargin-bottom:0px;\n}\n<\/style>\n<div  class='flex_column av-4nejg5-418469ca3fb4247bfc935d249cac3ee6 av_one_full  avia-builder-el-4  el_after_av_one_full  el_before_av_one_full  first flex_column_div av-animated-generic bottom-to-top av-zero-column-padding  column-top-margin'     ><p>\n<style type=\"text\/css\" data-created_by=\"avia_inline_auto\" id=\"style-css-av-jp9klorc-8ad2984c30dd98ffe2b52478861b7357\">\n#top .av-special-heading.av-jp9klorc-8ad2984c30dd98ffe2b52478861b7357{\npadding-bottom:0;\n}\nbody .av-special-heading.av-jp9klorc-8ad2984c30dd98ffe2b52478861b7357 .av-special-heading-tag .heading-char{\nfont-size:25px;\n}\n.av-special-heading.av-jp9klorc-8ad2984c30dd98ffe2b52478861b7357 .av-subheading{\nfont-size:15px;\n}\n<\/style>\n<div  class='av-special-heading av-jp9klorc-8ad2984c30dd98ffe2b52478861b7357 av-special-heading-h2 blockquote modern-quote  avia-builder-el-5  el_before_av_hr  avia-builder-el-first '><h2 class='av-special-heading-tag '  itemprop=\"headline\"  >AGENT REPRESENTATION ACROSS THE WORLD\u2019S 5 CONTINENTS<\/h2><div class=\"special-heading-border\"><div class=\"special-heading-inner-border\"><\/div><\/div><\/div><br \/>\n\n<style type=\"text\/css\" data-created_by=\"avia_inline_auto\" id=\"style-css-av-4c84kd-da9cbc39eb350e466ef5f5960c276a6d\">\n#top .hr.av-4c84kd-da9cbc39eb350e466ef5f5960c276a6d{\nmargin-top:10px;\nmargin-bottom:10px;\n}\n.hr.av-4c84kd-da9cbc39eb350e466ef5f5960c276a6d .hr-inner{\nwidth:50px;\nborder-color:#ea6239;\n}\n<\/style>\n<div  class='hr av-4c84kd-da9cbc39eb350e466ef5f5960c276a6d hr-custom  avia-builder-el-6  el_after_av_heading  el_before_av_textblock  hr-left hr-icon-no'><span class='hr-inner inner-border-av-border-fat'><span class=\"hr-inner-style\"><\/span><\/span><\/div><br \/>\n<section  class='av_textblock_section av-47uuj1-2bee8b13f0698401186110d30a4f93f6 '   itemscope=\"itemscope\" itemtype=\"https:\/\/schema.org\/CreativeWork\" ><div class='avia_textblock'  itemprop=\"text\" ><p>Easydem.com International can take care of your move between Europe, Africa, Asia and America from start to finish, thanks to its worldwide agent locations.<\/p>\n<\/div><\/section><br \/>\n\n<style type=\"text\/css\" data-created_by=\"avia_inline_auto\" id=\"style-css-av-jp9kmapl-b1d5ecfd854b0a5dc119b6360be1bf0d\">\n#top .av-special-heading.av-jp9kmapl-b1d5ecfd854b0a5dc119b6360be1bf0d{\npadding-bottom:0;\n}\nbody .av-special-heading.av-jp9kmapl-b1d5ecfd854b0a5dc119b6360be1bf0d .av-special-heading-tag .heading-char{\nfont-size:25px;\n}\n.av-special-heading.av-jp9kmapl-b1d5ecfd854b0a5dc119b6360be1bf0d .av-subheading{\nfont-size:15px;\n}\n<\/style>\n<div  class='av-special-heading av-jp9kmapl-b1d5ecfd854b0a5dc119b6360be1bf0d av-special-heading-h4 blockquote modern-quote  avia-builder-el-8  el_after_av_textblock  el_before_av_textblock '><h4 class='av-special-heading-tag '  itemprop=\"headline\"  >A Network of Movers at the Forefront of Service:<\/h4><div class=\"special-heading-border\"><div class=\"special-heading-inner-border\"><\/div><\/div><\/div><br \/>\n<section  class='av_textblock_section av-3xlail-bccc22f4cb19fb0afb23236773d4d08d '   itemscope=\"itemscope\" itemtype=\"https:\/\/schema.org\/CreativeWork\" ><div class='avia_textblock'  itemprop=\"text\" ><p>Move from anywhere to any destination in Europe and Africa, with the assurance of a start-to-finish service provided by an Easydem.com agent.<\/p>\n<p>The strength of Easydem.com\u2019s network of professional movers lies in its ability to support you in your move to new locations, thanks to various levels of service and the guarantee of consistency and dependability wherever the move:<\/p>\n<p><b><u><\/u><\/b><\/p>\n<\/div><\/section><br \/>\n<div  class='avia-icon-list-container av-3og2nx-3b723057d489939da9f1e160ad91c335  avia-builder-el-10  el_after_av_textblock  avia-builder-el-last '><ul class='avia-icon-list avia_animate_when_almost_visible avia-icon-list-left av-iconlist-big av-3og2nx-3b723057d489939da9f1e160ad91c335 avia-iconlist-animate'>\n<li><div class='iconlist_icon av-cuer87-4d61af113a87b34514729f497769b7f5 avia-font-entypo-fontello avia-iconfont avia-font-entypo-fontello'><span class='av-icon-char' data-av_icon='\ue841' data-av_iconfont='entypo-fontello' aria-hidden=\"true\"><\/span><\/div><article class=\"article-icon-entry av-iconlist-empty\"  itemscope=\"itemscope\" itemtype=\"https:\/\/schema.org\/CreativeWork\" ><div class=\"iconlist_content_wrap\"><header class=\"entry-content-header\" aria-label=\"Icon: From Geneva to Zurich\"><h4 class='av_iconlist_title iconlist_title  '  itemprop=\"headline\" >From Geneva to Zurich<\/h4><\/header><div class='iconlist_content '  itemprop=\"text\" ><\/div><\/div><footer class=\"entry-footer\"><\/footer><\/article><div class=\"iconlist-timeline\"><\/div><\/li>\n<li><div class='iconlist_icon av-awx1hz-2d7702a2a7eda46627586fa25aaf97b4 avia-font-entypo-fontello avia-iconfont avia-font-entypo-fontello'><span class='av-icon-char' data-av_icon='\ue841' data-av_iconfont='entypo-fontello' aria-hidden=\"true\"><\/span><\/div><article class=\"article-icon-entry av-iconlist-empty\"  itemscope=\"itemscope\" itemtype=\"https:\/\/schema.org\/CreativeWork\" ><div class=\"iconlist_content_wrap\"><header class=\"entry-content-header\" aria-label=\"Icon: From Paris or Strasbourg to Nice, from Menton to Stockholm\"><h4 class='av_iconlist_title iconlist_title  '  itemprop=\"headline\" >From Paris or Strasbourg to Nice, from Menton to Stockholm<\/h4><\/header><div class='iconlist_content '  itemprop=\"text\" ><\/div><\/div><footer class=\"entry-footer\"><\/footer><\/article><div class=\"iconlist-timeline\"><\/div><\/li>\n<li><div class='iconlist_icon av-x3q1z-9f836471fdfc9f7cd1000304fb25aa82 avia-font-entypo-fontello avia-iconfont avia-font-entypo-fontello'><span class='av-icon-char' data-av_icon='\ue841' data-av_iconfont='entypo-fontello' aria-hidden=\"true\"><\/span><\/div><article class=\"article-icon-entry av-iconlist-empty\"  itemscope=\"itemscope\" itemtype=\"https:\/\/schema.org\/CreativeWork\" ><div class=\"iconlist_content_wrap\"><header class=\"entry-content-header\" aria-label=\"Icon: From Barcelona to Bucharest\"><h4 class='av_iconlist_title iconlist_title  '  itemprop=\"headline\" >From Barcelona to Bucharest<\/h4><\/header><div class='iconlist_content '  itemprop=\"text\" ><\/div><\/div><footer class=\"entry-footer\"><\/footer><\/article><div class=\"iconlist-timeline\"><\/div><\/li>\n<li><div class='iconlist_icon av-t3ovb-3d4574e8c4af23eae6a12f566476c3eb avia-font-entypo-fontello avia-iconfont avia-font-entypo-fontello'><span class='av-icon-char' data-av_icon='\ue841' data-av_iconfont='entypo-fontello' aria-hidden=\"true\"><\/span><\/div><article class=\"article-icon-entry av-iconlist-empty\"  itemscope=\"itemscope\" itemtype=\"https:\/\/schema.org\/CreativeWork\" ><div class=\"iconlist_content_wrap\"><header class=\"entry-content-header\" aria-label=\"Icon: From Moscow to Istanbul\"><h4 class='av_iconlist_title iconlist_title  '  itemprop=\"headline\" >From Moscow to Istanbul<\/h4><\/header><div class='iconlist_content '  itemprop=\"text\" ><\/div><\/div><footer class=\"entry-footer\"><\/footer><\/article><div class=\"iconlist-timeline\"><\/div><\/li>\n<li><div class='iconlist_icon av-kwc5j-f34102cae53f89f1657a25b7840d0401 avia-font-entypo-fontello avia-iconfont avia-font-entypo-fontello'><span class='av-icon-char' data-av_icon='\ue841' data-av_iconfont='entypo-fontello' aria-hidden=\"true\"><\/span><\/div><article class=\"article-icon-entry av-iconlist-empty\"  itemscope=\"itemscope\" itemtype=\"https:\/\/schema.org\/CreativeWork\" ><div class=\"iconlist_content_wrap\"><header class=\"entry-content-header\" aria-label=\"Icon: From Marrakesh or Casablanca to Bamako\"><h4 class='av_iconlist_title iconlist_title  '  itemprop=\"headline\" >From Marrakesh or Casablanca to Bamako<\/h4><\/header><div class='iconlist_content '  itemprop=\"text\" ><\/div><\/div><footer class=\"entry-footer\"><\/footer><\/article><div class=\"iconlist-timeline\"><\/div><\/li>\n<li><div class='iconlist_icon av-4047if-ed153aa64a2dbb185539579b44433721 avia-font-entypo-fontello avia-iconfont avia-font-entypo-fontello'><span class='av-icon-char' data-av_icon='\ue841' data-av_iconfont='entypo-fontello' aria-hidden=\"true\"><\/span><\/div><article class=\"article-icon-entry av-iconlist-empty\"  itemscope=\"itemscope\" itemtype=\"https:\/\/schema.org\/CreativeWork\" ><div class=\"iconlist_content_wrap\"><header class=\"entry-content-header\" aria-label=\"Icon: From Bangkok to Montreal\"><h4 class='av_iconlist_title iconlist_title  '  itemprop=\"headline\" >From Bangkok to Montreal<\/h4><\/header><div class='iconlist_content '  itemprop=\"text\" ><\/div><\/div><footer class=\"entry-footer\"><\/footer><\/article><div class=\"iconlist-timeline\"><\/div><\/li>\n<li><div class='iconlist_icon av-2l6czr-8e40ce9395423411d09ab32a7e5ca2d5 avia-font-entypo-fontello avia-iconfont avia-font-entypo-fontello'><span class='av-icon-char' data-av_icon='\ue841' data-av_iconfont='entypo-fontello' aria-hidden=\"true\"><\/span><\/div><article class=\"article-icon-entry av-iconlist-empty\"  itemscope=\"itemscope\" itemtype=\"https:\/\/schema.org\/CreativeWork\" ><div class=\"iconlist_content_wrap\"><header class=\"entry-content-header\" aria-label=\"Icon: From Shanghai to Brussels\"><h4 class='av_iconlist_title iconlist_title  '  itemprop=\"headline\" >From Shanghai to Brussels<\/h4><\/header><div class='iconlist_content '  itemprop=\"text\" ><\/div><\/div><footer class=\"entry-footer\"><\/footer><\/article><div class=\"iconlist-timeline\"><\/div><\/li>\n<li><div class='iconlist_icon av-a61o5-35d001103a772bbb2fc644aabb37bf38 avia-font-entypo-fontello avia-iconfont avia-font-entypo-fontello'><span class='av-icon-char' data-av_icon='\ue841' data-av_iconfont='entypo-fontello' aria-hidden=\"true\"><\/span><\/div><article class=\"article-icon-entry av-iconlist-empty\"  itemscope=\"itemscope\" itemtype=\"https:\/\/schema.org\/CreativeWork\" ><div class=\"iconlist_content_wrap\"><header class=\"entry-content-header\" aria-label=\"Icon: ...\"><h4 class='av_iconlist_title iconlist_title  '  itemprop=\"headline\" >...<\/h4><\/header><div class='iconlist_content '  itemprop=\"text\" ><\/div><\/div><footer class=\"entry-footer\"><\/footer><\/article><div class=\"iconlist-timeline\"><\/div><\/li>\n<\/ul><\/div><\/p><\/div>\n\n<style type=\"text\/css\" data-created_by=\"avia_inline_auto\" id=\"style-css-av-2duthp-64d64d2aacb630b6e3ec8e7505c6dae5\">\n.flex_column.av-2duthp-64d64d2aacb630b6e3ec8e7505c6dae5{\nborder-width:1px;\nborder-color:#e1e1e1;\nborder-style:solid;\nborder-radius:0px 0px 0px 0px;\npadding:20px 20px 20px 20px;\nbackground-color:#fcfcfc;\n}\n<\/style>\n<div  class='flex_column av-2duthp-64d64d2aacb630b6e3ec8e7505c6dae5 av_one_full  avia-builder-el-11  el_after_av_one_full  avia-builder-el-last  first flex_column_div av-animated-generic bottom-to-top  column-top-margin'     ><section  class='av_textblock_section av-27inr9-578ea90ea136b64a1bba8b80124ba04a '   itemscope=\"itemscope\" itemtype=\"https:\/\/schema.org\/CreativeWork\" ><div class='avia_textblock'  itemprop=\"text\" ><p><strong>Our EASYDEM.COM AGENTS located in WESTERN and EASTERN EUROPE, NORTH AFRICA, SUBSAHARAN AFRICA, ASIA &amp; NORTH AMERICA<\/strong><\/p>\n<\/div><\/section><\/div>\n","protected":false},"excerpt":{"rendered":"","protected":false},"author":1,"featured_media":0,"parent":946,"menu_order":0,"comment_status":"closed","ping_status":"closed","template":"","meta":{"footnotes":""},"class_list":["post-1063","page","type-page","status-publish","hentry"],"yoast_head":"<!-- This site is optimized with the Yoast SEO plugin v27.3 - https:\/\/yoast.com\/product\/yoast-seo-wordpress\/ -->\n<title>OUR AGENTS WORLDWIDE EASYDEM.COM GROUP - Easydem D\u00e9m\u00e9nagement<\/title>\n<meta name=\"description\" content=\"OUR AGENTS WORLDWIDE - Easydem D\u00e9m\u00e9nagement\" \/>\n<meta name=\"robots\" content=\"index, follow, max-snippet:-1, max-image-preview:large, max-video-preview:-1\" \/>\n<link rel=\"canonical\" href=\"https:\/\/easydem.com\/en\/easydem-com-group\/our-agents-worldwide\/\" \/>\n<meta property=\"og:locale\" content=\"en_US\" \/>\n<meta property=\"og:type\" content=\"article\" \/>\n<meta property=\"og:title\" content=\"OUR AGENTS WORLDWIDE EASYDEM.COM GROUP - Easydem D\u00e9m\u00e9nagement\" \/>\n<meta property=\"og:description\" content=\"OUR AGENTS WORLDWIDE - Easydem D\u00e9m\u00e9nagement\" \/>\n<meta property=\"og:url\" content=\"https:\/\/easydem.com\/en\/easydem-com-group\/our-agents-worldwide\/\" \/>\n<meta property=\"og:site_name\" content=\"Easydem\" \/>\n<meta property=\"article:modified_time\" content=\"2018-12-04T10:08:46+00:00\" \/>\n<meta name=\"twitter:card\" content=\"summary_large_image\" \/>\n<meta name=\"twitter:label1\" content=\"Est. reading time\" \/>\n\t<meta name=\"twitter:data1\" content=\"5 minutes\" \/>\n<script type=\"application\/ld+json\" class=\"yoast-schema-graph\">{\"@context\":\"https:\\\/\\\/schema.org\",\"@graph\":[{\"@type\":\"WebPage\",\"@id\":\"https:\\\/\\\/easydem.com\\\/en\\\/easydem-com-group\\\/our-agents-worldwide\\\/\",\"url\":\"https:\\\/\\\/easydem.com\\\/en\\\/easydem-com-group\\\/our-agents-worldwide\\\/\",\"name\":\"OUR AGENTS WORLDWIDE EASYDEM.COM GROUP - Easydem D\u00e9m\u00e9nagement\",\"isPartOf\":{\"@id\":\"https:\\\/\\\/easydem.com\\\/en\\\/#website\"},\"datePublished\":\"2015-10-22T14:34:37+00:00\",\"dateModified\":\"2018-12-04T10:08:46+00:00\",\"description\":\"OUR AGENTS WORLDWIDE - Easydem D\u00e9m\u00e9nagement\",\"breadcrumb\":{\"@id\":\"https:\\\/\\\/easydem.com\\\/en\\\/easydem-com-group\\\/our-agents-worldwide\\\/#breadcrumb\"},\"inLanguage\":\"en-US\",\"potentialAction\":[{\"@type\":\"ReadAction\",\"target\":[\"https:\\\/\\\/easydem.com\\\/en\\\/easydem-com-group\\\/our-agents-worldwide\\\/\"]}]},{\"@type\":\"BreadcrumbList\",\"@id\":\"https:\\\/\\\/easydem.com\\\/en\\\/easydem-com-group\\\/our-agents-worldwide\\\/#breadcrumb\",\"itemListElement\":[{\"@type\":\"ListItem\",\"position\":1,\"name\":\"Accueil\",\"item\":\"https:\\\/\\\/easydem.com\\\/en\\\/\"},{\"@type\":\"ListItem\",\"position\":2,\"name\":\"EASYDEM.COM GROUP\",\"item\":\"https:\\\/\\\/easydem.com\\\/en\\\/easydem-com-group\\\/\"},{\"@type\":\"ListItem\",\"position\":3,\"name\":\"OUR AGENTS WORLDWIDE\"}]},{\"@type\":\"WebSite\",\"@id\":\"https:\\\/\\\/easydem.com\\\/en\\\/#website\",\"url\":\"https:\\\/\\\/easydem.com\\\/en\\\/\",\"name\":\"Easydem\",\"description\":\"D\u00e9m\u00e9nagement\",\"publisher\":{\"@id\":\"https:\\\/\\\/easydem.com\\\/en\\\/#organization\"},\"potentialAction\":[{\"@type\":\"SearchAction\",\"target\":{\"@type\":\"EntryPoint\",\"urlTemplate\":\"https:\\\/\\\/easydem.com\\\/en\\\/?s={search_term_string}\"},\"query-input\":{\"@type\":\"PropertyValueSpecification\",\"valueRequired\":true,\"valueName\":\"search_term_string\"}}],\"inLanguage\":\"en-US\"},{\"@type\":\"Organization\",\"@id\":\"https:\\\/\\\/easydem.com\\\/en\\\/#organization\",\"name\":\"Easydem\",\"url\":\"https:\\\/\\\/easydem.com\\\/en\\\/\",\"logo\":{\"@type\":\"ImageObject\",\"inLanguage\":\"en-US\",\"@id\":\"https:\\\/\\\/easydem.com\\\/en\\\/#\\\/schema\\\/logo\\\/image\\\/\",\"url\":\"https:\\\/\\\/easydem.com\\\/wp-content\\\/uploads\\\/2017\\\/05\\\/easydem.png\",\"contentUrl\":\"https:\\\/\\\/easydem.com\\\/wp-content\\\/uploads\\\/2017\\\/05\\\/easydem.png\",\"width\":356,\"height\":91,\"caption\":\"Easydem\"},\"image\":{\"@id\":\"https:\\\/\\\/easydem.com\\\/en\\\/#\\\/schema\\\/logo\\\/image\\\/\"}}]}<\/script>\n<!-- \/ Yoast SEO plugin. -->","yoast_head_json":{"title":"OUR AGENTS WORLDWIDE EASYDEM.COM GROUP - Easydem D\u00e9m\u00e9nagement","description":"OUR AGENTS WORLDWIDE - Easydem D\u00e9m\u00e9nagement","robots":{"index":"index","follow":"follow","max-snippet":"max-snippet:-1","max-image-preview":"max-image-preview:large","max-video-preview":"max-video-preview:-1"},"canonical":"https:\/\/easydem.com\/en\/easydem-com-group\/our-agents-worldwide\/","og_locale":"en_US","og_type":"article","og_title":"OUR AGENTS WORLDWIDE EASYDEM.COM GROUP - Easydem D\u00e9m\u00e9nagement","og_description":"OUR AGENTS WORLDWIDE - Easydem D\u00e9m\u00e9nagement","og_url":"https:\/\/easydem.com\/en\/easydem-com-group\/our-agents-worldwide\/","og_site_name":"Easydem","article_modified_time":"2018-12-04T10:08:46+00:00","twitter_card":"summary_large_image","twitter_misc":{"Est. reading time":"5 minutes"},"schema":{"@context":"https:\/\/schema.org","@graph":[{"@type":"WebPage","@id":"https:\/\/easydem.com\/en\/easydem-com-group\/our-agents-worldwide\/","url":"https:\/\/easydem.com\/en\/easydem-com-group\/our-agents-worldwide\/","name":"OUR AGENTS WORLDWIDE EASYDEM.COM GROUP - Easydem D\u00e9m\u00e9nagement","isPartOf":{"@id":"https:\/\/easydem.com\/en\/#website"},"datePublished":"2015-10-22T14:34:37+00:00","dateModified":"2018-12-04T10:08:46+00:00","description":"OUR AGENTS WORLDWIDE - Easydem D\u00e9m\u00e9nagement","breadcrumb":{"@id":"https:\/\/easydem.com\/en\/easydem-com-group\/our-agents-worldwide\/#breadcrumb"},"inLanguage":"en-US","potentialAction":[{"@type":"ReadAction","target":["https:\/\/easydem.com\/en\/easydem-com-group\/our-agents-worldwide\/"]}]},{"@type":"BreadcrumbList","@id":"https:\/\/easydem.com\/en\/easydem-com-group\/our-agents-worldwide\/#breadcrumb","itemListElement":[{"@type":"ListItem","position":1,"name":"Accueil","item":"https:\/\/easydem.com\/en\/"},{"@type":"ListItem","position":2,"name":"EASYDEM.COM GROUP","item":"https:\/\/easydem.com\/en\/easydem-com-group\/"},{"@type":"ListItem","position":3,"name":"OUR AGENTS WORLDWIDE"}]},{"@type":"WebSite","@id":"https:\/\/easydem.com\/en\/#website","url":"https:\/\/easydem.com\/en\/","name":"Easydem","description":"D\u00e9m\u00e9nagement","publisher":{"@id":"https:\/\/easydem.com\/en\/#organization"},"potentialAction":[{"@type":"SearchAction","target":{"@type":"EntryPoint","urlTemplate":"https:\/\/easydem.com\/en\/?s={search_term_string}"},"query-input":{"@type":"PropertyValueSpecification","valueRequired":true,"valueName":"search_term_string"}}],"inLanguage":"en-US"},{"@type":"Organization","@id":"https:\/\/easydem.com\/en\/#organization","name":"Easydem","url":"https:\/\/easydem.com\/en\/","logo":{"@type":"ImageObject","inLanguage":"en-US","@id":"https:\/\/easydem.com\/en\/#\/schema\/logo\/image\/","url":"https:\/\/easydem.com\/wp-content\/uploads\/2017\/05\/easydem.png","contentUrl":"https:\/\/easydem.com\/wp-content\/uploads\/2017\/05\/easydem.png","width":356,"height":91,"caption":"Easydem"},"image":{"@id":"https:\/\/easydem.com\/en\/#\/schema\/logo\/image\/"}}]}},"_links":{"self":[{"href":"https:\/\/easydem.com\/en\/wp-json\/wp\/v2\/pages\/1063","targetHints":{"allow":["GET"]}}],"collection":[{"href":"https:\/\/easydem.com\/en\/wp-json\/wp\/v2\/pages"}],"about":[{"href":"https:\/\/easydem.com\/en\/wp-json\/wp\/v2\/types\/page"}],"author":[{"embeddable":true,"href":"https:\/\/easydem.com\/en\/wp-json\/wp\/v2\/users\/1"}],"replies":[{"embeddable":true,"href":"https:\/\/easydem.com\/en\/wp-json\/wp\/v2\/comments?post=1063"}],"version-history":[{"count":3,"href":"https:\/\/easydem.com\/en\/wp-json\/wp\/v2\/pages\/1063\/revisions"}],"predecessor-version":[{"id":1066,"href":"https:\/\/easydem.com\/en\/wp-json\/wp\/v2\/pages\/1063\/revisions\/1066"}],"up":[{"embeddable":true,"href":"https:\/\/easydem.com\/en\/wp-json\/wp\/v2\/pages\/946"}],"wp:attachment":[{"href":"https:\/\/easydem.com\/en\/wp-json\/wp\/v2\/media?parent=1063"}],"curies":[{"name":"wp","href":"https:\/\/api.w.org\/{rel}","templated":true}]}}