{"id":954,"date":"2018-11-23T13:59:27","date_gmt":"2018-11-23T13:59:27","guid":{"rendered":"https:\/\/easydem.com\/?page_id=954"},"modified":"2018-11-23T14:02:46","modified_gmt":"2018-11-23T14:02:46","slug":"easy-move","status":"publish","type":"page","link":"https:\/\/easydem.com\/en\/easy-move\/","title":{"rendered":"EASY MOVE"},"content":{"rendered":"<div id='layer_slider_1'  class='avia-layerslider main_color avia-shadow  avia-builder-el-0  el_before_av_section  avia-builder-el-first  container_wrap fullsize'  style='height: 301px;'  ><\/div>\n<div id='av_section_1'  class='avia-section av-euu6k-e8e08bdf7464d3837e7fa767ee73d342 main_color avia-section-large avia-no-border-styling  avia-builder-el-1  el_after_av_layerslider  el_before_av_section  avia-bg-style-scroll container_wrap fullsize'  ><div class='container av-section-cont-open' ><div class='template-page content  av-content-full alpha units'><div class='post-entry post-entry-type-page post-entry-954'><div class='entry-content-wrapper clearfix'>\n\n<style type=\"text\/css\" data-created_by=\"avia_inline_auto\" id=\"style-css-av-jou3e5rt-c736015369ee63617cbf841d1205deb9\">\n#top .av-special-heading.av-jou3e5rt-c736015369ee63617cbf841d1205deb9{\npadding-bottom:0;\n}\nbody .av-special-heading.av-jou3e5rt-c736015369ee63617cbf841d1205deb9 .av-special-heading-tag .heading-char{\nfont-size:25px;\n}\n.av-special-heading.av-jou3e5rt-c736015369ee63617cbf841d1205deb9 .av-subheading{\nfont-size:18px;\n}\n<\/style>\n<div  class='av-special-heading av-jou3e5rt-c736015369ee63617cbf841d1205deb9 av-special-heading-h1 blockquote modern-quote modern-centered  avia-builder-el-2  el_before_av_heading  avia-builder-el-first '><h1 class='av-special-heading-tag '  itemprop=\"headline\"  >EASY MOVE<\/h1><div class=\"special-heading-border\"><div class=\"special-heading-inner-border\"><\/div><\/div><\/div>\n\n<style type=\"text\/css\" data-created_by=\"avia_inline_auto\" id=\"style-css-av-jou3ehyi-bec6f0afa74931ea858606c463509206\">\n#top .av-special-heading.av-jou3ehyi-bec6f0afa74931ea858606c463509206{\npadding-bottom:0;\n}\nbody .av-special-heading.av-jou3ehyi-bec6f0afa74931ea858606c463509206 .av-special-heading-tag .heading-char{\nfont-size:25px;\n}\n.av-special-heading.av-jou3ehyi-bec6f0afa74931ea858606c463509206 .av-subheading{\nfont-size:18px;\n}\n<\/style>\n<div  class='av-special-heading av-jou3ehyi-bec6f0afa74931ea858606c463509206 av-special-heading-h2 blockquote modern-quote  avia-builder-el-3  el_after_av_heading  el_before_av_hr '><h2 class='av-special-heading-tag '  itemprop=\"headline\"  >GETTING YOUR QUOTE: IT\u2019S SIMPLE AND EFFICIENT!<\/h2><div class='av-subheading av-subheading_below'><p>Save valuable time by using Easy Move to get a quote within 48 hours.<\/p>\n<\/div><div class=\"special-heading-border\"><div class=\"special-heading-inner-border\"><\/div><\/div><\/div>\n\n<style type=\"text\/css\" data-created_by=\"avia_inline_auto\" id=\"style-css-av-3mf3h0-e3d655e3d264b43c99c22e249316e336\">\n#top .hr.av-3mf3h0-e3d655e3d264b43c99c22e249316e336{\nmargin-top:5px;\nmargin-bottom:75px;\n}\n.hr.av-3mf3h0-e3d655e3d264b43c99c22e249316e336 .hr-inner{\nwidth:50px;\nborder-color:#ea6239;\n}\n<\/style>\n<div  class='hr av-3mf3h0-e3d655e3d264b43c99c22e249316e336 hr-custom  avia-builder-el-4  el_after_av_heading  el_before_av_three_fifth  hr-left hr-icon-no'><span class='hr-inner inner-border-av-border-fat'><span class=\"hr-inner-style\"><\/span><\/span><\/div>\n\n<style type=\"text\/css\" data-created_by=\"avia_inline_auto\" id=\"style-css-av-c46hg-2f9e0add8ff2a92da4d568332ba44d4c\">\n.flex_column.av-c46hg-2f9e0add8ff2a92da4d568332ba44d4c{\nborder-radius:0px 0px 0px 0px;\npadding:20px 20px 20px 20px;\nbackground-color:#ffffff;\n}\n<\/style>\n<div  class='flex_column av-c46hg-2f9e0add8ff2a92da4d568332ba44d4c av_three_fifth  avia-builder-el-5  el_after_av_hr  el_before_av_two_fifth  first flex_column_div av-animated-generic bottom-to-top  '     ><section  class='av_textblock_section av-37gd6k-956b4e0f8ba659c00a37b051f3885791 '   itemscope=\"itemscope\" itemtype=\"https:\/\/schema.org\/CreativeWork\" ><div class='avia_textblock'  itemprop=\"text\" ><p><strong>Simple and efficient<\/strong>, all you need to do is:<\/p>\n<p>Complete and submit the quote request form, ensuring that the volume of the move is specified or the photographs of your move are uploaded.<\/p>\n<\/div><\/section><\/div>\n<style type=\"text\/css\" data-created_by=\"avia_inline_auto\" id=\"style-css-av-31g8bg-3a3e48c9c50b2a69c5987f91568bce16\">\n.flex_column.av-31g8bg-3a3e48c9c50b2a69c5987f91568bce16{\nborder-radius:0px 0px 0px 0px;\npadding:20px 20px 20px 20px;\nbackground-color:#ffffff;\n}\n<\/style>\n<div  class='flex_column av-31g8bg-3a3e48c9c50b2a69c5987f91568bce16 av_two_fifth  avia-builder-el-7  el_after_av_three_fifth  el_before_av_hr  flex_column_div av-animated-generic bottom-to-top  '     ><div  class='avia-button-wrap av-a9buk-d0c2b549b794047912ba3fa300736260-wrap avia-button-right  avia-builder-el-8  avia-builder-el-no-sibling '><a href='https:\/\/easydem.com\/en\/easy-move\/'  class='avia-button av-a9buk-d0c2b549b794047912ba3fa300736260 av-link-btn avia-icon_select-yes-left-icon avia-size-x-large avia-position-right avia-color-dark'   aria-label=\"Get Your Free Quote Now\"><span class='avia_button_icon avia_button_icon_left avia-iconfont avia-font-entypo-fontello' data-av_icon='\ue881' data-av_iconfont='entypo-fontello' ><\/span><span class='avia_iconbox_title' >Get Your Free Quote Now<\/span><\/a><\/div><\/div>\n<style type=\"text\/css\" data-created_by=\"avia_inline_auto\" id=\"style-css-av-2t0ioc-b3cd5d6cefaaa45c96c1ca14cdb952a8\">\n#top .hr.hr-invisible.av-2t0ioc-b3cd5d6cefaaa45c96c1ca14cdb952a8{\nheight:50px;\n}\n<\/style>\n<div  class='hr av-2t0ioc-b3cd5d6cefaaa45c96c1ca14cdb952a8 hr-invisible  avia-builder-el-9  el_after_av_two_fifth  el_before_av_two_fifth '><span class='hr-inner '><span class=\"hr-inner-style\"><\/span><\/span><\/div>\n\n<style type=\"text\/css\" data-created_by=\"avia_inline_auto\" id=\"style-css-av-2kj07w-99d51cf472f780c2882b038ca0ba27e1\">\n.flex_column.av-2kj07w-99d51cf472f780c2882b038ca0ba27e1{\nborder-radius:0px 0px 0px 0px;\npadding:0px 0px 0px 0px;\n}\n<\/style>\n<div  class='flex_column av-2kj07w-99d51cf472f780c2882b038ca0ba27e1 av_two_fifth  avia-builder-el-10  el_after_av_hr  el_before_av_three_fifth  first flex_column_div av-animated-generic bottom-to-top av-zero-column-padding  '     ><p><article  class='iconbox iconbox_left_content av-2dfios-25ad067b74dd2f5a1ca198d96413fc80  avia-builder-el-11  el_before_av_button  avia-builder-el-first '  itemscope=\"itemscope\" itemtype=\"https:\/\/schema.org\/CreativeWork\" ><a href='https:\/\/easydem.com\/en\/easy-move\/' title='OUR VOLUME CALCULATOR' aria-label='OUR VOLUME CALCULATOR'  class='iconbox_icon heading-color avia-iconfont avia-font-entypo-fontello' data-av_icon='\ue84b' data-av_iconfont='entypo-fontello' title=\"OUR VOLUME CALCULATOR\" desc=\"OUR VOLUME CALCULATOR\" ><\/a><div class=\"iconbox_content\"><header class=\"entry-content-header\" aria-label=\"Icon: OUR VOLUME CALCULATOR\"><h3 class='iconbox_content_title '  itemprop=\"headline\" ><a href='https:\/\/easydem.com\/en\/easy-move\/' title='OUR VOLUME CALCULATOR' >OUR VOLUME CALCULATOR<\/a><\/h3><\/header><div class='iconbox_content_container '  itemprop=\"text\" ><p>helps to estimate the volume of your move into square metres (m<sup>3<\/sup>)<\/p>\n<\/div><\/div><footer class=\"entry-footer\"><\/footer><\/article><br \/>\n<div  class='avia-button-wrap av-298hyk-566ffcbca7eea67e3cdd34398c62f743-wrap avia-button-right  avia-builder-el-12  el_after_av_icon_box  avia-builder-el-last '><a href='https:\/\/easydem.com\/calcul-volume-demenagement\/'  class='avia-button av-298hyk-566ffcbca7eea67e3cdd34398c62f743 av-link-btn avia-icon_select-yes-left-icon avia-size-large avia-position-right avia-color-theme-color'   aria-label=\"Calculateur de volume\"><span class='avia_button_icon avia_button_icon_left avia-iconfont avia-font-entypo-fontello' data-av_icon='\ue881' data-av_iconfont='entypo-fontello' ><\/span><span class='avia_iconbox_title' >Calculateur de volume<\/span><\/a><\/div><\/p><\/div>\n<style type=\"text\/css\" data-created_by=\"avia_inline_auto\" id=\"style-css-av-24bsuk-acef7719f8181499110db459b4ce2077\">\n.flex_column.av-24bsuk-acef7719f8181499110db459b4ce2077{\nborder-radius:0px 0px 0px 0px;\npadding:0px 0px 0px 0px;\n}\n<\/style>\n<div  class='flex_column av-24bsuk-acef7719f8181499110db459b4ce2077 av_three_fifth  avia-builder-el-13  el_after_av_two_fifth  el_before_av_hr  flex_column_div av-animated-generic bottom-to-top av-zero-column-padding  '     ><p><article  class='iconbox iconbox_left_content av-1xiuy4-c9e5b6dcd09b482feb949175c84ad269  avia-builder-el-14  el_before_av_button  avia-builder-el-first '  itemscope=\"itemscope\" itemtype=\"https:\/\/schema.org\/CreativeWork\" ><a href='https:\/\/easydem.com\/en\/easy-move\/' title='UPLOAD YOUR PHOTOS' aria-label='UPLOAD YOUR PHOTOS'  class='iconbox_icon heading-color avia-iconfont avia-font-entypo-fontello' data-av_icon='\ue80e' data-av_iconfont='entypo-fontello' title=\"UPLOAD YOUR PHOTOS\" desc=\"UPLOAD YOUR PHOTOS\" ><\/a><div class=\"iconbox_content\"><header class=\"entry-content-header\" aria-label=\"Icon: UPLOAD YOUR PHOTOS\"><h3 class='iconbox_content_title '  itemprop=\"headline\" ><a href='https:\/\/easydem.com\/en\/easy-move\/' title='UPLOAD YOUR PHOTOS' >UPLOAD YOUR PHOTOS<\/a><\/h3><\/header><div class='iconbox_content_container '  itemprop=\"text\" ><p>This service enables us to estimate the volume of your items through photographs of the place of origin and provides valuable information needed to devise your quote, i.e. furniture size, means of access, etc.<\/p>\n<ul>\n<li>Furniture: 2-4 photos are usually sufficient for devising a precise inventory<\/li>\n<li>Open storage furniture: this helps to assess the number and type of packing materials needed (boxes, clothes hangers, glassware dividers, etc.)<\/li>\n<li>Access: building\/house entrance, staircase, lift, potential placement for furniture assembly<\/li>\n<\/ul>\n<p>Additional details: garage, attic<\/p>\n<\/div><\/div><footer class=\"entry-footer\"><\/footer><\/article><br \/>\n<div  class='avia-button-wrap av-1ptx1g-befc2b1ff2b5b70ef92291dbf332d416-wrap avia-button-right  avia-builder-el-15  el_after_av_icon_box  avia-builder-el-last '><a href='https:\/\/wetransfer.com\/'  class='avia-button av-1ptx1g-befc2b1ff2b5b70ef92291dbf332d416 av-link-btn avia-icon_select-yes-left-icon avia-size-large avia-position-right avia-color-theme-color'  target=\"_blank\"  rel=\"noopener noreferrer\"  aria-label=\"UPLOAD YOUR PHOTOS\"><span class='avia_button_icon avia_button_icon_left avia-iconfont avia-font-entypo-fontello' data-av_icon='\ue881' data-av_iconfont='entypo-fontello' ><\/span><span class='avia_iconbox_title' >UPLOAD YOUR PHOTOS<\/span><\/a><\/div><\/p><\/div>\n<style type=\"text\/css\" data-created_by=\"avia_inline_auto\" id=\"style-css-av-1n0bms-a5d3737a7af770359e05d88d46b50323\">\n#top .hr.hr-invisible.av-1n0bms-a5d3737a7af770359e05d88d46b50323{\nheight:50px;\n}\n<\/style>\n<div  class='hr av-1n0bms-a5d3737a7af770359e05d88d46b50323 hr-invisible  avia-builder-el-16  el_after_av_three_fifth  el_before_av_one_full '><span class='hr-inner '><span class=\"hr-inner-style\"><\/span><\/span><\/div>\n\n<style type=\"text\/css\" data-created_by=\"avia_inline_auto\" id=\"style-css-av-1gpu30-86114bd82e977571a4d092d6056ed6c1\">\n.flex_column.av-1gpu30-86114bd82e977571a4d092d6056ed6c1{\nborder-width:1px;\nborder-color:#e1e1e1;\nborder-style:solid;\nborder-radius:0px 0px 0px 0px;\npadding:20px 20px 20px 20px;\nbackground-color:#ffffff;\n}\n<\/style>\n<div  class='flex_column av-1gpu30-86114bd82e977571a4d092d6056ed6c1 av_one_full  avia-builder-el-17  el_after_av_hr  avia-builder-el-last  first flex_column_div av-animated-generic bottom-to-top  '     ><section  class='av_textblock_section av-1b0e90-de24f174a41a6ad379ad219e3ddd743f '   itemscope=\"itemscope\" itemtype=\"https:\/\/schema.org\/CreativeWork\" ><div class='avia_textblock'  itemprop=\"text\" ><p>Thanks to the simplicity and efficiency of <strong>Easy Move<\/strong>\u2019s information collection system, our Easydem.com agent can get in touch with you to find the <strong>best solution<\/strong> should there be any difficulties.<\/p>\n<p><strong>Easy Move<\/strong> helps you plan your move in a <strong>timely and cost-efficient<\/strong> manner. <strong>What\u2019s more<\/strong> is we have an Easydem.com agent visit your home to assess and discuss the details of your move with you.<\/p>\n<\/div><\/section><\/div><\/div><\/div><\/div><!-- close content main div --><\/div><\/div>\n<style type=\"text\/css\" data-created_by=\"avia_inline_auto\" id=\"style-css-av-14ep5g-659a283c55e23e5a77442f5af88168c3\">\n.avia-section.av-14ep5g-659a283c55e23e5a77442f5af88168c3{\nbackground-color:#fcfcfc;\nbackground-image:unset;\n}\n<\/style>\n<div id='av_section_2'  class='avia-section av-14ep5g-659a283c55e23e5a77442f5af88168c3 main_color avia-section-large avia-no-shadow  avia-builder-el-19  el_after_av_section  el_before_av_button_big  avia-bg-style-scroll container_wrap fullsize'  ><div class='container av-section-cont-open' ><div class='template-page content  av-content-full alpha units'><div class='post-entry post-entry-type-page post-entry-954'><div class='entry-content-wrapper clearfix'>\n\n<style type=\"text\/css\" data-created_by=\"avia_inline_auto\" id=\"style-css-av-jou3hpen-bd7fca8104d05df4906278f21fe66c90\">\n#top .av-special-heading.av-jou3hpen-bd7fca8104d05df4906278f21fe66c90{\npadding-bottom:0;\n}\nbody .av-special-heading.av-jou3hpen-bd7fca8104d05df4906278f21fe66c90 .av-special-heading-tag .heading-char{\nfont-size:25px;\n}\n.av-special-heading.av-jou3hpen-bd7fca8104d05df4906278f21fe66c90 .av-subheading{\nfont-size:18px;\n}\n<\/style>\n<div  class='av-special-heading av-jou3hpen-bd7fca8104d05df4906278f21fe66c90 av-special-heading-h2 blockquote modern-quote  avia-builder-el-20  el_before_av_hr  avia-builder-el-first '><h2 class='av-special-heading-tag '  itemprop=\"headline\"  >EASY MOVE SERVICES<\/h2><div class='av-subheading av-subheading_below'><p>Wherever you are moving from or going to, you can expect the best from our moving professionals when it comes to competitive rates, timing and moving execution.<\/p>\n<\/div><div class=\"special-heading-border\"><div class=\"special-heading-inner-border\"><\/div><\/div><\/div>\n\n<style type=\"text\/css\" data-created_by=\"avia_inline_auto\" id=\"style-css-av-tfrk4-62b29f81c345a7b944f050d61bb72943\">\n#top .hr.av-tfrk4-62b29f81c345a7b944f050d61bb72943{\nmargin-top:5px;\nmargin-bottom:75px;\n}\n.hr.av-tfrk4-62b29f81c345a7b944f050d61bb72943 .hr-inner{\nwidth:50px;\nborder-color:#ea6239;\n}\n<\/style>\n<div  class='hr av-tfrk4-62b29f81c345a7b944f050d61bb72943 hr-custom  avia-builder-el-21  el_after_av_heading  el_before_av_one_full  hr-left hr-icon-no'><span class='hr-inner inner-border-av-border-fat'><span class=\"hr-inner-style\"><\/span><\/span><\/div>\n\n<style type=\"text\/css\" data-created_by=\"avia_inline_auto\" id=\"style-css-av-lo1cc-84923a0ab359b29d02cde5267e953c7c\">\n.flex_column.av-lo1cc-84923a0ab359b29d02cde5267e953c7c{\nborder-width:1px;\nborder-color:#e1e1e1;\nborder-style:solid;\nborder-radius:0px 0px 0px 0px;\npadding:20px 20px 20px 20px;\nbackground-color:#ffffff;\n}\n<\/style>\n<div  class='flex_column av-lo1cc-84923a0ab359b29d02cde5267e953c7c av_one_full  avia-builder-el-22  el_after_av_hr  avia-builder-el-last  first flex_column_div av-animated-generic bottom-to-top  '     ><section  class='av_textblock_section av-fnfi4-377a4742f6f220ce1d2f84f4bfbccebc '   itemscope=\"itemscope\" itemtype=\"https:\/\/schema.org\/CreativeWork\" ><div class='avia_textblock'  itemprop=\"text\" ><p>At Easydem.com, we have ensured to bring together movers and moving consultants who are the best in their trade to meet your expectations. Seems normal, right? Well, you\u2019d be surprised\u2026 Choose Easydem.com to avoid disappointment!<\/p>\n<p>In the aim to provide high quality services and the guarantee of a carefree move for its customers, Easydem.com has a several moving packages to choose from.<\/p>\n<p>While our agents may have different names for their moving packages, you are guaranteed to get the same high level of quality and commitment.<\/p>\n<p>Whichever package you choose, our Easydem.com partners make it their responsibility to load, transport and unload your items.<\/p>\n<\/div><\/section><\/div><div  class='avia-button-wrap avia-button-center  avia-builder-el-24  el_after_av_section  avia-builder-el-last '>\n<style type=\"text\/css\" data-created_by=\"avia_inline_auto\" id=\"style-css-av-9ms4c-d4f16e81be5d5e6ec5b22ee4b6a06832\">\n#top #wrap_all .avia-button.av-9ms4c-d4f16e81be5d5e6ec5b22ee4b6a06832{\ncolor:#ffffff;\ntransition:all 0.4s ease-in-out;\n}\n#top #wrap_all .avia-button.av-9ms4c-d4f16e81be5d5e6ec5b22ee4b6a06832:hover{\ncolor:#ffffff;\ntransition:all 0.4s ease-in-out;\n}\n#top #wrap_all .avia-button.av-9ms4c-d4f16e81be5d5e6ec5b22ee4b6a06832 .avia-svg-icon svg:first-child{\nfill:#ffffff;\nstroke:#ffffff;\n}\n#top #wrap_all .avia-button.av-9ms4c-d4f16e81be5d5e6ec5b22ee4b6a06832:hover .avia-svg-icon svg:first-child{\nfill:#ffffff;\nstroke:#ffffff;\n}\n<\/style>\n<a href='https:\/\/easydem.com\/en\/easy-move\/' class='avia-color-theme-color avia-button avia-button-fullwidth av-9ms4c-d4f16e81be5d5e6ec5b22ee4b6a06832 avia-icon_select-yes-right-icon avia-color-theme-color'   aria-label=\"View Our Moving Packages\"><span class='avia_iconbox_title' >View Our Moving Packages<\/span><span class='avia_button_icon avia_button_icon_right avia-iconfont avia-font-entypo-fontello' data-av_icon='\ue881' data-av_iconfont='entypo-fontello' ><\/span><span class='avia_button_background avia-button avia-button-fullwidth avia-color-theme-color'><\/span><\/a><\/div><\/p>\n","protected":false},"excerpt":{"rendered":"","protected":false},"author":1,"featured_media":0,"parent":0,"menu_order":0,"comment_status":"closed","ping_status":"closed","template":"","meta":{"footnotes":""},"class_list":["post-954","page","type-page","status-publish","hentry"],"yoast_head":"<!-- This site is optimized with the Yoast SEO plugin v27.3 - https:\/\/yoast.com\/product\/yoast-seo-wordpress\/ -->\n<title>EASY MOVE - Easydem D\u00e9m\u00e9nagement<\/title>\n<meta name=\"description\" content=\"EASY MOVE - Easydem D\u00e9m\u00e9nagement\" \/>\n<meta name=\"robots\" content=\"index, follow, max-snippet:-1, max-image-preview:large, max-video-preview:-1\" \/>\n<link rel=\"canonical\" href=\"https:\/\/easydem.com\/en\/easy-move\/\" \/>\n<meta property=\"og:locale\" content=\"en_US\" \/>\n<meta property=\"og:type\" content=\"article\" \/>\n<meta property=\"og:title\" content=\"EASY MOVE - Easydem D\u00e9m\u00e9nagement\" \/>\n<meta property=\"og:description\" content=\"EASY MOVE - Easydem D\u00e9m\u00e9nagement\" \/>\n<meta property=\"og:url\" content=\"https:\/\/easydem.com\/en\/easy-move\/\" \/>\n<meta property=\"og:site_name\" content=\"Easydem\" \/>\n<meta property=\"article:modified_time\" content=\"2018-11-23T14:02:46+00:00\" \/>\n<meta name=\"twitter:card\" content=\"summary_large_image\" \/>\n<meta name=\"twitter:label1\" content=\"Est. reading time\" \/>\n\t<meta name=\"twitter:data1\" content=\"9 minutes\" \/>\n<script type=\"application\/ld+json\" class=\"yoast-schema-graph\">{\"@context\":\"https:\\\/\\\/schema.org\",\"@graph\":[{\"@type\":\"WebPage\",\"@id\":\"https:\\\/\\\/easydem.com\\\/en\\\/easy-move\\\/\",\"url\":\"https:\\\/\\\/easydem.com\\\/en\\\/easy-move\\\/\",\"name\":\"EASY MOVE - Easydem D\u00e9m\u00e9nagement\",\"isPartOf\":{\"@id\":\"https:\\\/\\\/easydem.com\\\/en\\\/#website\"},\"datePublished\":\"2018-11-23T13:59:27+00:00\",\"dateModified\":\"2018-11-23T14:02:46+00:00\",\"description\":\"EASY MOVE - Easydem D\u00e9m\u00e9nagement\",\"breadcrumb\":{\"@id\":\"https:\\\/\\\/easydem.com\\\/en\\\/easy-move\\\/#breadcrumb\"},\"inLanguage\":\"en-US\",\"potentialAction\":[{\"@type\":\"ReadAction\",\"target\":[\"https:\\\/\\\/easydem.com\\\/en\\\/easy-move\\\/\"]}]},{\"@type\":\"BreadcrumbList\",\"@id\":\"https:\\\/\\\/easydem.com\\\/en\\\/easy-move\\\/#breadcrumb\",\"itemListElement\":[{\"@type\":\"ListItem\",\"position\":1,\"name\":\"Accueil\",\"item\":\"https:\\\/\\\/easydem.com\\\/en\\\/\"},{\"@type\":\"ListItem\",\"position\":2,\"name\":\"EASY MOVE\"}]},{\"@type\":\"WebSite\",\"@id\":\"https:\\\/\\\/easydem.com\\\/en\\\/#website\",\"url\":\"https:\\\/\\\/easydem.com\\\/en\\\/\",\"name\":\"Easydem\",\"description\":\"D\u00e9m\u00e9nagement\",\"publisher\":{\"@id\":\"https:\\\/\\\/easydem.com\\\/en\\\/#organization\"},\"potentialAction\":[{\"@type\":\"SearchAction\",\"target\":{\"@type\":\"EntryPoint\",\"urlTemplate\":\"https:\\\/\\\/easydem.com\\\/en\\\/?s={search_term_string}\"},\"query-input\":{\"@type\":\"PropertyValueSpecification\",\"valueRequired\":true,\"valueName\":\"search_term_string\"}}],\"inLanguage\":\"en-US\"},{\"@type\":\"Organization\",\"@id\":\"https:\\\/\\\/easydem.com\\\/en\\\/#organization\",\"name\":\"Easydem\",\"url\":\"https:\\\/\\\/easydem.com\\\/en\\\/\",\"logo\":{\"@type\":\"ImageObject\",\"inLanguage\":\"en-US\",\"@id\":\"https:\\\/\\\/easydem.com\\\/en\\\/#\\\/schema\\\/logo\\\/image\\\/\",\"url\":\"https:\\\/\\\/easydem.com\\\/wp-content\\\/uploads\\\/2017\\\/05\\\/easydem.png\",\"contentUrl\":\"https:\\\/\\\/easydem.com\\\/wp-content\\\/uploads\\\/2017\\\/05\\\/easydem.png\",\"width\":356,\"height\":91,\"caption\":\"Easydem\"},\"image\":{\"@id\":\"https:\\\/\\\/easydem.com\\\/en\\\/#\\\/schema\\\/logo\\\/image\\\/\"}}]}<\/script>\n<!-- \/ Yoast SEO plugin. -->","yoast_head_json":{"title":"EASY MOVE - Easydem D\u00e9m\u00e9nagement","description":"EASY MOVE - Easydem D\u00e9m\u00e9nagement","robots":{"index":"index","follow":"follow","max-snippet":"max-snippet:-1","max-image-preview":"max-image-preview:large","max-video-preview":"max-video-preview:-1"},"canonical":"https:\/\/easydem.com\/en\/easy-move\/","og_locale":"en_US","og_type":"article","og_title":"EASY MOVE - Easydem D\u00e9m\u00e9nagement","og_description":"EASY MOVE - Easydem D\u00e9m\u00e9nagement","og_url":"https:\/\/easydem.com\/en\/easy-move\/","og_site_name":"Easydem","article_modified_time":"2018-11-23T14:02:46+00:00","twitter_card":"summary_large_image","twitter_misc":{"Est. reading time":"9 minutes"},"schema":{"@context":"https:\/\/schema.org","@graph":[{"@type":"WebPage","@id":"https:\/\/easydem.com\/en\/easy-move\/","url":"https:\/\/easydem.com\/en\/easy-move\/","name":"EASY MOVE - Easydem D\u00e9m\u00e9nagement","isPartOf":{"@id":"https:\/\/easydem.com\/en\/#website"},"datePublished":"2018-11-23T13:59:27+00:00","dateModified":"2018-11-23T14:02:46+00:00","description":"EASY MOVE - Easydem D\u00e9m\u00e9nagement","breadcrumb":{"@id":"https:\/\/easydem.com\/en\/easy-move\/#breadcrumb"},"inLanguage":"en-US","potentialAction":[{"@type":"ReadAction","target":["https:\/\/easydem.com\/en\/easy-move\/"]}]},{"@type":"BreadcrumbList","@id":"https:\/\/easydem.com\/en\/easy-move\/#breadcrumb","itemListElement":[{"@type":"ListItem","position":1,"name":"Accueil","item":"https:\/\/easydem.com\/en\/"},{"@type":"ListItem","position":2,"name":"EASY MOVE"}]},{"@type":"WebSite","@id":"https:\/\/easydem.com\/en\/#website","url":"https:\/\/easydem.com\/en\/","name":"Easydem","description":"D\u00e9m\u00e9nagement","publisher":{"@id":"https:\/\/easydem.com\/en\/#organization"},"potentialAction":[{"@type":"SearchAction","target":{"@type":"EntryPoint","urlTemplate":"https:\/\/easydem.com\/en\/?s={search_term_string}"},"query-input":{"@type":"PropertyValueSpecification","valueRequired":true,"valueName":"search_term_string"}}],"inLanguage":"en-US"},{"@type":"Organization","@id":"https:\/\/easydem.com\/en\/#organization","name":"Easydem","url":"https:\/\/easydem.com\/en\/","logo":{"@type":"ImageObject","inLanguage":"en-US","@id":"https:\/\/easydem.com\/en\/#\/schema\/logo\/image\/","url":"https:\/\/easydem.com\/wp-content\/uploads\/2017\/05\/easydem.png","contentUrl":"https:\/\/easydem.com\/wp-content\/uploads\/2017\/05\/easydem.png","width":356,"height":91,"caption":"Easydem"},"image":{"@id":"https:\/\/easydem.com\/en\/#\/schema\/logo\/image\/"}}]}},"_links":{"self":[{"href":"https:\/\/easydem.com\/en\/wp-json\/wp\/v2\/pages\/954","targetHints":{"allow":["GET"]}}],"collection":[{"href":"https:\/\/easydem.com\/en\/wp-json\/wp\/v2\/pages"}],"about":[{"href":"https:\/\/easydem.com\/en\/wp-json\/wp\/v2\/types\/page"}],"author":[{"embeddable":true,"href":"https:\/\/easydem.com\/en\/wp-json\/wp\/v2\/users\/1"}],"replies":[{"embeddable":true,"href":"https:\/\/easydem.com\/en\/wp-json\/wp\/v2\/comments?post=954"}],"version-history":[{"count":2,"href":"https:\/\/easydem.com\/en\/wp-json\/wp\/v2\/pages\/954\/revisions"}],"predecessor-version":[{"id":957,"href":"https:\/\/easydem.com\/en\/wp-json\/wp\/v2\/pages\/954\/revisions\/957"}],"wp:attachment":[{"href":"https:\/\/easydem.com\/en\/wp-json\/wp\/v2\/media?parent=954"}],"curies":[{"name":"wp","href":"https:\/\/api.w.org\/{rel}","templated":true}]}}