{"id":964,"date":"2018-11-23T14:18:43","date_gmt":"2018-11-23T14:18:43","guid":{"rendered":"https:\/\/easydem.com\/?page_id=964"},"modified":"2018-11-23T14:23:13","modified_gmt":"2018-11-23T14:23:13","slug":"logistics-for-companies-and-events","status":"publish","type":"page","link":"https:\/\/easydem.com\/en\/logistics-for-companies-and-events\/","title":{"rendered":"LOGISTICS FOR COMPANIES AND EVENTS"},"content":{"rendered":"<div id='layer_slider_1'  class='avia-layerslider main_color avia-shadow  avia-builder-el-0  el_before_av_heading  avia-builder-el-first  container_wrap fullsize'  style='height: 301px;'  ><\/div><div id='after_layer_slider_1'  class='main_color av_default_container_wrap container_wrap fullsize'  ><div class='container av-section-cont-open' ><div class='template-page content  av-content-full alpha units'><div class='post-entry post-entry-type-page post-entry-964'><div class='entry-content-wrapper clearfix'>\n\n<style type=\"text\/css\" data-created_by=\"avia_inline_auto\" id=\"style-css-av-jou43icp-9b211659347859f03d22752221684d07\">\n#top .av-special-heading.av-jou43icp-9b211659347859f03d22752221684d07{\npadding-bottom:0;\n}\nbody .av-special-heading.av-jou43icp-9b211659347859f03d22752221684d07 .av-special-heading-tag .heading-char{\nfont-size:25px;\n}\n.av-special-heading.av-jou43icp-9b211659347859f03d22752221684d07 .av-subheading{\nfont-size:18px;\n}\n<\/style>\n<div  class='av-special-heading av-jou43icp-9b211659347859f03d22752221684d07 av-special-heading-h1 blockquote modern-quote modern-centered  avia-builder-el-1  el_after_av_layerslider  el_before_av_section  avia-builder-el-no-sibling '><h1 class='av-special-heading-tag '  itemprop=\"headline\"  >LOGISTICS FOR COMPANIES AND EVENTS<\/h1><div class=\"special-heading-border\"><div class=\"special-heading-inner-border\"><\/div><\/div><\/div>\n<\/div><\/div><\/div><!-- close content main div --><\/div><\/div>\n<style type=\"text\/css\" data-created_by=\"avia_inline_auto\" id=\"style-css-av-3a2rfh-6b7d76bf4c30a089f2d976f8abe7f6d1\">\n.avia-section.av-3a2rfh-6b7d76bf4c30a089f2d976f8abe7f6d1{\nbackground-color:#fcfcfc;\nbackground-image:unset;\n}\n<\/style>\n<div id='av_section_1'  class='avia-section av-3a2rfh-6b7d76bf4c30a089f2d976f8abe7f6d1 main_color avia-section-large avia-no-shadow  avia-builder-el-2  el_after_av_heading  el_before_av_section  avia-bg-style-scroll container_wrap fullsize'  ><div class='container av-section-cont-open' ><div class='template-page content  av-content-full alpha units'><div class='post-entry post-entry-type-page post-entry-964'><div class='entry-content-wrapper clearfix'>\n\n<style type=\"text\/css\" data-created_by=\"avia_inline_auto\" id=\"style-css-av-jou43u1e-33f187d734c6f00ee76adcfd9447081c\">\n#top .av-special-heading.av-jou43u1e-33f187d734c6f00ee76adcfd9447081c{\npadding-bottom:0;\n}\nbody .av-special-heading.av-jou43u1e-33f187d734c6f00ee76adcfd9447081c .av-special-heading-tag .heading-char{\nfont-size:25px;\n}\n.av-special-heading.av-jou43u1e-33f187d734c6f00ee76adcfd9447081c .av-subheading{\nfont-size:18px;\n}\n<\/style>\n<div  class='av-special-heading av-jou43u1e-33f187d734c6f00ee76adcfd9447081c av-special-heading-h2 blockquote modern-quote  avia-builder-el-3  el_before_av_hr  avia-builder-el-first '><h2 class='av-special-heading-tag '  itemprop=\"headline\"  > OFFICE TRANSFERS AND MOVING<\/h2><div class='av-subheading av-subheading_below'><p>Easydem.com\u2019s network of agents work both in corporate and industrial fields. As experts in business moving, office relocation and even archiving, we will manage your move and store your items using high-performance logistical systems.<\/p>\n<\/div><div class=\"special-heading-border\"><div class=\"special-heading-inner-border\"><\/div><\/div><\/div>\n\n<style type=\"text\/css\" data-created_by=\"avia_inline_auto\" id=\"style-css-av-abu85-ec37a87367588b028e37e1acaf51ba73\">\n#top .hr.av-abu85-ec37a87367588b028e37e1acaf51ba73{\nmargin-top:5px;\nmargin-bottom:35px;\n}\n.hr.av-abu85-ec37a87367588b028e37e1acaf51ba73 .hr-inner{\nwidth:50px;\nborder-color:#ea6239;\n}\n<\/style>\n<div  class='hr av-abu85-ec37a87367588b028e37e1acaf51ba73 hr-custom  avia-builder-el-4  el_after_av_heading  el_before_av_textblock  hr-left hr-icon-no'><span class='hr-inner inner-border-av-border-fat'><span class=\"hr-inner-style\"><\/span><\/span><\/div>\n<section  class='av_textblock_section av-2owwqd-c669d3c52550ea33c2a5740d003417db '   itemscope=\"itemscope\" itemtype=\"https:\/\/schema.org\/CreativeWork\" ><div class='avia_textblock'  itemprop=\"text\" ><p><img loading=\"lazy\" decoding=\"async\" src=\"https:\/\/easydem.com\/wp-content\/uploads\/2018\/05\/transfert-bureau.jpg\" alt=\"\" class=\"alignright wp-image-695 size-full\" width=\"450\" height=\"250\" srcset=\"https:\/\/easydem.com\/wp-content\/uploads\/2018\/05\/transfert-bureau.jpg 450w, https:\/\/easydem.com\/wp-content\/uploads\/2018\/05\/transfert-bureau-300x167.jpg 300w\" sizes=\"auto, (max-width: 450px) 100vw, 450px\" \/><\/p>\n<p>Our moving and transfer specifications are devised in consultation with company management, operational staff and human resources. What\u2019s more is that company-appointed persons participate in the implementation of the move or transfer.<\/p>\n<p>Our Easydem.com agents are committed to meeting deadlines all while ensuring not to disturb the client company\u2019s employees and work operations whilst our movers are at work, thus delivering high quality performance in carrying out the move.<\/p>\n<p>You can either opt for our PARTIAL or COMPLETE SET OF SERVICES (no participating personnel from the client company):<\/p>\n<ul>\n<li>De-assembly and re-assembly of desks and filing cabinets<\/li>\n<li>Boxing of documents and repositioning them in their original desks and filing cabinets in their new location<\/li>\n<li>IT equipment<\/li>\n<\/ul>\n<\/div><\/section>\n<\/div><\/div><\/div><!-- close content main div --><\/div><\/div>\n<style type=\"text\/css\" data-created_by=\"avia_inline_auto\" id=\"style-css-av-2kobod-ca68cd2eaf59a3ecf32428c55817773c\">\n.avia-section.av-2kobod-ca68cd2eaf59a3ecf32428c55817773c{\nbackground-color:#fcfcfc;\nbackground-image:unset;\n}\n<\/style>\n<div id='av_section_2'  class='avia-section av-2kobod-ca68cd2eaf59a3ecf32428c55817773c main_color avia-section-large avia-no-shadow  avia-builder-el-6  el_after_av_section  el_before_av_section  avia-bg-style-scroll container_wrap fullsize'  ><div class='container av-section-cont-open' ><div class='template-page content  av-content-full alpha units'><div class='post-entry post-entry-type-page post-entry-964'><div class='entry-content-wrapper clearfix'>\n\n<style type=\"text\/css\" data-created_by=\"avia_inline_auto\" id=\"style-css-av-jou44fd9-c1d960f8b7379b258c738a9cd4a89edc\">\n#top .av-special-heading.av-jou44fd9-c1d960f8b7379b258c738a9cd4a89edc{\npadding-bottom:0;\n}\nbody .av-special-heading.av-jou44fd9-c1d960f8b7379b258c738a9cd4a89edc .av-special-heading-tag .heading-char{\nfont-size:25px;\n}\n.av-special-heading.av-jou44fd9-c1d960f8b7379b258c738a9cd4a89edc .av-subheading{\nfont-size:18px;\n}\n<\/style>\n<div  class='av-special-heading av-jou44fd9-c1d960f8b7379b258c738a9cd4a89edc av-special-heading-h2 blockquote modern-quote  avia-builder-el-7  el_before_av_hr  avia-builder-el-first '><h2 class='av-special-heading-tag '  itemprop=\"headline\"  >EVENTS AND FAIRS<\/h2><div class=\"special-heading-border\"><div class=\"special-heading-inner-border\"><\/div><\/div><\/div>\n\n<style type=\"text\/css\" data-created_by=\"avia_inline_auto\" id=\"style-css-av-85b2d-1d6bfc7bdc72c2506e216f29687d9dc2\">\n#top .hr.av-85b2d-1d6bfc7bdc72c2506e216f29687d9dc2{\nmargin-top:5px;\nmargin-bottom:35px;\n}\n.hr.av-85b2d-1d6bfc7bdc72c2506e216f29687d9dc2 .hr-inner{\nwidth:50px;\nborder-color:#ea6239;\n}\n<\/style>\n<div  class='hr av-85b2d-1d6bfc7bdc72c2506e216f29687d9dc2 hr-custom  avia-builder-el-8  el_after_av_heading  el_before_av_textblock  hr-left hr-icon-no'><span class='hr-inner inner-border-av-border-fat'><span class=\"hr-inner-style\"><\/span><\/span><\/div>\n<section  class='av_textblock_section av-20hln1-e279f1daf93dfb461328cb0a911db8fc '   itemscope=\"itemscope\" itemtype=\"https:\/\/schema.org\/CreativeWork\" ><div class='avia_textblock'  itemprop=\"text\" ><p><img loading=\"lazy\" decoding=\"async\" src=\"https:\/\/easydem.com\/wp-content\/uploads\/2018\/05\/foires.jpg\" alt=\"\" class=\"alignright wp-image-692 size-full\" width=\"450\" height=\"250\" srcset=\"https:\/\/easydem.com\/wp-content\/uploads\/2018\/05\/foires.jpg 450w, https:\/\/easydem.com\/wp-content\/uploads\/2018\/05\/foires-300x167.jpg 300w\" sizes=\"auto, (max-width: 450px) 100vw, 450px\" \/>Our Easydem.com agents provide door to door services for the international transportation, transit and handling of exhibits, fairs, conferences\/seminars\/talks and cultural events (i.e. moving a concert piano).<\/p>\n<\/div><\/section>\n<\/div><\/div><\/div><!-- close content main div --><\/div><\/div><div id='av_section_3'  class='avia-section av-1zffet-d8b716cbddc5a4ac91b8ee07fce53f7e main_color avia-section-large avia-no-shadow  avia-builder-el-10  el_after_av_section  avia-builder-el-last  avia-bg-style-scroll container_wrap fullsize'  ><div class='container av-section-cont-open' ><div class='template-page content  av-content-full alpha units'><div class='post-entry post-entry-type-page post-entry-964'><div class='entry-content-wrapper clearfix'>\n\n<style type=\"text\/css\" data-created_by=\"avia_inline_auto\" id=\"style-css-av-jou44x05-42a789ec3daf869416ecd237e6286a0d\">\n#top .av-special-heading.av-jou44x05-42a789ec3daf869416ecd237e6286a0d{\npadding-bottom:0;\n}\nbody .av-special-heading.av-jou44x05-42a789ec3daf869416ecd237e6286a0d .av-special-heading-tag .heading-char{\nfont-size:25px;\n}\n.av-special-heading.av-jou44x05-42a789ec3daf869416ecd237e6286a0d .av-subheading{\nfont-size:18px;\n}\n<\/style>\n<div  class='av-special-heading av-jou44x05-42a789ec3daf869416ecd237e6286a0d av-special-heading-h2 blockquote modern-quote  avia-builder-el-11  el_before_av_hr  avia-builder-el-first '><h2 class='av-special-heading-tag '  itemprop=\"headline\"  > INDUSTRIAL LOGISTICS DEPARTMENT<\/h2><div class=\"special-heading-border\"><div class=\"special-heading-inner-border\"><\/div><\/div><\/div>\n\n<style type=\"text\/css\" data-created_by=\"avia_inline_auto\" id=\"style-css-av-1mb9q5-8ac3873fea7b38480d729be733a0f071\">\n#top .hr.av-1mb9q5-8ac3873fea7b38480d729be733a0f071{\nmargin-top:5px;\nmargin-bottom:35px;\n}\n.hr.av-1mb9q5-8ac3873fea7b38480d729be733a0f071 .hr-inner{\nwidth:50px;\nborder-color:#ea6239;\n}\n<\/style>\n<div  class='hr av-1mb9q5-8ac3873fea7b38480d729be733a0f071 hr-custom  avia-builder-el-12  el_after_av_heading  el_before_av_heading  hr-left hr-icon-no'><span class='hr-inner inner-border-av-border-fat'><span class=\"hr-inner-style\"><\/span><\/span><\/div>\n\n<style type=\"text\/css\" data-created_by=\"avia_inline_auto\" id=\"style-css-av-jou45a6n-cc3b8be80aaeedb68e644ecd94b1b988\">\n#top .av-special-heading.av-jou45a6n-cc3b8be80aaeedb68e644ecd94b1b988{\npadding-bottom:0;\n}\nbody .av-special-heading.av-jou45a6n-cc3b8be80aaeedb68e644ecd94b1b988 .av-special-heading-tag .heading-char{\nfont-size:25px;\n}\n.av-special-heading.av-jou45a6n-cc3b8be80aaeedb68e644ecd94b1b988 .av-subheading{\nfont-size:18px;\n}\n<\/style>\n<div  class='av-special-heading av-jou45a6n-cc3b8be80aaeedb68e644ecd94b1b988 av-special-heading-h2 blockquote modern-quote  avia-builder-el-13  el_after_av_hr  el_before_av_textblock '><h2 class='av-special-heading-tag '  itemprop=\"headline\"  >INDUSTRIAL RELOCATION\/TRANSFER<\/h2><div class=\"special-heading-border\"><div class=\"special-heading-inner-border\"><\/div><\/div><\/div>\n<section  class='av_textblock_section av-4p9sd-8ab769d2f2de8fe5d5a8881f1dabf956 '   itemscope=\"itemscope\" itemtype=\"https:\/\/schema.org\/CreativeWork\" ><div class='avia_textblock'  itemprop=\"text\" ><p style=\"line-height: 19.8pt;\"><span style=\"color: #444444;\"><img loading=\"lazy\" decoding=\"async\" src=\"https:\/\/easydem.com\/wp-content\/uploads\/2018\/05\/transfert-entreprise.jpg\" alt=\"\" class=\"alignright wp-image-693 size-full\" width=\"450\" height=\"250\" srcset=\"https:\/\/easydem.com\/wp-content\/uploads\/2018\/05\/transfert-entreprise.jpg 450w, https:\/\/easydem.com\/wp-content\/uploads\/2018\/05\/transfert-entreprise-300x167.jpg 300w\" sizes=\"auto, (max-width: 450px) 100vw, 450px\" \/><\/span><\/p>\n<p>Our Easydem.com agents operate a Logistics Department in each country with TEAMS DEDICATED to the relocation and transfer of production\/manufacturing units.<\/p>\n<p><span>\u00a0<\/span><\/p>\n<p>Our Easydem.com agents have the human and technical resources you need and more to adapt to every situation: lifting equipment, industrial vehicles, etc.<\/p>\n<p><span>\u00a0<\/span><\/p>\n<p>In Morocco and Tunisia, our agents\u2019 Logistics Departments can manage the unloading of boats and air cargo, as well as OVERSEE, if required, the need for experts and specialists in particular fields, such as outsize cargo, helicopter transportation, hydraulics, electricity, data processing, administrative procedures, local legislation, etc.<\/p>\n<p><span>\u00a0<\/span><\/p>\n<p style=\"line-height: 19.8pt;\"><span style=\"color: #444444;\">What\u2019s more is our freight forwarders are authorized to carry out CUSTOMS CLEARANCE for goods, equipment, tools and other items.<\/span><\/p>\n<\/div><\/section>\n\n<style type=\"text\/css\" data-created_by=\"avia_inline_auto\" id=\"style-css-av-3tofx-2b46e905348c65393627349647dff5ca\">\n.flex_column.av-3tofx-2b46e905348c65393627349647dff5ca{\nborder-radius:0px 0px 0px 0px;\npadding:0px 0px 0px 0px;\n}\n<\/style>\n<div  class='flex_column av-3tofx-2b46e905348c65393627349647dff5ca av_one_full  avia-builder-el-15  el_after_av_textblock  el_before_av_heading  first flex_column_div av-animated-generic bottom-to-top av-zero-column-padding  column-top-margin'     ><style type=\"text\/css\" data-created_by=\"avia_inline_auto\" id=\"style-css-av-vrbdh-da40b3e438e08e44de20ee5770827db8\">\n.iconbox.av-vrbdh-da40b3e438e08e44de20ee5770827db8 .iconbox_icon{\nbackground-color:#ffffff;\nborder:1px solid #ea6239;\ncolor:#ea6239;\n}\n.iconbox.av-vrbdh-da40b3e438e08e44de20ee5770827db8 .iconbox_icon.avia-svg-icon svg:first-child{\nfill:#ea6239;\nstroke:#ea6239;\n}\n#top #wrap_all .iconbox.av-vrbdh-da40b3e438e08e44de20ee5770827db8 .iconbox_content_title{\ncolor:#ea6239;\n}\n<\/style>\n<article  class='iconbox iconbox_left_content av-vrbdh-da40b3e438e08e44de20ee5770827db8  avia-builder-el-16  avia-builder-el-no-sibling '  itemscope=\"itemscope\" itemtype=\"https:\/\/schema.org\/CreativeWork\" ><div class='iconbox_icon heading-color avia-iconfont avia-font-entypo-fontello' data-av_icon='\ue80b' data-av_iconfont='entypo-fontello'  ><\/div><div class=\"iconbox_content\"><header class=\"entry-content-header\" aria-label=\"Icon: ONE SOURCE OF EXPERTISE: ENDLESS HUMAN AND TECHNICAL RESOURCES!\"><h3 class='iconbox_content_title '  itemprop=\"headline\" >ONE SOURCE OF EXPERTISE: ENDLESS HUMAN AND TECHNICAL RESOURCES!<\/h3><\/header><div class='iconbox_content_container '  itemprop=\"text\" ><\/div><\/div><footer class=\"entry-footer\"><\/footer><\/article><\/div>\n<style type=\"text\/css\" data-created_by=\"avia_inline_auto\" id=\"style-css-av-jou4732w-98fef6a6ddde3e4c54092bd37fa2ad69\">\n#top .av-special-heading.av-jou4732w-98fef6a6ddde3e4c54092bd37fa2ad69{\npadding-bottom:0;\n}\nbody .av-special-heading.av-jou4732w-98fef6a6ddde3e4c54092bd37fa2ad69 .av-special-heading-tag .heading-char{\nfont-size:25px;\n}\n.av-special-heading.av-jou4732w-98fef6a6ddde3e4c54092bd37fa2ad69 .av-subheading{\nfont-size:18px;\n}\n<\/style>\n<div  class='av-special-heading av-jou4732w-98fef6a6ddde3e4c54092bd37fa2ad69 av-special-heading-h2 blockquote modern-quote  avia-builder-el-17  el_after_av_one_full  el_before_av_textblock '><h2 class='av-special-heading-tag '  itemprop=\"headline\"  > STOCK MANAGEMENT<\/h2><div class='av-subheading av-subheading_below'><p>Easydem.com\u2019s network of agents work both in corporate and industrial fields. As experts in business moving, office relocation and even archiving, we will manage your move and store your items using high-performance logistical systems.<\/p>\n<\/div><div class=\"special-heading-border\"><div class=\"special-heading-inner-border\"><\/div><\/div><\/div>\n<section  class='av_textblock_section av-mh0nh-a7c8e3cde3bcb8d1522f18489619e1f3 '   itemscope=\"itemscope\" itemtype=\"https:\/\/schema.org\/CreativeWork\" ><div class='avia_textblock'  itemprop=\"text\" ><p style=\"line-height: 19.8pt;\"><span style=\"color: #444444;\"><img loading=\"lazy\" decoding=\"async\" src=\"https:\/\/easydem.com\/wp-content\/uploads\/2018\/05\/gestion-stock.jpg\" alt=\"\" class=\"alignright wp-image-694 size-full\" width=\"450\" height=\"250\" srcset=\"https:\/\/easydem.com\/wp-content\/uploads\/2018\/05\/gestion-stock.jpg 450w, https:\/\/easydem.com\/wp-content\/uploads\/2018\/05\/gestion-stock-300x167.jpg 300w\" sizes=\"auto, (max-width: 450px) 100vw, 450px\" \/><\/span><\/p>\n<p>Integrated LOGISTICS services run by our EASYDEM.COM agents follow the contractual specifications devised according to the client company\u2019s production\/manufacturing processes and in consultation with management, operational managers and human resources.<\/p>\n<p><span>\u00a0<\/span><\/p>\n<p style=\"line-height: 19.8pt;\"><span style=\"color: #444444;\">The Logistics Department\u2019s qualified staff can take care of the moving and transfer of goods and stock. Storage facilities are available for temporary and\/or permanent storage with the possibility of \u201cjust-in-time\u201d delivery services to meet the needs of your company\u2019s scheduling and work processes.<\/span><\/p>\n<\/div><\/section>\n<\/p>\n","protected":false},"excerpt":{"rendered":"","protected":false},"author":1,"featured_media":0,"parent":0,"menu_order":0,"comment_status":"closed","ping_status":"closed","template":"","meta":{"footnotes":""},"class_list":["post-964","page","type-page","status-publish","hentry"],"yoast_head":"<!-- This site is optimized with the Yoast SEO plugin v27.4 - https:\/\/yoast.com\/product\/yoast-seo-wordpress\/ -->\n<title>LOGISTICS FOR COMPANIES AND EVENTS - Easydem D\u00e9m\u00e9nagement<\/title>\n<meta name=\"description\" content=\"LOGISTICS FOR COMPANIES AND EVENTS - Easydem D\u00e9m\u00e9nagement\" \/>\n<meta name=\"robots\" content=\"index, follow, max-snippet:-1, max-image-preview:large, max-video-preview:-1\" \/>\n<link rel=\"canonical\" href=\"https:\/\/easydem.com\/en\/logistics-for-companies-and-events\/\" \/>\n<meta property=\"og:locale\" content=\"en_US\" \/>\n<meta property=\"og:type\" content=\"article\" \/>\n<meta property=\"og:title\" content=\"LOGISTICS FOR COMPANIES AND EVENTS - Easydem D\u00e9m\u00e9nagement\" \/>\n<meta property=\"og:description\" content=\"LOGISTICS FOR COMPANIES AND EVENTS - Easydem D\u00e9m\u00e9nagement\" \/>\n<meta property=\"og:url\" content=\"https:\/\/easydem.com\/en\/logistics-for-companies-and-events\/\" \/>\n<meta property=\"og:site_name\" content=\"Easydem\" \/>\n<meta property=\"article:modified_time\" content=\"2018-11-23T14:23:13+00:00\" \/>\n<meta property=\"og:image\" content=\"https:\/\/easydem.com\/wp-content\/uploads\/2018\/05\/transfert-bureau.jpg\" \/>\n<meta name=\"twitter:card\" content=\"summary_large_image\" \/>\n<meta name=\"twitter:label1\" content=\"Est. reading time\" \/>\n\t<meta name=\"twitter:data1\" content=\"8 minutes\" \/>\n<script type=\"application\/ld+json\" class=\"yoast-schema-graph\">{\"@context\":\"https:\\\/\\\/schema.org\",\"@graph\":[{\"@type\":\"WebPage\",\"@id\":\"https:\\\/\\\/easydem.com\\\/en\\\/logistics-for-companies-and-events\\\/\",\"url\":\"https:\\\/\\\/easydem.com\\\/en\\\/logistics-for-companies-and-events\\\/\",\"name\":\"LOGISTICS FOR COMPANIES AND EVENTS - Easydem D\u00e9m\u00e9nagement\",\"isPartOf\":{\"@id\":\"https:\\\/\\\/easydem.com\\\/en\\\/#website\"},\"primaryImageOfPage\":{\"@id\":\"https:\\\/\\\/easydem.com\\\/en\\\/logistics-for-companies-and-events\\\/#primaryimage\"},\"image\":{\"@id\":\"https:\\\/\\\/easydem.com\\\/en\\\/logistics-for-companies-and-events\\\/#primaryimage\"},\"thumbnailUrl\":\"https:\\\/\\\/easydem.com\\\/wp-content\\\/uploads\\\/2018\\\/05\\\/transfert-bureau.jpg\",\"datePublished\":\"2018-11-23T14:18:43+00:00\",\"dateModified\":\"2018-11-23T14:23:13+00:00\",\"description\":\"LOGISTICS FOR COMPANIES AND EVENTS - Easydem D\u00e9m\u00e9nagement\",\"breadcrumb\":{\"@id\":\"https:\\\/\\\/easydem.com\\\/en\\\/logistics-for-companies-and-events\\\/#breadcrumb\"},\"inLanguage\":\"en-US\",\"potentialAction\":[{\"@type\":\"ReadAction\",\"target\":[\"https:\\\/\\\/easydem.com\\\/en\\\/logistics-for-companies-and-events\\\/\"]}]},{\"@type\":\"ImageObject\",\"inLanguage\":\"en-US\",\"@id\":\"https:\\\/\\\/easydem.com\\\/en\\\/logistics-for-companies-and-events\\\/#primaryimage\",\"url\":\"https:\\\/\\\/easydem.com\\\/wp-content\\\/uploads\\\/2018\\\/05\\\/transfert-bureau.jpg\",\"contentUrl\":\"https:\\\/\\\/easydem.com\\\/wp-content\\\/uploads\\\/2018\\\/05\\\/transfert-bureau.jpg\"},{\"@type\":\"BreadcrumbList\",\"@id\":\"https:\\\/\\\/easydem.com\\\/en\\\/logistics-for-companies-and-events\\\/#breadcrumb\",\"itemListElement\":[{\"@type\":\"ListItem\",\"position\":1,\"name\":\"Accueil\",\"item\":\"https:\\\/\\\/easydem.com\\\/en\\\/\"},{\"@type\":\"ListItem\",\"position\":2,\"name\":\"LOGISTICS FOR COMPANIES AND EVENTS\"}]},{\"@type\":\"WebSite\",\"@id\":\"https:\\\/\\\/easydem.com\\\/en\\\/#website\",\"url\":\"https:\\\/\\\/easydem.com\\\/en\\\/\",\"name\":\"Easydem\",\"description\":\"D\u00e9m\u00e9nagement\",\"publisher\":{\"@id\":\"https:\\\/\\\/easydem.com\\\/en\\\/#organization\"},\"potentialAction\":[{\"@type\":\"SearchAction\",\"target\":{\"@type\":\"EntryPoint\",\"urlTemplate\":\"https:\\\/\\\/easydem.com\\\/en\\\/?s={search_term_string}\"},\"query-input\":{\"@type\":\"PropertyValueSpecification\",\"valueRequired\":true,\"valueName\":\"search_term_string\"}}],\"inLanguage\":\"en-US\"},{\"@type\":\"Organization\",\"@id\":\"https:\\\/\\\/easydem.com\\\/en\\\/#organization\",\"name\":\"Easydem\",\"url\":\"https:\\\/\\\/easydem.com\\\/en\\\/\",\"logo\":{\"@type\":\"ImageObject\",\"inLanguage\":\"en-US\",\"@id\":\"https:\\\/\\\/easydem.com\\\/en\\\/#\\\/schema\\\/logo\\\/image\\\/\",\"url\":\"https:\\\/\\\/easydem.com\\\/wp-content\\\/uploads\\\/2017\\\/05\\\/easydem.png\",\"contentUrl\":\"https:\\\/\\\/easydem.com\\\/wp-content\\\/uploads\\\/2017\\\/05\\\/easydem.png\",\"width\":356,\"height\":91,\"caption\":\"Easydem\"},\"image\":{\"@id\":\"https:\\\/\\\/easydem.com\\\/en\\\/#\\\/schema\\\/logo\\\/image\\\/\"}}]}<\/script>\n<!-- \/ Yoast SEO plugin. -->","yoast_head_json":{"title":"LOGISTICS FOR COMPANIES AND EVENTS - Easydem D\u00e9m\u00e9nagement","description":"LOGISTICS FOR COMPANIES AND EVENTS - Easydem D\u00e9m\u00e9nagement","robots":{"index":"index","follow":"follow","max-snippet":"max-snippet:-1","max-image-preview":"max-image-preview:large","max-video-preview":"max-video-preview:-1"},"canonical":"https:\/\/easydem.com\/en\/logistics-for-companies-and-events\/","og_locale":"en_US","og_type":"article","og_title":"LOGISTICS FOR COMPANIES AND EVENTS - Easydem D\u00e9m\u00e9nagement","og_description":"LOGISTICS FOR COMPANIES AND EVENTS - Easydem D\u00e9m\u00e9nagement","og_url":"https:\/\/easydem.com\/en\/logistics-for-companies-and-events\/","og_site_name":"Easydem","article_modified_time":"2018-11-23T14:23:13+00:00","og_image":[{"url":"https:\/\/easydem.com\/wp-content\/uploads\/2018\/05\/transfert-bureau.jpg","type":"","width":"","height":""}],"twitter_card":"summary_large_image","twitter_misc":{"Est. reading time":"8 minutes"},"schema":{"@context":"https:\/\/schema.org","@graph":[{"@type":"WebPage","@id":"https:\/\/easydem.com\/en\/logistics-for-companies-and-events\/","url":"https:\/\/easydem.com\/en\/logistics-for-companies-and-events\/","name":"LOGISTICS FOR COMPANIES AND EVENTS - Easydem D\u00e9m\u00e9nagement","isPartOf":{"@id":"https:\/\/easydem.com\/en\/#website"},"primaryImageOfPage":{"@id":"https:\/\/easydem.com\/en\/logistics-for-companies-and-events\/#primaryimage"},"image":{"@id":"https:\/\/easydem.com\/en\/logistics-for-companies-and-events\/#primaryimage"},"thumbnailUrl":"https:\/\/easydem.com\/wp-content\/uploads\/2018\/05\/transfert-bureau.jpg","datePublished":"2018-11-23T14:18:43+00:00","dateModified":"2018-11-23T14:23:13+00:00","description":"LOGISTICS FOR COMPANIES AND EVENTS - Easydem D\u00e9m\u00e9nagement","breadcrumb":{"@id":"https:\/\/easydem.com\/en\/logistics-for-companies-and-events\/#breadcrumb"},"inLanguage":"en-US","potentialAction":[{"@type":"ReadAction","target":["https:\/\/easydem.com\/en\/logistics-for-companies-and-events\/"]}]},{"@type":"ImageObject","inLanguage":"en-US","@id":"https:\/\/easydem.com\/en\/logistics-for-companies-and-events\/#primaryimage","url":"https:\/\/easydem.com\/wp-content\/uploads\/2018\/05\/transfert-bureau.jpg","contentUrl":"https:\/\/easydem.com\/wp-content\/uploads\/2018\/05\/transfert-bureau.jpg"},{"@type":"BreadcrumbList","@id":"https:\/\/easydem.com\/en\/logistics-for-companies-and-events\/#breadcrumb","itemListElement":[{"@type":"ListItem","position":1,"name":"Accueil","item":"https:\/\/easydem.com\/en\/"},{"@type":"ListItem","position":2,"name":"LOGISTICS FOR COMPANIES AND EVENTS"}]},{"@type":"WebSite","@id":"https:\/\/easydem.com\/en\/#website","url":"https:\/\/easydem.com\/en\/","name":"Easydem","description":"D\u00e9m\u00e9nagement","publisher":{"@id":"https:\/\/easydem.com\/en\/#organization"},"potentialAction":[{"@type":"SearchAction","target":{"@type":"EntryPoint","urlTemplate":"https:\/\/easydem.com\/en\/?s={search_term_string}"},"query-input":{"@type":"PropertyValueSpecification","valueRequired":true,"valueName":"search_term_string"}}],"inLanguage":"en-US"},{"@type":"Organization","@id":"https:\/\/easydem.com\/en\/#organization","name":"Easydem","url":"https:\/\/easydem.com\/en\/","logo":{"@type":"ImageObject","inLanguage":"en-US","@id":"https:\/\/easydem.com\/en\/#\/schema\/logo\/image\/","url":"https:\/\/easydem.com\/wp-content\/uploads\/2017\/05\/easydem.png","contentUrl":"https:\/\/easydem.com\/wp-content\/uploads\/2017\/05\/easydem.png","width":356,"height":91,"caption":"Easydem"},"image":{"@id":"https:\/\/easydem.com\/en\/#\/schema\/logo\/image\/"}}]}},"_links":{"self":[{"href":"https:\/\/easydem.com\/en\/wp-json\/wp\/v2\/pages\/964","targetHints":{"allow":["GET"]}}],"collection":[{"href":"https:\/\/easydem.com\/en\/wp-json\/wp\/v2\/pages"}],"about":[{"href":"https:\/\/easydem.com\/en\/wp-json\/wp\/v2\/types\/page"}],"author":[{"embeddable":true,"href":"https:\/\/easydem.com\/en\/wp-json\/wp\/v2\/users\/1"}],"replies":[{"embeddable":true,"href":"https:\/\/easydem.com\/en\/wp-json\/wp\/v2\/comments?post=964"}],"version-history":[{"count":3,"href":"https:\/\/easydem.com\/en\/wp-json\/wp\/v2\/pages\/964\/revisions"}],"predecessor-version":[{"id":967,"href":"https:\/\/easydem.com\/en\/wp-json\/wp\/v2\/pages\/964\/revisions\/967"}],"wp:attachment":[{"href":"https:\/\/easydem.com\/en\/wp-json\/wp\/v2\/media?parent=964"}],"curies":[{"name":"wp","href":"https:\/\/api.w.org\/{rel}","templated":true}]}}